{"id":1234,"date":"2017-05-18T16:04:51","date_gmt":"2017-05-18T13:04:51","guid":{"rendered":"https:\/\/www.bruntek.ro\/accesorii-inchidere\/"},"modified":"2018-06-21T23:33:53","modified_gmt":"2018-06-21T20:33:53","slug":"metal-roofing-accessories","status":"publish","type":"page","link":"https:\/\/www.bruntek.ro\/en\/metal-roofing-accessories\/","title":{"rendered":"Metal Roofing Accessories"},"content":{"rendered":"<p>[vc_row full_width=&#8221;stretch_row&#8221; css=&#8221;.vc_custom_1496069179242{background-image: url(https:\/\/www.bruntek.ro\/wp-content\/uploads\/2017\/05\/header-accesorii-de-inchidere.jpg?id=569) !important;background-position: center !important;background-repeat: no-repeat !important;background-size: cover !important;}&#8221; el_class=&#8221;page-head container-flex-items&#8221;][vc_column offset=&#8221;vc_col-lg-12 vc_col-md-12 vc_col-xs-12&#8243;][vc_column_text]<\/p>\n<h1 class=\"page-head-text\">Metal Roofing Accessories<\/h1>\n<p>[\/vc_column_text][\/vc_column][\/vc_row][vc_row el_class=&#8221;margin-top&#8221;][vc_column][vc_column_text]<\/p>\n<p class=\"bold-text semi-title\">Details<\/p>\n<p class=\"semi-title\">The metal roofing accessories are made of pre-painted or zinc-coated sheets, with thicknesses of at least 0.45mm, and up to 6000mm in length. Metal roofing accessories contribute to put into operation some finishing that make a difference.<\/p>\n<p class=\"bold-text semi-title\">Applicability<\/p>\n<p>BrunTek produces and provides the best selection of accessories for use in combination with our range of metal profiles.<\/p>\n<p class=\"bold-text semi-title\">Why BrunTek metal sheet accessories?<\/p>\n<ul class=\"origami-bullets\">\n<li>They provide resistance and durability to closures<\/li>\n<li>The sealing of the structures obtained through their use presents a major advantage especially in the countries with a continental climate with four distinct seasons<\/li>\n<li>Adaptable to your requirements<\/li>\n<\/ul>\n<p>[\/vc_column_text][\/vc_column][\/vc_row][vc_row el_class=&#8221;border-container&#8221;][vc_column][vc_raw_html el_class=&#8221;margin-bottom&#8221;]JTNDZGl2JTIwY2xhc3MlM0QlMjJjb250YWluZXIlMjBub3BhZGRpbmclMjIlM0UlM0NkaXYlMjBjbGFzcyUzRCUyMnJvdyUyMiUzRSUwQSUzQ2RpdiUyMGNsYXNzJTNEJTIyY29sLW1kLTV0aCUyMiUzRSUzQ3AlM0UlMjBTZW1pY2lyY3VsYXIlMjBjcmVzdCUyMCUzQyUyRnAlM0UlM0NpbWclMjBzcmMlM0QlMjIlMkZ3cC1jb250ZW50JTJGdXBsb2FkcyUyRjIwMTclMkYwNSUyRmNvYW1hLXNlbWlyb3R1bmRhLnBuZyUyMiUyMGFsdCUzRCUyMmNvYW1hJTIwc2VtaXJvdHVuZGElMjIlM0UlM0MlMkZkaXYlM0UlMEElM0NkaXYlMjBjbGFzcyUzRCUyMmNvbC1tZC01dGglMjIlM0UlM0NwJTNFJTIwUmlnaHQlMjBjcmVzdCUyMCUzQyUyRnAlM0UlM0NpbWclMjBzcmMlM0QlMjIlMkZ3cC1jb250ZW50JTJGdXBsb2FkcyUyRjIwMTclMkYwNSUyRmNvYW1hLWRyZWFwdGEucG5nJTIyJTIwYWx0JTNEJTIyY29hbWElMjBkcmVhcHRhJTIyJTNFJTNDJTJGZGl2JTNFJTBBJTNDZGl2JTIwY2xhc3MlM0QlMjJjb2wtbWQtNXRoJTIyJTNFJTNDcCUzRSUyMEdhYmxlJTIwYm9yZGVyJTIwJTNDJTJGcCUzRSUzQ2ltZyUyMHNyYyUzRCUyMiUyRndwLWNvbnRlbnQlMkZ1cGxvYWRzJTJGMjAxNyUyRjA1JTJGYm9yZHVyYS1mcm9udG9uLnBuZyUyMiUyMGFsdCUzRCUyMmJvcmR1cmElMjBmcm9udG9uJTIyJTNFJTNDJTJGZGl2JTNFJTBBJTNDZGl2JTIwY2xhc3MlM0QlMjJjb2wtbWQtNXRoJTIyJTNFJTNDcCUzRSUyMFNpZGUlMjBjbG9zdXJlJTIwJTNDJTJGcCUzRSUzQ2ltZyUyMHNyYyUzRCUyMiUyRndwLWNvbnRlbnQlMkZ1cGxvYWRzJTJGMjAxNyUyRjA1JTJGaW5jaGlkZXJlLWxhdGVyYWxhLnBuZyUyMiUyMGFsdCUzRCUyMmluY2hpZGVyZSUyMGxhdGVyYWxhJTIyJTNFJTNDJTJGZGl2JTNFJTBBJTNDZGl2JTIwY2xhc3MlM0QlMjJjb2wtbWQtNXRoJTIyJTNFJTNDcCUzRSUyMEZhc2NpYSUyMGd1dHRlcnMlMjAlM0MlMkZwJTNFJTNDaW1nJTIwc3JjJTNEJTIyJTJGd3AtY29udGVudCUyRnVwbG9hZHMlMkYyMDE3JTJGMDUlMkZwYXppZS1qZ2hlYWIucG5nJTIyJTIwYWx0JTNEJTIycGF6aWUlMjBqZ2hlYWIlMjIlM0UlM0MlMkZkaXYlM0UlMEElM0NkaXYlMjBjbGFzcyUzRCUyMmNsZWFyZml4JTIwaGVpZ2h0LXNwYWNlJTIyJTNFJTNDJTJGZGl2JTNFJTBBJTNDZGl2JTIwY2xhc3MlM0QlMjJjb2wtbWQtNXRoJTIyJTNFJTNDcCUzRSUyMEVhdmVzJTIwJTNDJTJGcCUzRSUzQ2ltZyUyMHNyYyUzRCUyMiUyRndwLWNvbnRlbnQlMkZ1cGxvYWRzJTJGMjAxNyUyRjA1JTJGZG9saWUucG5nJTIyJTIwYWx0JTNEJTIyZG9saWUlMjIlM0UlM0MlMkZkaXYlM0UlMEElM0NkaXYlMjBjbGFzcyUzRCUyMmNvbC1tZC01dGglMjIlM0UlM0NwJTNFJTIwV2FsbCUyMGNvbm5lY3Rpb24lMjAlM0MlMkZwJTNFJTNDaW1nJTIwc3JjJTNEJTIyJTJGd3AtY29udGVudCUyRnVwbG9hZHMlMkYyMDE3JTJGMDUlMkZyYWNvcmQtcGVyZXRlLnBuZyUyMiUyMGFsdCUzRCUyMnJhY29yZCUyMHBlcmV0ZSUyMiUzRSUzQyUyRmRpdiUzRSUwQSUzQ2RpdiUyMGNsYXNzJTNEJTIyY29sLW1kLTV0aCUyMiUzRSUzQ3AlM0UlMjBTbm93JTIwc3RvcHBlciUyMCUzQyUyRnAlM0UlM0NpbWclMjBzcmMlM0QlMjIlMkZ3cC1jb250ZW50JTJGdXBsb2FkcyUyRjIwMTclMkYwNSUyRnBhcmF6YXBhZGEucG5nJTIyJTIwYWx0JTNEJTIycGFyYXphcGFkYSUyMiUzRSUzQyUyRmRpdiUzRSUwQSUzQ2RpdiUyMGNsYXNzJTNEJTIyY29sLW1kLTV0aCUyMiUzRSUzQ3AlM0UlMjBIaWRkZW4lMjBndXR0ZXJzJTIwJTNDJTJGcCUzRSUzQ2ltZyUyMHNyYyUzRCUyMiUyRndwLWNvbnRlbnQlMkZ1cGxvYWRzJTJGMjAxNyUyRjA1JTJGamdoZWFiLWFzY3Vucy5wbmclMjIlMjBhbHQlM0QlMjJqZ2hlYWIlMjBhc2N1bnMlMjIlM0UlM0MlMkZkaXYlM0UlMEElM0NkaXYlMjBjbGFzcyUzRCUyMmNvbC1tZC01dGglMjIlM0UlM0NwJTNFJTIwUmFpbiUyMHNoYWRvdyUyMGJvcmRlciUyMCUzQyUyRnAlM0UlM0NpbWclMjBzcmMlM0QlMjIlMkZ3cC1jb250ZW50JTJGdXBsb2FkcyUyRjIwMTclMkYwNSUyRnNvcnQtc3RyZWFzaW5hLnBuZyUyMiUyMGFsdCUzRCUyMnNvcnQlMjBzdHJlYXNpbmElMjIlM0UlM0MlMkZkaXYlM0UlMEElM0MlMkZkaXYlM0UlM0MlMkZkaXYlM0U=[\/vc_raw_html][vc_raw_html el_class=&#8221;margin-bottom border-padding-top&#8221;]JTNDZGl2JTIwY2xhc3MlM0QlMjJjb250YWluZXIlMjBub3BhZGRpbmclMjIlM0UlM0NkaXYlMjBjbGFzcyUzRCUyMnJvdyUyMiUzRSUwQSUzQ2RpdiUyMGNsYXNzJTNEJTIyY29sLWxnLTEyJTIyJTNFJTNDcCUyMGNsYXNzJTNEJTIyYm9sZC10ZXh0JTIwc2VtaS10aXRsZSUyMiUzRSUyMEF2YWlsYWJsZSUyMGNvbG9ycyUyMCUzQyUyRnAlM0UlM0MlMkZkaXYlM0UlMEElM0NkaXYlMjBjbGFzcyUzRCUyMmNvbC1tZC0xMHRoJTIyJTNFJTNDaW1nJTIwc3JjJTNEJTIyJTJGd3AtY29udGVudCUyRnVwbG9hZHMlMkYyMDE4JTJGc3ZnJTJGcmFsMzAwNS5zdmclMjIlMjBhbHQlM0QlMjJjdWxvYXJlJTIwcmFsMzAwNSUyMiUzRSUzQ3AlM0VSQUwlMjAzMDA1JTNDJTJGcCUzRSUzQyUyRmRpdiUzRSUwQSUzQ2RpdiUyMGNsYXNzJTNEJTIyY29sLW1kLTEwdGglMjIlM0UlM0NpbWclMjBzcmMlM0QlMjIlMkZ3cC1jb250ZW50JTJGdXBsb2FkcyUyRjIwMTglMkZzdmclMkZyYWwzMDA5LnN2ZyUyMiUyMGFsdCUzRCUyMmN1bG9hcmUlMjByYWwzMDA5JTIyJTNFJTNDcCUzRVJBTCUyMDMwMDklM0MlMkZwJTNFJTNDJTJGZGl2JTNFJTBBJTNDZGl2JTIwY2xhc3MlM0QlMjJjb2wtbWQtMTB0aCUyMiUzRSUzQ2ltZyUyMHNyYyUzRCUyMiUyRndwLWNvbnRlbnQlMkZ1cGxvYWRzJTJGMjAxOCUyRnN2ZyUyRnJhbDMwMTEuc3ZnJTIyJTIwYWx0JTNEJTIyY3Vsb2FyZSUyMHJhbDMwMTElMjIlM0UlM0NwJTNFUkFMJTIwMzAxMSUzQyUyRnAlM0UlM0MlMkZkaXYlM0UlMEElM0NkaXYlMjBjbGFzcyUzRCUyMmNvbC1tZC0xMHRoJTIyJTNFJTNDaW1nJTIwc3JjJTNEJTIyJTJGd3AtY29udGVudCUyRnVwbG9hZHMlMkYyMDE4JTJGc3ZnJTJGcmFsNTAxMC5zdmclMjIlMjBhbHQlM0QlMjJjdWxvYXJlJTIwcmFsNTAxMCUyMiUzRSUzQ3AlM0VSQUwlMjA1MDEwJTNDJTJGcCUzRSUzQyUyRmRpdiUzRSUwQSUzQ2RpdiUyMGNsYXNzJTNEJTIyY29sLW1kLTEwdGglMjIlM0UlM0NpbWclMjBzcmMlM0QlMjIlMkZ3cC1jb250ZW50JTJGdXBsb2FkcyUyRjIwMTglMkZzdmclMkZyYWw2MDA1LnN2ZyUyMiUyMGFsdCUzRCUyMmN1bG9hcmUlMjByYWw2MDA1JTIyJTNFJTNDcCUzRVJBTCUyMDYwMDUlM0MlMkZwJTNFJTNDJTJGZGl2JTNFJTBBJTNDZGl2JTIwY2xhc3MlM0QlMjJjb2wtbWQtMTB0aCUyMiUzRSUzQ2ltZyUyMHNyYyUzRCUyMiUyRndwLWNvbnRlbnQlMkZ1cGxvYWRzJTJGMjAxOCUyRnN2ZyUyRnJhbDYwMjAuc3ZnJTIyJTIwYWx0JTNEJTIyY3Vsb2FyZSUyMHJhbDYwMjAlMjIlM0UlM0NwJTNFUkFMJTIwNjAyMCUzQyUyRnAlM0UlM0MlMkZkaXYlM0UlMEElM0NkaXYlMjBjbGFzcyUzRCUyMmNvbC1tZC0xMHRoJTIyJTNFJTNDaW1nJTIwc3JjJTNEJTIyJTJGd3AtY29udGVudCUyRnVwbG9hZHMlMkYyMDE4JTJGc3ZnJTJGcmFsNzAyNC5zdmclMjIlMjBhbHQlM0QlMjJjdWxvYXJlJTIwcmFsNzAyNCUyMiUzRSUzQ3AlM0VSQUwlMjA3MDI0JTNDJTJGcCUzRSUzQyUyRmRpdiUzRSUwQSUzQ2RpdiUyMGNsYXNzJTNEJTIyY29sLW1kLTEwdGglMjIlM0UlM0NpbWclMjBzcmMlM0QlMjIlMkZ3cC1jb250ZW50JTJGdXBsb2FkcyUyRjIwMTglMkZzdmclMkZyYWw4MDA0LnN2ZyUyMiUyMGFsdCUzRCUyMmN1bG9hcmUlMjByYWw4MDA0JTIyJTNFJTNDcCUzRVJBTCUyMDgwMDQlM0MlMkZwJTNFJTNDJTJGZGl2JTNFJTBBJTNDZGl2JTIwY2xhc3MlM0QlMjJjb2wtbWQtMTB0aCUyMiUzRSUzQ2ltZyUyMHNyYyUzRCUyMiUyRndwLWNvbnRlbnQlMkZ1cGxvYWRzJTJGMjAxOCUyRnN2ZyUyRnJhbDgwMTcuc3ZnJTIyJTIwYWx0JTNEJTIyY3Vsb2FyZSUyMHJhbDgwMTclMjIlM0UlM0NwJTNFUkFMJTIwODAxNyUzQyUyRnAlM0UlM0MlMkZkaXYlM0UlMEElM0NkaXYlMjBjbGFzcyUzRCUyMmNvbC1tZC0xMHRoJTIyJTNFJTNDaW1nJTIwc3JjJTNEJTIyJTJGd3AtY29udGVudCUyRnVwbG9hZHMlMkYyMDE4JTJGc3ZnJTJGcmFsODAxOS5zdmclMjIlMjBhbHQlM0QlMjJjdWxvYXJlJTIwcmFsODAxOSUyMiUzRSUzQ3AlM0VSQUwlMjA4MDE5JTNDJTJGcCUzRSUzQyUyRmRpdiUzRSUwQSUzQ2RpdiUyMGNsYXNzJTNEJTIyY29sLW1kLTEwdGglMjIlM0UlM0NpbWclMjBzcmMlM0QlMjIlMkZ3cC1jb250ZW50JTJGdXBsb2FkcyUyRjIwMTglMkZzdmclMkZyYWw5MDAyLnN2ZyUyMiUyMGFsdCUzRCUyMmN1bG9hcmUlMjByYWw5MDAyJTIyJTNFJTNDcCUzRVJBTCUyMDkwMDIlM0MlMkZwJTNFJTNDJTJGZGl2JTNFJTBBJTNDZGl2JTIwY2xhc3MlM0QlMjJjb2wtbWQtMTB0aCUyMiUzRSUzQ2ltZyUyMHNyYyUzRCUyMiUyRndwLWNvbnRlbnQlMkZ1cGxvYWRzJTJGMjAxOCUyRnN2ZyUyRnJhbDkwMDUuc3ZnJTIyJTIwYWx0JTNEJTIyY3Vsb2FyZSUyMHJhbDkwMDUlMjIlM0UlM0NwJTNFUkFMJTIwOTAwNSUzQyUyRnAlM0UlM0MlMkZkaXYlM0UlMEElM0NkaXYlMjBjbGFzcyUzRCUyMmNvbC1tZC0xMHRoJTIyJTNFJTNDaW1nJTIwc3JjJTNEJTIyJTJGd3AtY29udGVudCUyRnVwbG9hZHMlMkYyMDE4JTJGc3ZnJTJGcmFsOTAwNi5zdmclMjIlMjBhbHQlM0QlMjJjdWxvYXJlJTIwcmFsOTAwNiUyMiUzRSUzQ3AlM0VSQUwlMjA5MDA2JTNDJTJGcCUzRSUzQyUyRmRpdiUzRSUwQSUzQyUyRmRpdiUzRSUzQyUyRmRpdiUzRQ==[\/vc_raw_html][vc_raw_html el_class=&#8221;border-padding-top&#8221;]JTNDZGl2JTIwY2xhc3MlM0QlMjJjb250YWluZXIlMjBub3BhZGRpbmclMjIlM0UlM0NkaXYlMjBjbGFzcyUzRCUyMnJvdyUyMiUzRSUwQSUzQ2RpdiUyMGNsYXNzJTNEJTIyY29sLWxnLTEyJTIyJTNFJTNDcCUyMGNsYXNzJTNEJTIyYm9sZC10ZXh0JTIwc2VtaS10aXRsZSUyMiUzRSUyMFRlY2huaWNhbCUyMGRldGFpbHMlMjAlM0MlMkZwJTNFJTNDJTJGZGl2JTNFJTBBJTNDJTJGZGl2JTNFJTNDJTJGZGl2JTNF[\/vc_raw_html][vc_row_inner el_class=&#8221;half-padding&#8221;][vc_column_inner width=&#8221;1\/3&#8243;][vc_column_text]<\/p>\n<p class=\"bold-text grey-text\">Material<\/p>\n<p>[\/vc_column_text][\/vc_column_inner][vc_column_inner width=&#8221;2\/3&#8243;][vc_column_text]Steel sheet, galvanized on both sides protected by polyester[\/vc_column_text][\/vc_column_inner][\/vc_row_inner][vc_row_inner el_class=&#8221;half-padding&#8221;][vc_column_inner width=&#8221;1\/3&#8243;][vc_column_text]<\/p>\n<p class=\"bold-text grey-text\">Rated thickness<\/p>\n<p>[\/vc_column_text][\/vc_column_inner][vc_column_inner width=&#8221;2\/3&#8243;][vc_column_text]0,4 &#8211; 0,5 mm[\/vc_column_text][\/vc_column_inner][\/vc_row_inner][vc_row_inner el_class=&#8221;half-padding&#8221;][vc_column_inner width=&#8221;1\/3&#8243;][vc_column_text]<\/p>\n<p class=\"bold-text grey-text\">Surface weight<\/p>\n<p>[\/vc_column_text][\/vc_column_inner][vc_column_inner width=&#8221;2\/3&#8243;][vc_column_text]4,5 kg \/ m2[\/vc_column_text][\/vc_column_inner][\/vc_row_inner][vc_row_inner el_class=&#8221;half-padding&#8221;][vc_column_inner width=&#8221;1\/3&#8243;][vc_column_text]<\/p>\n<p class=\"bold-text grey-text\">Glossy finish warranty<\/p>\n<p>[\/vc_column_text][\/vc_column_inner][vc_column_inner width=&#8221;2\/3&#8243;][vc_column_text]10-year warranty for color characteristics and corrosion[\/vc_column_text][\/vc_column_inner][\/vc_row_inner][vc_row_inner el_class=&#8221;half-padding&#8221;][vc_column_inner width=&#8221;1\/3&#8243;][vc_column_text]<\/p>\n<p class=\"bold-text grey-text\">Matte finish warranty<\/p>\n<p>[\/vc_column_text][\/vc_column_inner][vc_column_inner width=&#8221;2\/3&#8243;][vc_column_text]15-year warranty for color characteristics and corrosion[\/vc_column_text][\/vc_column_inner][\/vc_row_inner][vc_row_inner el_class=&#8221;half-padding&#8221;][vc_column_inner width=&#8221;1\/3&#8243;][vc_column_text]<\/p>\n<p class=\"bold-text grey-text\">Quartz finish warranty<\/p>\n<p>[\/vc_column_text][\/vc_column_inner][vc_column_inner width=&#8221;2\/3&#8243;][vc_column_text]35-year warranty for color characteristics and corrosion[\/vc_column_text][\/vc_column_inner][\/vc_row_inner][vc_row_inner el_class=&#8221;margin-bottom&#8221;][vc_column_inner width=&#8221;1\/3&#8243;][vc_column_text]<\/p>\n<p class=\"bold-text grey-text\">Lifetime<\/p>\n<p>[\/vc_column_text][\/vc_column_inner][vc_column_inner width=&#8221;2\/3&#8243;][vc_column_text]50 to 60 years[\/vc_column_text][\/vc_column_inner][\/vc_row_inner][vc_raw_html el_class=&#8221;margin-top-bottom border-padding-top nodisplay&#8221;]JTNDZGl2JTIwY2xhc3MlM0QlMjJjb250YWluZXIlMjBub3BhZGRpbmclMjIlM0UlM0NkaXYlMjBjbGFzcyUzRCUyMnJvdyUyMiUzRSUwQSUzQ2RpdiUyMGNsYXNzJTNEJTIyY29sLWxnLTEyJTIyJTNFJTNDcCUyMGNsYXNzJTNEJTIyYm9sZC10ZXh0JTIwc2VtaS10aXRsZSUyMiUzRUZpc2ElMjB0ZWhuaWNhJTNDJTJGcCUzRSUzQyUyRmRpdiUzRSUwQSUzQ2RpdiUyMGNsYXNzJTNEJTIyY29sLW1kLTEwdGglMjIlM0UlM0NhJTIwaHJlZiUzRCUyMiUyMyUyMiUzRSUzQ2ltZyUyMHNyYyUzRCUyMiUyRndwLWNvbnRlbnQlMkZ1cGxvYWRzJTJGMjAxNyUyRnN2ZyUyRmZpc2EtdGVobmljYS1pY29uLnN2ZyUyMiUyMGFsdCUzRCUyMmZpc2ElMjB0ZWhuaWNhJTIwaWNvbiUyMiUzRSUzQyUyRmElM0UlM0MlMkZkaXYlM0UlMEElM0NkaXYlMjBjbGFzcyUzRCUyMmNvbC1tZC0xMHRoJTIyJTNFJTNDJTJGZGl2JTNFJTBBJTNDZGl2JTIwY2xhc3MlM0QlMjJjb2wtbWQtMTB0aCUyMiUzRSUzQyUyRmRpdiUzRSUwQSUzQ2RpdiUyMGNsYXNzJTNEJTIyY29sLW1kLTEwdGglMjIlM0UlM0MlMkZkaXYlM0UlMEElM0NkaXYlMjBjbGFzcyUzRCUyMmNvbC1tZC0xMHRoJTIyJTNFJTNDJTJGZGl2JTNFJTBBJTNDZGl2JTIwY2xhc3MlM0QlMjJjb2wtbWQtMTB0aCUyMiUzRSUzQyUyRmRpdiUzRSUwQSUzQ2RpdiUyMGNsYXNzJTNEJTIyY29sLW1kLTEwdGglMjIlM0UlM0MlMkZkaXYlM0UlMEElM0NkaXYlMjBjbGFzcyUzRCUyMmNvbC1tZC0xMHRoJTIyJTNFJTNDJTJGZGl2JTNFJTBBJTNDZGl2JTIwY2xhc3MlM0QlMjJjb2wtbWQtMTB0aCUyMiUzRSUzQyUyRmRpdiUzRSUwQSUzQ2RpdiUyMGNsYXNzJTNEJTIyY29sLW1kLTEwdGglMjIlM0UlM0MlMkZkaXYlM0UlMEElM0MlMkZkaXYlM0UlM0MlMkZkaXYlM0U=[\/vc_raw_html][\/vc_column][\/vc_row]<\/p>\n","protected":false},"excerpt":{"rendered":"<p>[vc_row full_width=&#8221;stretch_row&#8221; css=&#8221;.vc_custom_1496069179242{background-image: url(https:\/\/www.bruntek.ro\/wp-content\/uploads\/2017\/05\/header-accesorii-de-inchidere.jpg?id=569) !important;background-position: center !important;background-repeat: no-repeat !important;background-size: cover !important;}&#8221; el_class=&#8221;page-head container-flex-items&#8221;][vc_column offset=&#8221;vc_col-lg-12 vc_col-md-12 vc_col-xs-12&#8243;][vc_column_text] Metal Roofing Accessories [\/vc_column_text][\/vc_column][\/vc_row][vc_row el_class=&#8221;margin-top&#8221;][vc_column][vc_column_text] Details The metal roofing accessories are made of pre-painted or zinc-coated sheets, with thicknesses of at least 0.45mm, and up to 6000mm in length. Metal roofing accessories contribute to put into operation some finishing [&#8230;]<\/p>\n<p><a class=\"btn btn-secondary understrap-read-more-link\" href=\"https:\/\/www.bruntek.ro\/en\/metal-roofing-accessories\/\">Read More&#8230;<\/a><\/p>\n","protected":false},"author":5,"featured_media":0,"parent":0,"menu_order":0,"comment_status":"closed","ping_status":"closed","template":"page-templates\/fullwidthpage.php","meta":{"footnotes":""},"class_list":["post-1234","page","type-page","status-publish","hentry"],"yoast_head":"<!-- This site is optimized with the Yoast SEO plugin v26.0 - https:\/\/yoast.com\/wordpress\/plugins\/seo\/ -->\n<title>Metal Roofing Accessories - Bruntek - Produc\u0103tor de \u021aigl\u0103 metalic\u0103, Tabl\u0103 Cutat\u0103 \u0219i Accesorii pentru acoperi\u0219uri<\/title>\n<meta name=\"description\" content=\"The metal roofing accessories are made of pre-painted or zinc-coated sheets, with thicknesses of at least 0.45mm, and up to 6000mm in length. Metal roofing accessories contribute to put into operation some finishing that make a difference.\" \/>\n<meta name=\"robots\" content=\"index, follow, max-snippet:-1, max-image-preview:large, max-video-preview:-1\" \/>\n<link rel=\"canonical\" href=\"https:\/\/www.bruntek.ro\/en\/metal-roofing-accessories\/\" \/>\n<meta property=\"og:locale\" content=\"en_US\" \/>\n<meta property=\"og:type\" content=\"article\" \/>\n<meta property=\"og:title\" content=\"Metal Roofing Accessories - Bruntek - Produc\u0103tor de \u021aigl\u0103 metalic\u0103, Tabl\u0103 Cutat\u0103 \u0219i Accesorii pentru acoperi\u0219uri\" \/>\n<meta property=\"og:description\" content=\"The metal roofing accessories are made of pre-painted or zinc-coated sheets, with thicknesses of at least 0.45mm, and up to 6000mm in length. Metal roofing accessories contribute to put into operation some finishing that make a difference.\" \/>\n<meta property=\"og:url\" content=\"https:\/\/www.bruntek.ro\/en\/metal-roofing-accessories\/\" \/>\n<meta property=\"og:site_name\" content=\"Bruntek - Produc\u0103tor de \u021aigl\u0103 metalic\u0103, Tabl\u0103 Cutat\u0103 \u0219i Accesorii pentru acoperi\u0219uri\" \/>\n<meta property=\"article:publisher\" content=\"https:\/\/www.facebook.com\/office.bruntek.ro\/\" \/>\n<meta property=\"article:modified_time\" content=\"2018-06-21T20:33:53+00:00\" \/>\n<meta name=\"twitter:card\" content=\"summary_large_image\" \/>\n<meta name=\"twitter:label1\" content=\"Est. reading time\" \/>\n\t<meta name=\"twitter:data1\" content=\"5 minutes\" \/>\n<script type=\"application\/ld+json\" class=\"yoast-schema-graph\">{\"@context\":\"https:\/\/schema.org\",\"@graph\":[{\"@type\":\"WebPage\",\"@id\":\"https:\/\/www.bruntek.ro\/en\/metal-roofing-accessories\/\",\"url\":\"https:\/\/www.bruntek.ro\/en\/metal-roofing-accessories\/\",\"name\":\"Metal Roofing Accessories - Bruntek - Produc\u0103tor de \u021aigl\u0103 metalic\u0103, Tabl\u0103 Cutat\u0103 \u0219i Accesorii pentru acoperi\u0219uri\",\"isPartOf\":{\"@id\":\"https:\/\/www.bruntek.ro\/#website\"},\"datePublished\":\"2017-05-18T13:04:51+00:00\",\"dateModified\":\"2018-06-21T20:33:53+00:00\",\"description\":\"The metal roofing accessories are made of pre-painted or zinc-coated sheets, with thicknesses of at least 0.45mm, and up to 6000mm in length. Metal roofing accessories contribute to put into operation some finishing that make a difference.\",\"breadcrumb\":{\"@id\":\"https:\/\/www.bruntek.ro\/en\/metal-roofing-accessories\/#breadcrumb\"},\"inLanguage\":\"en-US\",\"potentialAction\":[{\"@type\":\"ReadAction\",\"target\":[\"https:\/\/www.bruntek.ro\/en\/metal-roofing-accessories\/\"]}]},{\"@type\":\"BreadcrumbList\",\"@id\":\"https:\/\/www.bruntek.ro\/en\/metal-roofing-accessories\/#breadcrumb\",\"itemListElement\":[{\"@type\":\"ListItem\",\"position\":1,\"name\":\"Prima pagin\u0103\",\"item\":\"https:\/\/www.bruntek.ro\/en\/\"},{\"@type\":\"ListItem\",\"position\":2,\"name\":\"Metal Roofing Accessories\"}]},{\"@type\":\"WebSite\",\"@id\":\"https:\/\/www.bruntek.ro\/#website\",\"url\":\"https:\/\/www.bruntek.ro\/\",\"name\":\"Bruntek - Produc\u0103tor de \u021aigl\u0103 metalic\u0103, Tabl\u0103 Cutat\u0103 \u0219i Accesorii pentru acoperi\u0219uri\",\"description\":\"\",\"publisher\":{\"@id\":\"https:\/\/www.bruntek.ro\/#organization\"},\"potentialAction\":[{\"@type\":\"SearchAction\",\"target\":{\"@type\":\"EntryPoint\",\"urlTemplate\":\"https:\/\/www.bruntek.ro\/?s={search_term_string}\"},\"query-input\":{\"@type\":\"PropertyValueSpecification\",\"valueRequired\":true,\"valueName\":\"search_term_string\"}}],\"inLanguage\":\"en-US\"},{\"@type\":\"Organization\",\"@id\":\"https:\/\/www.bruntek.ro\/#organization\",\"name\":\"Bruntek\",\"url\":\"https:\/\/www.bruntek.ro\/\",\"logo\":{\"@type\":\"ImageObject\",\"inLanguage\":\"en-US\",\"@id\":\"https:\/\/www.bruntek.ro\/#\/schema\/logo\/image\/\",\"url\":\"https:\/\/i2.wp.com\/www.bruntek.ro\/wp-content\/uploads\/2017\/05\/bruntek-logo.png?fit=280%2C84&ssl=1\",\"contentUrl\":\"https:\/\/i2.wp.com\/www.bruntek.ro\/wp-content\/uploads\/2017\/05\/bruntek-logo.png?fit=280%2C84&ssl=1\",\"width\":280,\"height\":84,\"caption\":\"Bruntek\"},\"image\":{\"@id\":\"https:\/\/www.bruntek.ro\/#\/schema\/logo\/image\/\"},\"sameAs\":[\"https:\/\/www.facebook.com\/office.bruntek.ro\/\"]}]}<\/script>\n<!-- \/ Yoast SEO plugin. -->","yoast_head_json":{"title":"Metal Roofing Accessories - Bruntek - Produc\u0103tor de \u021aigl\u0103 metalic\u0103, Tabl\u0103 Cutat\u0103 \u0219i Accesorii pentru acoperi\u0219uri","description":"The metal roofing accessories are made of pre-painted or zinc-coated sheets, with thicknesses of at least 0.45mm, and up to 6000mm in length. Metal roofing accessories contribute to put into operation some finishing that make a difference.","robots":{"index":"index","follow":"follow","max-snippet":"max-snippet:-1","max-image-preview":"max-image-preview:large","max-video-preview":"max-video-preview:-1"},"canonical":"https:\/\/www.bruntek.ro\/en\/metal-roofing-accessories\/","og_locale":"en_US","og_type":"article","og_title":"Metal Roofing Accessories - Bruntek - Produc\u0103tor de \u021aigl\u0103 metalic\u0103, Tabl\u0103 Cutat\u0103 \u0219i Accesorii pentru acoperi\u0219uri","og_description":"The metal roofing accessories are made of pre-painted or zinc-coated sheets, with thicknesses of at least 0.45mm, and up to 6000mm in length. Metal roofing accessories contribute to put into operation some finishing that make a difference.","og_url":"https:\/\/www.bruntek.ro\/en\/metal-roofing-accessories\/","og_site_name":"Bruntek - Produc\u0103tor de \u021aigl\u0103 metalic\u0103, Tabl\u0103 Cutat\u0103 \u0219i Accesorii pentru acoperi\u0219uri","article_publisher":"https:\/\/www.facebook.com\/office.bruntek.ro\/","article_modified_time":"2018-06-21T20:33:53+00:00","twitter_card":"summary_large_image","twitter_misc":{"Est. reading time":"5 minutes"},"schema":{"@context":"https:\/\/schema.org","@graph":[{"@type":"WebPage","@id":"https:\/\/www.bruntek.ro\/en\/metal-roofing-accessories\/","url":"https:\/\/www.bruntek.ro\/en\/metal-roofing-accessories\/","name":"Metal Roofing Accessories - Bruntek - Produc\u0103tor de \u021aigl\u0103 metalic\u0103, Tabl\u0103 Cutat\u0103 \u0219i Accesorii pentru acoperi\u0219uri","isPartOf":{"@id":"https:\/\/www.bruntek.ro\/#website"},"datePublished":"2017-05-18T13:04:51+00:00","dateModified":"2018-06-21T20:33:53+00:00","description":"The metal roofing accessories are made of pre-painted or zinc-coated sheets, with thicknesses of at least 0.45mm, and up to 6000mm in length. Metal roofing accessories contribute to put into operation some finishing that make a difference.","breadcrumb":{"@id":"https:\/\/www.bruntek.ro\/en\/metal-roofing-accessories\/#breadcrumb"},"inLanguage":"en-US","potentialAction":[{"@type":"ReadAction","target":["https:\/\/www.bruntek.ro\/en\/metal-roofing-accessories\/"]}]},{"@type":"BreadcrumbList","@id":"https:\/\/www.bruntek.ro\/en\/metal-roofing-accessories\/#breadcrumb","itemListElement":[{"@type":"ListItem","position":1,"name":"Prima pagin\u0103","item":"https:\/\/www.bruntek.ro\/en\/"},{"@type":"ListItem","position":2,"name":"Metal Roofing Accessories"}]},{"@type":"WebSite","@id":"https:\/\/www.bruntek.ro\/#website","url":"https:\/\/www.bruntek.ro\/","name":"Bruntek - Produc\u0103tor de \u021aigl\u0103 metalic\u0103, Tabl\u0103 Cutat\u0103 \u0219i Accesorii pentru acoperi\u0219uri","description":"","publisher":{"@id":"https:\/\/www.bruntek.ro\/#organization"},"potentialAction":[{"@type":"SearchAction","target":{"@type":"EntryPoint","urlTemplate":"https:\/\/www.bruntek.ro\/?s={search_term_string}"},"query-input":{"@type":"PropertyValueSpecification","valueRequired":true,"valueName":"search_term_string"}}],"inLanguage":"en-US"},{"@type":"Organization","@id":"https:\/\/www.bruntek.ro\/#organization","name":"Bruntek","url":"https:\/\/www.bruntek.ro\/","logo":{"@type":"ImageObject","inLanguage":"en-US","@id":"https:\/\/www.bruntek.ro\/#\/schema\/logo\/image\/","url":"https:\/\/i2.wp.com\/www.bruntek.ro\/wp-content\/uploads\/2017\/05\/bruntek-logo.png?fit=280%2C84&ssl=1","contentUrl":"https:\/\/i2.wp.com\/www.bruntek.ro\/wp-content\/uploads\/2017\/05\/bruntek-logo.png?fit=280%2C84&ssl=1","width":280,"height":84,"caption":"Bruntek"},"image":{"@id":"https:\/\/www.bruntek.ro\/#\/schema\/logo\/image\/"},"sameAs":["https:\/\/www.facebook.com\/office.bruntek.ro\/"]}]}},"jetpack_sharing_enabled":true,"_links":{"self":[{"href":"https:\/\/www.bruntek.ro\/en\/wp-json\/wp\/v2\/pages\/1234\/"}],"collection":[{"href":"https:\/\/www.bruntek.ro\/en\/wp-json\/wp\/v2\/pages\/"}],"about":[{"href":"https:\/\/www.bruntek.ro\/en\/wp-json\/wp\/v2\/types\/page\/"}],"author":[{"embeddable":true,"href":"https:\/\/www.bruntek.ro\/en\/wp-json\/wp\/v2\/users\/5\/"}],"replies":[{"embeddable":true,"href":"https:\/\/www.bruntek.ro\/en\/wp-json\/wp\/v2\/comments\/?post=1234"}],"version-history":[{"count":6,"href":"https:\/\/www.bruntek.ro\/en\/wp-json\/wp\/v2\/pages\/1234\/revisions\/"}],"predecessor-version":[{"id":1238,"href":"https:\/\/www.bruntek.ro\/en\/wp-json\/wp\/v2\/pages\/1234\/revisions\/1238\/"}],"wp:attachment":[{"href":"https:\/\/www.bruntek.ro\/en\/wp-json\/wp\/v2\/media\/?parent=1234"}],"curies":[{"name":"wp","href":"https:\/\/api.w.org\/{rel}","templated":true}]}}