{"id":1208,"date":"2018-02-17T16:37:20","date_gmt":"2018-02-17T14:37:20","guid":{"rendered":"https:\/\/www.bruntek.ro\/tigla-metalica\/"},"modified":"2018-06-22T23:16:58","modified_gmt":"2018-06-22T20:16:58","slug":"metal-tile","status":"publish","type":"page","link":"https:\/\/www.bruntek.ro\/en\/metal-tile\/","title":{"rendered":"Metal Tile"},"content":{"rendered":"<p>[vc_row full_width=&#8221;stretch_row&#8221; css=&#8221;.vc_custom_1525332850284{background-image: url(https:\/\/www.bruntek.ro\/wp-content\/uploads\/2018\/05\/Header-Tigla-Metalica.jpg?id=721) !important;background-position: center !important;background-repeat: no-repeat !important;background-size: cover !important;}&#8221; el_class=&#8221;page-head container-flex-items&#8221;][vc_column offset=&#8221;vc_col-lg-12 vc_col-md-12 vc_col-xs-12&#8243;][vc_column_text]<\/p>\n<h1 class=\"page-head-text\">Metal Tile<\/h1>\n<p>[\/vc_column_text][\/vc_column][\/vc_row][vc_row full_width=&#8221;stretch_row&#8221; el_class=&#8221;margin-top&#8221;][vc_column offset=&#8221;vc_col-lg-6 vc_col-md-6 vc_col-xs-12&#8243; el_class=&#8221;margin-bottom&#8221;][vc_column_text]BrunTek metal tile, our new top product, brings an original touch to any type of construction. It is the fastest, safest and most modern roof solution due to its distinctive design and technical details.<\/p>\n<p>BrunTek metal tile has a three-dimensional design. The last generation profiling, manufactured in 2018, gives an asset in terms of perfect fitting of metal tile panels. Its capillarity ensures maximum sealing, so the construction will keep its timeless air.[\/vc_column_text][\/vc_column][vc_column offset=&#8221;vc_col-lg-6 vc_col-md-6 vc_col-xs-12&#8243; el_class=&#8221;margin-bottom&#8221;][vc_single_image image=&#8221;744&#8243; img_size=&#8221;full&#8221; alignment=&#8221;right&#8221; css=&#8221;.vc_custom_1525336915244{padding-right: 20px !important;}&#8221;][\/vc_column][\/vc_row][vc_row full_width=&#8221;stretch_row&#8221; el_class=&#8221;margin-bottom&#8221;][vc_column][vc_column_text]<\/p>\n<p class=\"bold-text semi-title\">The Advantages of Using Metal Tile<\/p>\n<ul class=\"origami-bullets\">\n<li><strong> Durability.<\/strong> Metal roof tiles are known to have a very long lifespan, which is a good investment for many generations. Cutting maintenance costs gives you long-term satisfaction<\/li>\n<li><strong> Excellent drainage capacity. <\/strong> Due to the profiling with drainage channels, this new type of metal tile is different due to its important advantages such as increased rigidity and excellent drainage capacity.<\/li>\n<li><strong> Easy installation. <\/strong>The process of installing the corrugated steel sheet on any type of roof is quite simple. This does not require any curing activity, it is only necessary to carry out the operation of drawing and positioning the metal tile panels and screwing the woodscrews<\/li>\n<li><strong>The geometry<\/strong> of the profile allows the panels to be profiled up to a maximum length of 4690 mm<\/li>\n<\/ul>\n<p>[\/vc_column_text][\/vc_column][\/vc_row][vc_row el_class=&#8221;border-container&#8221;][vc_column][vc_raw_html el_class=&#8221;margin-bottom&#8221;]JTNDZGl2JTIwY2xhc3MlM0QlMjJjb250YWluZXIlMjBub3BhZGRpbmclMjIlM0UlMEElM0NkaXYlMjBjbGFzcyUzRCUyMnJvdyUyMiUzRSUwQSUzQ2RpdiUyMGNsYXNzJTNEJTIyY29sLWxnLTEyJTIyJTNFJTNDcCUyMHN0eWxlJTNEJTIyZGlzcGxheSUzQW5vbmUlMjIlMjBjbGFzcyUzRCUyMmJvbGQtdGV4dCUyMHNlbWktdGl0bGUlMjIlM0VQcm9maWx1cmklMjBkaXNwb25pYmlsZSUzQyUyRnAlM0UlM0MlMkZkaXYlM0UlMEElM0NkaXYlMjBjbGFzcyUzRCUyMmNvbC1tZC0xMHRoJTIyJTNFJTNDaW1nJTIwc3R5bGUlM0QlMjJkaXNwbGF5JTNBbm9uZSUyMiUyMHNyYyUzRCUyMiUyRndwLWNvbnRlbnQlMkZ1cGxvYWRzJTJGMjAxNyUyRnN2ZyUyRnByb2ZpbC10MTguc3ZnJTIyJTIwYWx0JTNEJTIycHJvZmlsJTIwY2xhc2ljJTIwdGlnbGElMjBtZXRhbGljYSUyMiUzRSUzQyUyRmRpdiUzRSUwQSUzQ2RpdiUyMGNsYXNzJTNEJTIyY29sLW1kLTEwdGglMjIlM0UlM0MlMkZkaXYlM0UlMEElM0NkaXYlMjBjbGFzcyUzRCUyMmNvbC1tZC0xMHRoJTIyJTNFJTNDJTJGZGl2JTNFJTBBJTNDZGl2JTIwY2xhc3MlM0QlMjJjb2wtbWQtMTB0aCUyMiUzRSUzQyUyRmRpdiUzRSUwQSUzQ2RpdiUyMGNsYXNzJTNEJTIyY29sLW1kLTEwdGglMjIlM0UlM0MlMkZkaXYlM0UlMEElM0NkaXYlMjBjbGFzcyUzRCUyMmNvbC1tZC0xMHRoJTIyJTNFJTNDJTJGZGl2JTNFJTBBJTNDZGl2JTIwY2xhc3MlM0QlMjJjb2wtbWQtMTB0aCUyMiUzRSUzQyUyRmRpdiUzRSUwQSUzQ2RpdiUyMGNsYXNzJTNEJTIyY29sLW1kLTEwdGglMjIlM0UlM0MlMkZkaXYlM0UlMEElM0NkaXYlMjBjbGFzcyUzRCUyMmNvbC1tZC0xMHRoJTIyJTNFJTNDJTJGZGl2JTNFJTBBJTNDZGl2JTIwY2xhc3MlM0QlMjJjb2wtbWQtMTB0aCUyMiUzRSUzQyUyRmRpdiUzRSUwQSUzQyUyRmRpdiUzRSUzQyUyRmRpdiUzRQ==[\/vc_raw_html][vc_raw_html el_class=&#8221;margin-bottom border-padding-top&#8221;]JTNDZGl2JTIwY2xhc3MlM0QlMjJjb250YWluZXIlMjBub3BhZGRpbmclMjIlM0UlM0NkaXYlMjBjbGFzcyUzRCUyMnJvdyUyMiUzRSUwQSUzQ2RpdiUyMGNsYXNzJTNEJTIyY29sLWxnLTEyJTIyJTNFJTNDcCUyMGNsYXNzJTNEJTIyYm9sZC10ZXh0JTIwc2VtaS10aXRsZSUyMiUzRVRlY2huaWNhbCUyMGRyYXdpbmclM0MlMkZwJTNFJTNDJTJGZGl2JTNFJTBBJTNDZGl2JTIwY2xhc3MlM0QlMjJjb2wtbGctMTIlMjIlM0UlM0NpbWclMjBzcmMlM0QlMjIlMkZ3cC1jb250ZW50JTJGdXBsb2FkcyUyRjIwMTglMkYwMiUyRnRpZ2xhLW1ldGFsaWNhLWJydW50ZWstc2NoZW1hLXRlaG5pY2EucG5nJTIyJTIwYWx0JTNEJTIyc2NoZW1hJTIwdGVobmljYSUyMHRpZ2xhJTIwbWV0YWxpY2ElMjIlM0UlM0MlMkZkaXYlM0UlMEElM0MlMkZkaXYlM0UlM0MlMkZkaXYlM0U=[\/vc_raw_html][vc_raw_html el_class=&#8221;margin-bottom border-padding-top&#8221;]JTNDZGl2JTIwY2xhc3MlM0QlMjJjb250YWluZXIlMjBub3BhZGRpbmclMjIlM0UlM0NkaXYlMjBjbGFzcyUzRCUyMnJvdyUyMiUzRSUwQSUzQ2RpdiUyMGNsYXNzJTNEJTIyY29sLWxnLTEyJTIyJTNFJTNDcCUyMGNsYXNzJTNEJTIyYm9sZC10ZXh0JTIwc2VtaS10aXRsZSUyMiUzRSUyMEF2YWlsYWJsZSUyMENvbG91cnMlMjAlM0MlMkZwJTNFJTNDJTJGZGl2JTNFJTBBJTNDZGl2JTIwY2xhc3MlM0QlMjJjb2wtbWQtMTB0aCUyMiUzRSUzQ2ltZyUyMHNyYyUzRCUyMiUyRndwLWNvbnRlbnQlMkZ1cGxvYWRzJTJGMjAxOCUyRnN2ZyUyRnJhbDMwMDUuc3ZnJTIyJTIwYWx0JTNEJTIyY3Vsb2FyZSUyMHJhbDMwMDUlMjIlM0UlM0NwJTNFUkFMJTIwMzAwNSUzQyUyRnAlM0UlM0MlMkZkaXYlM0UlMEElM0NkaXYlMjBjbGFzcyUzRCUyMmNvbC1tZC0xMHRoJTIyJTNFJTNDaW1nJTIwc3JjJTNEJTIyJTJGd3AtY29udGVudCUyRnVwbG9hZHMlMkYyMDE4JTJGc3ZnJTJGcmFsMzAwOS5zdmclMjIlMjBhbHQlM0QlMjJjdWxvYXJlJTIwcmFsMzAwOSUyMiUzRSUzQ3AlM0VSQUwlMjAzMDA5JTNDJTJGcCUzRSUzQyUyRmRpdiUzRSUwQSUzQ2RpdiUyMGNsYXNzJTNEJTIyY29sLW1kLTEwdGglMjIlM0UlM0NpbWclMjBzcmMlM0QlMjIlMkZ3cC1jb250ZW50JTJGdXBsb2FkcyUyRjIwMTglMkZzdmclMkZyYWwzMDExLnN2ZyUyMiUyMGFsdCUzRCUyMmN1bG9hcmUlMjByYWwzMDExJTIyJTNFJTNDcCUzRVJBTCUyMDMwMTElM0MlMkZwJTNFJTNDJTJGZGl2JTNFJTBBJTNDZGl2JTIwY2xhc3MlM0QlMjJjb2wtbWQtMTB0aCUyMiUzRSUzQ2ltZyUyMHNyYyUzRCUyMiUyRndwLWNvbnRlbnQlMkZ1cGxvYWRzJTJGMjAxOCUyRnN2ZyUyRnJhbDUwMTAuc3ZnJTIyJTIwYWx0JTNEJTIyY3Vsb2FyZSUyMHJhbDUwMTAlMjIlM0UlM0NwJTNFUkFMJTIwNTAxMCUzQyUyRnAlM0UlM0MlMkZkaXYlM0UlMEElM0NkaXYlMjBjbGFzcyUzRCUyMmNvbC1tZC0xMHRoJTIyJTNFJTNDaW1nJTIwc3JjJTNEJTIyJTJGd3AtY29udGVudCUyRnVwbG9hZHMlMkYyMDE4JTJGc3ZnJTJGcmFsNjAwNS5zdmclMjIlMjBhbHQlM0QlMjJjdWxvYXJlJTIwcmFsNjAwNSUyMiUzRSUzQ3AlM0VSQUwlMjA2MDA1JTNDJTJGcCUzRSUzQyUyRmRpdiUzRSUwQSUzQ2RpdiUyMGNsYXNzJTNEJTIyY29sLW1kLTEwdGglMjIlM0UlM0NpbWclMjBzcmMlM0QlMjIlMkZ3cC1jb250ZW50JTJGdXBsb2FkcyUyRjIwMTglMkZzdmclMkZyYWw2MDIwLnN2ZyUyMiUyMGFsdCUzRCUyMmN1bG9hcmUlMjByYWw2MDIwJTIyJTNFJTNDcCUzRVJBTCUyMDYwMjAlM0MlMkZwJTNFJTNDJTJGZGl2JTNFJTBBJTNDZGl2JTIwY2xhc3MlM0QlMjJjb2wtbWQtMTB0aCUyMiUzRSUzQ2ltZyUyMHNyYyUzRCUyMiUyRndwLWNvbnRlbnQlMkZ1cGxvYWRzJTJGMjAxOCUyRnN2ZyUyRnJhbDcwMjQuc3ZnJTIyJTIwYWx0JTNEJTIyY3Vsb2FyZSUyMHJhbDcwMjQlMjIlM0UlM0NwJTNFUkFMJTIwNzAyNCUzQyUyRnAlM0UlM0MlMkZkaXYlM0UlMEElM0NkaXYlMjBjbGFzcyUzRCUyMmNvbC1tZC0xMHRoJTIyJTNFJTNDaW1nJTIwc3JjJTNEJTIyJTJGd3AtY29udGVudCUyRnVwbG9hZHMlMkYyMDE4JTJGc3ZnJTJGcmFsODAwNC5zdmclMjIlMjBhbHQlM0QlMjJjdWxvYXJlJTIwcmFsODAwNCUyMiUzRSUzQ3AlM0VSQUwlMjA4MDA0JTNDJTJGcCUzRSUzQyUyRmRpdiUzRSUwQSUzQ2RpdiUyMGNsYXNzJTNEJTIyY29sLW1kLTEwdGglMjIlM0UlM0NpbWclMjBzcmMlM0QlMjIlMkZ3cC1jb250ZW50JTJGdXBsb2FkcyUyRjIwMTglMkZzdmclMkZyYWw4MDE3LnN2ZyUyMiUyMGFsdCUzRCUyMmN1bG9hcmUlMjByYWw4MDE3JTIyJTNFJTNDcCUzRVJBTCUyMDgwMTclM0MlMkZwJTNFJTNDJTJGZGl2JTNFJTBBJTNDZGl2JTIwY2xhc3MlM0QlMjJjb2wtbWQtMTB0aCUyMiUzRSUzQ2ltZyUyMHNyYyUzRCUyMiUyRndwLWNvbnRlbnQlMkZ1cGxvYWRzJTJGMjAxOCUyRnN2ZyUyRnJhbDgwMTkuc3ZnJTIyJTIwYWx0JTNEJTIyY3Vsb2FyZSUyMHJhbDgwMTklMjIlM0UlM0NwJTNFUkFMJTIwODAxOSUzQyUyRnAlM0UlM0MlMkZkaXYlM0UlMEElM0NkaXYlMjBjbGFzcyUzRCUyMmNvbC1tZC0xMHRoJTIyJTNFJTNDaW1nJTIwc3JjJTNEJTIyJTJGd3AtY29udGVudCUyRnVwbG9hZHMlMkYyMDE4JTJGc3ZnJTJGcmFsOTAwMi5zdmclMjIlMjBhbHQlM0QlMjJjdWxvYXJlJTIwcmFsOTAwMiUyMiUzRSUzQ3AlM0VSQUwlMjA5MDAyJTNDJTJGcCUzRSUzQyUyRmRpdiUzRSUwQSUzQ2RpdiUyMGNsYXNzJTNEJTIyY29sLW1kLTEwdGglMjIlM0UlM0NpbWclMjBzcmMlM0QlMjIlMkZ3cC1jb250ZW50JTJGdXBsb2FkcyUyRjIwMTglMkZzdmclMkZyYWw5MDA1LnN2ZyUyMiUyMGFsdCUzRCUyMmN1bG9hcmUlMjByYWw5MDA1JTIyJTNFJTNDcCUzRVJBTCUyMDkwMDUlM0MlMkZwJTNFJTNDJTJGZGl2JTNFJTBBJTNDZGl2JTIwY2xhc3MlM0QlMjJjb2wtbWQtMTB0aCUyMiUzRSUzQ2ltZyUyMHNyYyUzRCUyMiUyRndwLWNvbnRlbnQlMkZ1cGxvYWRzJTJGMjAxOCUyRnN2ZyUyRnJhbDkwMDYuc3ZnJTIyJTIwYWx0JTNEJTIyY3Vsb2FyZSUyMHJhbDkwMDYlMjIlM0UlM0NwJTNFUkFMJTIwOTAwNiUzQyUyRnAlM0UlM0MlMkZkaXYlM0UlMEElM0MlMkZkaXYlM0UlM0MlMkZkaXYlM0U=[\/vc_raw_html][vc_raw_html el_class=&#8221;border-padding-top&#8221;]JTNDZGl2JTIwY2xhc3MlM0QlMjJjb250YWluZXIlMjBub3BhZGRpbmclMjIlM0UlM0NkaXYlMjBjbGFzcyUzRCUyMnJvdyUyMiUzRSUwQSUzQ2RpdiUyMGNsYXNzJTNEJTIyY29sLWxnLTEyJTIyJTNFJTNDcCUyMGNsYXNzJTNEJTIyYm9sZC10ZXh0JTIwc2VtaS10aXRsZSUyMiUzRVRlY2huaWNhbCUyMGRldGFpbHMlM0MlMkZwJTNFJTNDJTJGZGl2JTNFJTBBJTNDJTJGZGl2JTNFJTNDJTJGZGl2JTNF[\/vc_raw_html][vc_row_inner el_class=&#8221;half-padding&#8221;][vc_column_inner width=&#8221;1\/3&#8243;][vc_column_text]<\/p>\n<p class=\"bold-text grey-text\">Material<\/p>\n<p>[\/vc_column_text][\/vc_column_inner][vc_column_inner width=&#8221;2\/3&#8243;][vc_column_text]Prepainted galvanized steel sheet on both sides protected by polyester[\/vc_column_text][\/vc_column_inner][\/vc_row_inner][vc_row_inner el_class=&#8221;half-padding&#8221;][vc_column_inner width=&#8221;1\/3&#8243;][vc_column_text]<\/p>\n<p class=\"bold-text grey-text\">Rated thickness<\/p>\n<p>[\/vc_column_text][\/vc_column_inner][vc_column_inner width=&#8221;2\/3&#8243;][vc_column_text]0,4 &#8211; 0,6 mm[\/vc_column_text][\/vc_column_inner][\/vc_row_inner][vc_row_inner el_class=&#8221;half-padding&#8221;][vc_column_inner width=&#8221;1\/3&#8243;][vc_column_text]<\/p>\n<p class=\"bold-text grey-text\">Overall width<\/p>\n<p>[\/vc_column_text][\/vc_column_inner][vc_column_inner width=&#8221;2\/3&#8243;][vc_column_text]1188mm[\/vc_column_text][\/vc_column_inner][\/vc_row_inner][vc_row_inner el_class=&#8221;half-padding&#8221;][vc_column_inner width=&#8221;1\/3&#8243;][vc_column_text]<\/p>\n<p class=\"bold-text grey-text\">Usable cover width<\/p>\n<p>[\/vc_column_text][\/vc_column_inner][vc_column_inner width=&#8221;2\/3&#8243;][vc_column_text]1100 mm[\/vc_column_text][\/vc_column_inner][\/vc_row_inner][vc_row_inner el_class=&#8221;half-padding&#8221;][vc_column_inner width=&#8221;1\/3&#8243;][vc_column_text]<\/p>\n<p class=\"bold-text grey-text\">Height of the crease<\/p>\n<p>[\/vc_column_text][\/vc_column_inner][vc_column_inner width=&#8221;2\/3&#8243;][vc_column_text]20-30 mm[\/vc_column_text][\/vc_column_inner][\/vc_row_inner][vc_row_inner el_class=&#8221;half-padding&#8221;][vc_column_inner width=&#8221;1\/3&#8243;][vc_column_text]<\/p>\n<p class=\"bold-text grey-text\">Weight<\/p>\n<p>[\/vc_column_text][\/vc_column_inner][vc_column_inner width=&#8221;2\/3&#8243;][vc_column_text]4,5 kg \/ m2[\/vc_column_text][\/vc_column_inner][\/vc_row_inner][vc_row_inner el_class=&#8221;half-padding&#8221;][vc_column_inner width=&#8221;1\/3&#8243;][vc_column_text]<\/p>\n<p class=\"bold-text grey-text\">Glossy finish warranty<\/p>\n<p>[\/vc_column_text][\/vc_column_inner][vc_column_inner width=&#8221;2\/3&#8243;][vc_column_text]10-year warranty for color characteristics and corrosion[\/vc_column_text][\/vc_column_inner][\/vc_row_inner][vc_row_inner el_class=&#8221;half-padding&#8221;][vc_column_inner width=&#8221;1\/3&#8243;][vc_column_text]<\/p>\n<p class=\"bold-text grey-text\">Matte finish warranty<\/p>\n<p>[\/vc_column_text][\/vc_column_inner][vc_column_inner width=&#8221;2\/3&#8243;][vc_column_text]15-year warranty for color characteristics and corrosion[\/vc_column_text][\/vc_column_inner][\/vc_row_inner][vc_row_inner el_class=&#8221;half-padding&#8221;][vc_column_inner width=&#8221;1\/3&#8243;][vc_column_text]<\/p>\n<p class=\"bold-text grey-text\">Quartz finish warranty<\/p>\n<p>[\/vc_column_text][\/vc_column_inner][vc_column_inner width=&#8221;2\/3&#8243;][vc_column_text]35-year warranty for color characteristics and corrosion[\/vc_column_text][\/vc_column_inner][\/vc_row_inner][vc_row_inner el_class=&#8221;margin-bottom&#8221;][vc_column_inner width=&#8221;1\/3&#8243;][vc_column_text]<\/p>\n<p class=\"bold-text grey-text\">Expected Lifespan<\/p>\n<p>[\/vc_column_text][\/vc_column_inner][vc_column_inner width=&#8221;2\/3&#8243;][vc_column_text]50-60 years[\/vc_column_text][\/vc_column_inner][\/vc_row_inner][\/vc_column][\/vc_row][vc_row][vc_column][vc_raw_html]JTNDZGl2JTIwY2xhc3MlM0QlMjJjb250YWluZXIlMjBub3BhZGRpbmclMjIlM0UlM0NkaXYlMjBjbGFzcyUzRCUyMnJvdyUyMiUzRSUwQSUzQ2RpdiUyMGNsYXNzJTNEJTIyY29sLWxnLTEyJTIyJTNFJTNDcCUyMGNsYXNzJTNEJTIyYm9sZC10ZXh0JTIwc2VtaS10aXRsZSUyMiUzRVRoZSUyMHJhdyUyMG1hdGVyaWFsJTIwaXMlMjBwcm92aWRlZCUyMGJ5JTNDJTJGcCUzRSUzQyUyRmRpdiUzRSUwQSUzQ2RpdiUyMGNsYXNzJTNEJTIyY29sLW1kLTUlMjIlM0UlMEElM0NkaXYlMjBjbGFzcyUzRCUyMnJvdyUyMiUzRSUwQSUzQ2RpdiUyMGNsYXNzJTNEJTIyY29sLW1kLTYlMjIlM0UlMEElM0NpbWclMjBjbGFzcyUzRCUyMmltZy1yZXNwb25zaXZlJTIyJTIwc3JjJTNEJTIyJTJGd3AtY29udGVudCUyRnVwbG9hZHMlMkYyMDE4JTJGbG9nb3MlMkZBcmNlbG9ybWl0dGFsLWxvZ28uanBnJTIyJTIwYWx0JTNEJTIyQXJjZWxvcm1pdHRhbCUyMiUzRSUwQSUzQyUyRmRpdiUzRSUwQSUzQ2RpdiUyMGNsYXNzJTNEJTIyY29sLW1kLTYlMjIlM0UlMEElM0NpbWclMjBjbGFzcyUzRCUyMmltZy1yZXNwb25zaXZlJTIyJTIwc3JjJTNEJTIyJTJGd3AtY29udGVudCUyRnVwbG9hZHMlMkYyMDE4JTJGbG9nb3MlMkZzc2FiX2xvZ28uanBnJTIyJTIwYWx0JTNEJTIyU1NBQiUyMiUzRSUwQSUzQyUyRmRpdiUzRSUwQSUzQyUyRmRpdiUzRSUwQSUzQyUyRmRpdiUzRSUwQSUzQ2RpdiUyMGNsYXNzJTNEJTIyY29sLW1kLTIlMjIlM0UlM0NpbWclMjBjbGFzcyUzRCUyMmltZy1yZXNwb25zaXZlJTIyJTIwc3JjJTNEJTIyJTJGd3AtY29udGVudCUyRnVwbG9hZHMlMkYyMDE4JTJGbG9nb3MlMkZtYWVjZWdhZ2xpYS5qcGclMjIlMjBhbHQlM0QlMjJtYWVjZWdhZ2xpYSUyMiUzRSUzQyUyRmRpdiUzRSUwQSUzQ2RpdiUyMGNsYXNzJTNEJTIyY29sLW1kLTUlMjIlM0UlMEElM0NkaXYlMjBjbGFzcyUzRCUyMnJvdyUyMiUzRSUwQSUzQ2RpdiUyMGNsYXNzJTNEJTIyY29sLW1kLTYlMjIlM0UlMEElM0NpbWclMjBjbGFzcyUzRCUyMmltZy1yZXNwb25zaXZlJTIyJTIwc3JjJTNEJTIyJTJGd3AtY29udGVudCUyRnVwbG9hZHMlMkYyMDE4JTJGbG9nb3MlMkZpbWFnZTAwMi5wbmclMjIlMjBhbHQlM0QlMjJ2b2VzdHBsYW5lJTIyJTNFJTBBJTNDJTJGZGl2JTNFJTBBJTNDZGl2JTIwY2xhc3MlM0QlMjJjb2wtbWQtNiUyMiUzRSUwQSUzQ2ltZyUyMGNsYXNzJTNEJTIyaW1nLXJlc3BvbnNpdmUlMjIlMjBzcmMlM0QlMjIlMkZ3cC1jb250ZW50JTJGdXBsb2FkcyUyRjIwMTglMkZsb2dvcyUyRmNvbG9mZXIuanBnJTIyJTIwYWx0JTNEJTIyY29sb2ZlciUyMiUzRSUwQSUzQyUyRmRpdiUzRSUwQSUzQyUyRmRpdiUzRSUwQSUzQyUyRmRpdiUzRSUwQSUzQyUyRmRpdiUzRSUzQyUyRmRpdiUzRQ==[\/vc_raw_html][\/vc_column][\/vc_row]<\/p>\n","protected":false},"excerpt":{"rendered":"<p>[vc_row full_width=&#8221;stretch_row&#8221; css=&#8221;.vc_custom_1525332850284{background-image: url(https:\/\/www.bruntek.ro\/wp-content\/uploads\/2018\/05\/Header-Tigla-Metalica.jpg?id=721) !important;background-position: center !important;background-repeat: no-repeat !important;background-size: cover !important;}&#8221; el_class=&#8221;page-head container-flex-items&#8221;][vc_column offset=&#8221;vc_col-lg-12 vc_col-md-12 vc_col-xs-12&#8243;][vc_column_text] Metal Tile [\/vc_column_text][\/vc_column][\/vc_row][vc_row full_width=&#8221;stretch_row&#8221; el_class=&#8221;margin-top&#8221;][vc_column offset=&#8221;vc_col-lg-6 vc_col-md-6 vc_col-xs-12&#8243; el_class=&#8221;margin-bottom&#8221;][vc_column_text]BrunTek metal tile, our new top product, brings an original touch to any type of construction. It is the fastest, safest and most modern roof solution due to its distinctive design [&#8230;]<\/p>\n<p><a class=\"btn btn-secondary understrap-read-more-link\" href=\"https:\/\/www.bruntek.ro\/en\/metal-tile\/\">Read More&#8230;<\/a><\/p>\n","protected":false},"author":5,"featured_media":0,"parent":0,"menu_order":0,"comment_status":"closed","ping_status":"closed","template":"page-templates\/fullwidthpage.php","meta":{"footnotes":""},"class_list":["post-1208","page","type-page","status-publish","hentry"],"yoast_head":"<!-- This site is optimized with the Yoast SEO plugin v26.0 - https:\/\/yoast.com\/wordpress\/plugins\/seo\/ -->\n<title>Metal Tile - Bruntek - Produc\u0103tor de \u021aigl\u0103 metalic\u0103, Tabl\u0103 Cutat\u0103 \u0219i Accesorii pentru acoperi\u0219uri<\/title>\n<meta name=\"description\" content=\"BrunTek metal tile, our new top product, brings an original touch to any type of construction. It is the fastest, safest and most modern roof solution due to its distinctive design and technical details.\" \/>\n<meta name=\"robots\" content=\"noindex, nofollow\" \/>\n<meta property=\"og:locale\" content=\"en_US\" \/>\n<meta property=\"og:type\" content=\"article\" \/>\n<meta property=\"og:title\" content=\"Metal Tile - Bruntek - Produc\u0103tor de \u021aigl\u0103 metalic\u0103, Tabl\u0103 Cutat\u0103 \u0219i Accesorii pentru acoperi\u0219uri\" \/>\n<meta property=\"og:description\" content=\"BrunTek metal tile, our new top product, brings an original touch to any type of construction. It is the fastest, safest and most modern roof solution due to its distinctive design and technical details.\" \/>\n<meta property=\"og:url\" content=\"https:\/\/www.bruntek.ro\/en\/metal-tile\/\" \/>\n<meta property=\"og:site_name\" content=\"Bruntek - Produc\u0103tor de \u021aigl\u0103 metalic\u0103, Tabl\u0103 Cutat\u0103 \u0219i Accesorii pentru acoperi\u0219uri\" \/>\n<meta property=\"article:publisher\" content=\"https:\/\/www.facebook.com\/office.bruntek.ro\/\" \/>\n<meta property=\"article:modified_time\" content=\"2018-06-22T20:16:58+00:00\" \/>\n<meta name=\"twitter:card\" content=\"summary_large_image\" \/>\n<meta name=\"twitter:label1\" content=\"Est. reading time\" \/>\n\t<meta name=\"twitter:data1\" content=\"7 minutes\" \/>\n<script type=\"application\/ld+json\" class=\"yoast-schema-graph\">{\"@context\":\"https:\/\/schema.org\",\"@graph\":[{\"@type\":\"WebPage\",\"@id\":\"https:\/\/www.bruntek.ro\/en\/metal-tile\/\",\"url\":\"https:\/\/www.bruntek.ro\/en\/metal-tile\/\",\"name\":\"Metal Tile - Bruntek - Produc\u0103tor de \u021aigl\u0103 metalic\u0103, Tabl\u0103 Cutat\u0103 \u0219i Accesorii pentru acoperi\u0219uri\",\"isPartOf\":{\"@id\":\"https:\/\/www.bruntek.ro\/#website\"},\"datePublished\":\"2018-02-17T14:37:20+00:00\",\"dateModified\":\"2018-06-22T20:16:58+00:00\",\"description\":\"BrunTek metal tile, our new top product, brings an original touch to any type of construction. It is the fastest, safest and most modern roof solution due to its distinctive design and technical details.\",\"breadcrumb\":{\"@id\":\"https:\/\/www.bruntek.ro\/en\/metal-tile\/#breadcrumb\"},\"inLanguage\":\"en-US\",\"potentialAction\":[{\"@type\":\"ReadAction\",\"target\":[\"https:\/\/www.bruntek.ro\/en\/metal-tile\/\"]}]},{\"@type\":\"BreadcrumbList\",\"@id\":\"https:\/\/www.bruntek.ro\/en\/metal-tile\/#breadcrumb\",\"itemListElement\":[{\"@type\":\"ListItem\",\"position\":1,\"name\":\"Prima pagin\u0103\",\"item\":\"https:\/\/www.bruntek.ro\/en\/\"},{\"@type\":\"ListItem\",\"position\":2,\"name\":\"Metal Tile\"}]},{\"@type\":\"WebSite\",\"@id\":\"https:\/\/www.bruntek.ro\/#website\",\"url\":\"https:\/\/www.bruntek.ro\/\",\"name\":\"Bruntek - Produc\u0103tor de \u021aigl\u0103 metalic\u0103, Tabl\u0103 Cutat\u0103 \u0219i Accesorii pentru acoperi\u0219uri\",\"description\":\"\",\"publisher\":{\"@id\":\"https:\/\/www.bruntek.ro\/#organization\"},\"potentialAction\":[{\"@type\":\"SearchAction\",\"target\":{\"@type\":\"EntryPoint\",\"urlTemplate\":\"https:\/\/www.bruntek.ro\/?s={search_term_string}\"},\"query-input\":{\"@type\":\"PropertyValueSpecification\",\"valueRequired\":true,\"valueName\":\"search_term_string\"}}],\"inLanguage\":\"en-US\"},{\"@type\":\"Organization\",\"@id\":\"https:\/\/www.bruntek.ro\/#organization\",\"name\":\"Bruntek\",\"url\":\"https:\/\/www.bruntek.ro\/\",\"logo\":{\"@type\":\"ImageObject\",\"inLanguage\":\"en-US\",\"@id\":\"https:\/\/www.bruntek.ro\/#\/schema\/logo\/image\/\",\"url\":\"https:\/\/i2.wp.com\/www.bruntek.ro\/wp-content\/uploads\/2017\/05\/bruntek-logo.png?fit=280%2C84&ssl=1\",\"contentUrl\":\"https:\/\/i2.wp.com\/www.bruntek.ro\/wp-content\/uploads\/2017\/05\/bruntek-logo.png?fit=280%2C84&ssl=1\",\"width\":280,\"height\":84,\"caption\":\"Bruntek\"},\"image\":{\"@id\":\"https:\/\/www.bruntek.ro\/#\/schema\/logo\/image\/\"},\"sameAs\":[\"https:\/\/www.facebook.com\/office.bruntek.ro\/\"]}]}<\/script>\n<!-- \/ Yoast SEO plugin. -->","yoast_head_json":{"title":"Metal Tile - Bruntek - Produc\u0103tor de \u021aigl\u0103 metalic\u0103, Tabl\u0103 Cutat\u0103 \u0219i Accesorii pentru acoperi\u0219uri","description":"BrunTek metal tile, our new top product, brings an original touch to any type of construction. It is the fastest, safest and most modern roof solution due to its distinctive design and technical details.","robots":{"index":"noindex","follow":"nofollow"},"og_locale":"en_US","og_type":"article","og_title":"Metal Tile - Bruntek - Produc\u0103tor de \u021aigl\u0103 metalic\u0103, Tabl\u0103 Cutat\u0103 \u0219i Accesorii pentru acoperi\u0219uri","og_description":"BrunTek metal tile, our new top product, brings an original touch to any type of construction. It is the fastest, safest and most modern roof solution due to its distinctive design and technical details.","og_url":"https:\/\/www.bruntek.ro\/en\/metal-tile\/","og_site_name":"Bruntek - Produc\u0103tor de \u021aigl\u0103 metalic\u0103, Tabl\u0103 Cutat\u0103 \u0219i Accesorii pentru acoperi\u0219uri","article_publisher":"https:\/\/www.facebook.com\/office.bruntek.ro\/","article_modified_time":"2018-06-22T20:16:58+00:00","twitter_card":"summary_large_image","twitter_misc":{"Est. reading time":"7 minutes"},"schema":{"@context":"https:\/\/schema.org","@graph":[{"@type":"WebPage","@id":"https:\/\/www.bruntek.ro\/en\/metal-tile\/","url":"https:\/\/www.bruntek.ro\/en\/metal-tile\/","name":"Metal Tile - Bruntek - Produc\u0103tor de \u021aigl\u0103 metalic\u0103, Tabl\u0103 Cutat\u0103 \u0219i Accesorii pentru acoperi\u0219uri","isPartOf":{"@id":"https:\/\/www.bruntek.ro\/#website"},"datePublished":"2018-02-17T14:37:20+00:00","dateModified":"2018-06-22T20:16:58+00:00","description":"BrunTek metal tile, our new top product, brings an original touch to any type of construction. It is the fastest, safest and most modern roof solution due to its distinctive design and technical details.","breadcrumb":{"@id":"https:\/\/www.bruntek.ro\/en\/metal-tile\/#breadcrumb"},"inLanguage":"en-US","potentialAction":[{"@type":"ReadAction","target":["https:\/\/www.bruntek.ro\/en\/metal-tile\/"]}]},{"@type":"BreadcrumbList","@id":"https:\/\/www.bruntek.ro\/en\/metal-tile\/#breadcrumb","itemListElement":[{"@type":"ListItem","position":1,"name":"Prima pagin\u0103","item":"https:\/\/www.bruntek.ro\/en\/"},{"@type":"ListItem","position":2,"name":"Metal Tile"}]},{"@type":"WebSite","@id":"https:\/\/www.bruntek.ro\/#website","url":"https:\/\/www.bruntek.ro\/","name":"Bruntek - Produc\u0103tor de \u021aigl\u0103 metalic\u0103, Tabl\u0103 Cutat\u0103 \u0219i Accesorii pentru acoperi\u0219uri","description":"","publisher":{"@id":"https:\/\/www.bruntek.ro\/#organization"},"potentialAction":[{"@type":"SearchAction","target":{"@type":"EntryPoint","urlTemplate":"https:\/\/www.bruntek.ro\/?s={search_term_string}"},"query-input":{"@type":"PropertyValueSpecification","valueRequired":true,"valueName":"search_term_string"}}],"inLanguage":"en-US"},{"@type":"Organization","@id":"https:\/\/www.bruntek.ro\/#organization","name":"Bruntek","url":"https:\/\/www.bruntek.ro\/","logo":{"@type":"ImageObject","inLanguage":"en-US","@id":"https:\/\/www.bruntek.ro\/#\/schema\/logo\/image\/","url":"https:\/\/i2.wp.com\/www.bruntek.ro\/wp-content\/uploads\/2017\/05\/bruntek-logo.png?fit=280%2C84&ssl=1","contentUrl":"https:\/\/i2.wp.com\/www.bruntek.ro\/wp-content\/uploads\/2017\/05\/bruntek-logo.png?fit=280%2C84&ssl=1","width":280,"height":84,"caption":"Bruntek"},"image":{"@id":"https:\/\/www.bruntek.ro\/#\/schema\/logo\/image\/"},"sameAs":["https:\/\/www.facebook.com\/office.bruntek.ro\/"]}]}},"jetpack_sharing_enabled":true,"_links":{"self":[{"href":"https:\/\/www.bruntek.ro\/en\/wp-json\/wp\/v2\/pages\/1208\/"}],"collection":[{"href":"https:\/\/www.bruntek.ro\/en\/wp-json\/wp\/v2\/pages\/"}],"about":[{"href":"https:\/\/www.bruntek.ro\/en\/wp-json\/wp\/v2\/types\/page\/"}],"author":[{"embeddable":true,"href":"https:\/\/www.bruntek.ro\/en\/wp-json\/wp\/v2\/users\/5\/"}],"replies":[{"embeddable":true,"href":"https:\/\/www.bruntek.ro\/en\/wp-json\/wp\/v2\/comments\/?post=1208"}],"version-history":[{"count":7,"href":"https:\/\/www.bruntek.ro\/en\/wp-json\/wp\/v2\/pages\/1208\/revisions\/"}],"predecessor-version":[{"id":1363,"href":"https:\/\/www.bruntek.ro\/en\/wp-json\/wp\/v2\/pages\/1208\/revisions\/1363\/"}],"wp:attachment":[{"href":"https:\/\/www.bruntek.ro\/en\/wp-json\/wp\/v2\/media\/?parent=1208"}],"curies":[{"name":"wp","href":"https:\/\/api.w.org\/{rel}","templated":true}]}}