{"id":1197,"date":"2017-05-23T11:15:53","date_gmt":"2017-05-23T08:15:53","guid":{"rendered":"https:\/\/www.bruntek.ro\/despre-companie\/"},"modified":"2018-06-21T23:25:24","modified_gmt":"2018-06-21T20:25:24","slug":"about-the-company","status":"publish","type":"page","link":"https:\/\/www.bruntek.ro\/en\/about-the-company\/","title":{"rendered":"About The Company"},"content":{"rendered":"<p>[vc_row full_width=&#8221;stretch_row&#8221; el_class=&#8221;page-head container-flex-items&#8221; css=&#8221;.vc_custom_1496064526239{background-image: url(https:\/\/www.bruntek.ro\/wp-content\/uploads\/2017\/05\/header-povestea-noastra.jpg?id=540) !important;background-position: center !important;background-repeat: no-repeat !important;background-size: cover !important;}&#8221;][vc_column offset=&#8221;vc_col-lg-12 vc_col-md-12 vc_col-xs-12&#8243;][vc_column_text]<\/p>\n<h1 class=\"page-head-text black-text\">Our Story<\/h1>\n<p>[\/vc_column_text][\/vc_column][\/vc_row][vc_row full_width=&#8221;stretch_row&#8221; el_class=&#8221;margin-top&#8221;][vc_column offset=&#8221;vc_col-lg-6 vc_col-md-6 vc_col-xs-12&#8243; el_class=&#8221;margin-bottom padding-right-desktop&#8221;][vc_column_text]We are a 100% Romanian capital, privately owned company specialized in complex metal building constructions, metal tile covers and corrugated sheet. BrunTek has 5 high-tech computerized production lines for: metallic tile, corrugated sheet, gutters, downpipes, metal slitting lines. We address ourselves to professionals in the field, but also to customers who want a high level of comfort and professionalism. The dedicated and experienced BrunTek team, with over 10 years in this field, has the same desire for continuous innovation, ehich turn us into an agile and important player on the Romanian market.[\/vc_column_text][\/vc_column][vc_column offset=&#8221;vc_col-lg-6 vc_col-md-6 vc_col-xs-12&#8243; el_class=&#8221;margin-bottom&#8221;][vc_single_image image=&#8221;533&#8243; img_size=&#8221;full&#8221; alignment=&#8221;right&#8221; css=&#8221;.vc_custom_1496064007937{padding-right: 20px !important;}&#8221;][\/vc_column][\/vc_row][vc_row full_width=&#8221;stretch_row&#8221; el_class=&#8221;margin-bottom&#8221;][vc_column][vc_column_text]<strong> Our strategy <\/strong><\/p>\n<p>We aim to differentiate ourselves through continuous growth, maintaining the same high standards for each project. We owe this success to our employees, clients and collaborates with whom we have built lasting relationships based on respect and professionalism, as well as daring dreams and plans. We have built over 4900 roofs with no fading over time. We started with more than 370000 m2 of metal tile and corrugated sheet and we are growing further. In the spring of 2017, we felt the need to continue our journey under a new name and identity that represents us.[\/vc_column_text][\/vc_column][\/vc_row][vc_row full_width=&#8221;stretch_row&#8221; el_class=&#8221;margin-bottom&#8221;][vc_column][vc_column_text]With regard to the concept of sustainability, we know that it is an anthropic activity, which happens without exhausting available resources, without destroying the environment and without compromising the needs of the future generations. This makes us responsible for and determines us to create a balance between economic growth and environmental protection. We take all measures to ensure that as little as possible waste results from the production process and that they reach a specialized collection center, so that the environmental impact will be minimal.[\/vc_column_text][\/vc_column][\/vc_row][vc_row full_width=&#8221;stretch_row&#8221; el_class=&#8221;margin-bottom&#8221;][vc_column width=&#8221;1\/2&#8243;][vc_single_image image=&#8221;820&#8243; img_size=&#8221;full&#8221; alignment=&#8221;right&#8221; css=&#8221;.vc_custom_1526386846774{padding-right: 20px !important;}&#8221;][\/vc_column][vc_column width=&#8221;1\/2&#8243;][vc_column_text]<\/p>\n<p class=\"bold-text semi-title\">Code of Ethics. Nihil sine deo<\/p>\n<p>To achieve our goals and ambitions, we need to have the trust of our partners and customers. If today BrunTek is an important player on the metal tile and metal roofing market in Romania it is because he has undertaken to offer the best.[\/vc_column_text][\/vc_column][\/vc_row]<\/p>\n","protected":false},"excerpt":{"rendered":"<p>[vc_row full_width=&#8221;stretch_row&#8221; el_class=&#8221;page-head container-flex-items&#8221; css=&#8221;.vc_custom_1496064526239{background-image: url(https:\/\/www.bruntek.ro\/wp-content\/uploads\/2017\/05\/header-povestea-noastra.jpg?id=540) !important;background-position: center !important;background-repeat: no-repeat !important;background-size: cover !important;}&#8221;][vc_column offset=&#8221;vc_col-lg-12 vc_col-md-12 vc_col-xs-12&#8243;][vc_column_text] Our Story [\/vc_column_text][\/vc_column][\/vc_row][vc_row full_width=&#8221;stretch_row&#8221; el_class=&#8221;margin-top&#8221;][vc_column offset=&#8221;vc_col-lg-6 vc_col-md-6 vc_col-xs-12&#8243; el_class=&#8221;margin-bottom padding-right-desktop&#8221;][vc_column_text]We are a 100% Romanian capital, privately owned company specialized in complex metal building constructions, metal tile covers and corrugated sheet. BrunTek has 5 high-tech computerized production lines for: metallic [&#8230;]<\/p>\n<p><a class=\"btn btn-secondary understrap-read-more-link\" href=\"https:\/\/www.bruntek.ro\/en\/about-the-company\/\">Read More&#8230;<\/a><\/p>\n","protected":false},"author":5,"featured_media":0,"parent":0,"menu_order":0,"comment_status":"closed","ping_status":"closed","template":"page-templates\/fullwidthpage.php","meta":{"footnotes":""},"class_list":["post-1197","page","type-page","status-publish","hentry"],"yoast_head":"<!-- This site is optimized with the Yoast SEO plugin v26.0 - https:\/\/yoast.com\/wordpress\/plugins\/seo\/ -->\n<title>About The Company - Bruntek - Produc\u0103tor de \u021aigl\u0103 metalic\u0103, Tabl\u0103 Cutat\u0103 \u0219i Accesorii pentru acoperi\u0219uri<\/title>\n<meta name=\"description\" content=\"We are a 100% Romanian capital, privately owned company specialized in complex metal building constructions, metal tile covers and corrugated sheet.\" \/>\n<meta name=\"robots\" content=\"index, follow, max-snippet:-1, max-image-preview:large, max-video-preview:-1\" \/>\n<link rel=\"canonical\" href=\"https:\/\/www.bruntek.ro\/en\/about-the-company\/\" \/>\n<meta property=\"og:locale\" content=\"en_US\" \/>\n<meta property=\"og:type\" content=\"article\" \/>\n<meta property=\"og:title\" content=\"About The Company - Bruntek - Produc\u0103tor de \u021aigl\u0103 metalic\u0103, Tabl\u0103 Cutat\u0103 \u0219i Accesorii pentru acoperi\u0219uri\" \/>\n<meta property=\"og:description\" content=\"We are a 100% Romanian capital, privately owned company specialized in complex metal building constructions, metal tile covers and corrugated sheet.\" \/>\n<meta property=\"og:url\" content=\"https:\/\/www.bruntek.ro\/en\/about-the-company\/\" \/>\n<meta property=\"og:site_name\" content=\"Bruntek - Produc\u0103tor de \u021aigl\u0103 metalic\u0103, Tabl\u0103 Cutat\u0103 \u0219i Accesorii pentru acoperi\u0219uri\" \/>\n<meta property=\"article:publisher\" content=\"https:\/\/www.facebook.com\/office.bruntek.ro\/\" \/>\n<meta property=\"article:modified_time\" content=\"2018-06-21T20:25:24+00:00\" \/>\n<meta name=\"twitter:card\" content=\"summary_large_image\" \/>\n<meta name=\"twitter:label1\" content=\"Est. reading time\" \/>\n\t<meta name=\"twitter:data1\" content=\"3 minutes\" \/>\n<script type=\"application\/ld+json\" class=\"yoast-schema-graph\">{\"@context\":\"https:\/\/schema.org\",\"@graph\":[{\"@type\":\"WebPage\",\"@id\":\"https:\/\/www.bruntek.ro\/en\/about-the-company\/\",\"url\":\"https:\/\/www.bruntek.ro\/en\/about-the-company\/\",\"name\":\"About The Company - Bruntek - Produc\u0103tor de \u021aigl\u0103 metalic\u0103, Tabl\u0103 Cutat\u0103 \u0219i Accesorii pentru acoperi\u0219uri\",\"isPartOf\":{\"@id\":\"https:\/\/www.bruntek.ro\/#website\"},\"datePublished\":\"2017-05-23T08:15:53+00:00\",\"dateModified\":\"2018-06-21T20:25:24+00:00\",\"description\":\"We are a 100% Romanian capital, privately owned company specialized in complex metal building constructions, metal tile covers and corrugated sheet.\",\"breadcrumb\":{\"@id\":\"https:\/\/www.bruntek.ro\/en\/about-the-company\/#breadcrumb\"},\"inLanguage\":\"en-US\",\"potentialAction\":[{\"@type\":\"ReadAction\",\"target\":[\"https:\/\/www.bruntek.ro\/en\/about-the-company\/\"]}]},{\"@type\":\"BreadcrumbList\",\"@id\":\"https:\/\/www.bruntek.ro\/en\/about-the-company\/#breadcrumb\",\"itemListElement\":[{\"@type\":\"ListItem\",\"position\":1,\"name\":\"Prima pagin\u0103\",\"item\":\"https:\/\/www.bruntek.ro\/en\/\"},{\"@type\":\"ListItem\",\"position\":2,\"name\":\"About The Company\"}]},{\"@type\":\"WebSite\",\"@id\":\"https:\/\/www.bruntek.ro\/#website\",\"url\":\"https:\/\/www.bruntek.ro\/\",\"name\":\"Bruntek - Produc\u0103tor de \u021aigl\u0103 metalic\u0103, Tabl\u0103 Cutat\u0103 \u0219i Accesorii pentru acoperi\u0219uri\",\"description\":\"\",\"publisher\":{\"@id\":\"https:\/\/www.bruntek.ro\/#organization\"},\"potentialAction\":[{\"@type\":\"SearchAction\",\"target\":{\"@type\":\"EntryPoint\",\"urlTemplate\":\"https:\/\/www.bruntek.ro\/?s={search_term_string}\"},\"query-input\":{\"@type\":\"PropertyValueSpecification\",\"valueRequired\":true,\"valueName\":\"search_term_string\"}}],\"inLanguage\":\"en-US\"},{\"@type\":\"Organization\",\"@id\":\"https:\/\/www.bruntek.ro\/#organization\",\"name\":\"Bruntek\",\"url\":\"https:\/\/www.bruntek.ro\/\",\"logo\":{\"@type\":\"ImageObject\",\"inLanguage\":\"en-US\",\"@id\":\"https:\/\/www.bruntek.ro\/#\/schema\/logo\/image\/\",\"url\":\"https:\/\/i2.wp.com\/www.bruntek.ro\/wp-content\/uploads\/2017\/05\/bruntek-logo.png?fit=280%2C84&ssl=1\",\"contentUrl\":\"https:\/\/i2.wp.com\/www.bruntek.ro\/wp-content\/uploads\/2017\/05\/bruntek-logo.png?fit=280%2C84&ssl=1\",\"width\":280,\"height\":84,\"caption\":\"Bruntek\"},\"image\":{\"@id\":\"https:\/\/www.bruntek.ro\/#\/schema\/logo\/image\/\"},\"sameAs\":[\"https:\/\/www.facebook.com\/office.bruntek.ro\/\"]}]}<\/script>\n<!-- \/ Yoast SEO plugin. -->","yoast_head_json":{"title":"About The Company - Bruntek - Produc\u0103tor de \u021aigl\u0103 metalic\u0103, Tabl\u0103 Cutat\u0103 \u0219i Accesorii pentru acoperi\u0219uri","description":"We are a 100% Romanian capital, privately owned company specialized in complex metal building constructions, metal tile covers and corrugated sheet.","robots":{"index":"index","follow":"follow","max-snippet":"max-snippet:-1","max-image-preview":"max-image-preview:large","max-video-preview":"max-video-preview:-1"},"canonical":"https:\/\/www.bruntek.ro\/en\/about-the-company\/","og_locale":"en_US","og_type":"article","og_title":"About The Company - Bruntek - Produc\u0103tor de \u021aigl\u0103 metalic\u0103, Tabl\u0103 Cutat\u0103 \u0219i Accesorii pentru acoperi\u0219uri","og_description":"We are a 100% Romanian capital, privately owned company specialized in complex metal building constructions, metal tile covers and corrugated sheet.","og_url":"https:\/\/www.bruntek.ro\/en\/about-the-company\/","og_site_name":"Bruntek - Produc\u0103tor de \u021aigl\u0103 metalic\u0103, Tabl\u0103 Cutat\u0103 \u0219i Accesorii pentru acoperi\u0219uri","article_publisher":"https:\/\/www.facebook.com\/office.bruntek.ro\/","article_modified_time":"2018-06-21T20:25:24+00:00","twitter_card":"summary_large_image","twitter_misc":{"Est. reading time":"3 minutes"},"schema":{"@context":"https:\/\/schema.org","@graph":[{"@type":"WebPage","@id":"https:\/\/www.bruntek.ro\/en\/about-the-company\/","url":"https:\/\/www.bruntek.ro\/en\/about-the-company\/","name":"About The Company - Bruntek - Produc\u0103tor de \u021aigl\u0103 metalic\u0103, Tabl\u0103 Cutat\u0103 \u0219i Accesorii pentru acoperi\u0219uri","isPartOf":{"@id":"https:\/\/www.bruntek.ro\/#website"},"datePublished":"2017-05-23T08:15:53+00:00","dateModified":"2018-06-21T20:25:24+00:00","description":"We are a 100% Romanian capital, privately owned company specialized in complex metal building constructions, metal tile covers and corrugated sheet.","breadcrumb":{"@id":"https:\/\/www.bruntek.ro\/en\/about-the-company\/#breadcrumb"},"inLanguage":"en-US","potentialAction":[{"@type":"ReadAction","target":["https:\/\/www.bruntek.ro\/en\/about-the-company\/"]}]},{"@type":"BreadcrumbList","@id":"https:\/\/www.bruntek.ro\/en\/about-the-company\/#breadcrumb","itemListElement":[{"@type":"ListItem","position":1,"name":"Prima pagin\u0103","item":"https:\/\/www.bruntek.ro\/en\/"},{"@type":"ListItem","position":2,"name":"About The Company"}]},{"@type":"WebSite","@id":"https:\/\/www.bruntek.ro\/#website","url":"https:\/\/www.bruntek.ro\/","name":"Bruntek - Produc\u0103tor de \u021aigl\u0103 metalic\u0103, Tabl\u0103 Cutat\u0103 \u0219i Accesorii pentru acoperi\u0219uri","description":"","publisher":{"@id":"https:\/\/www.bruntek.ro\/#organization"},"potentialAction":[{"@type":"SearchAction","target":{"@type":"EntryPoint","urlTemplate":"https:\/\/www.bruntek.ro\/?s={search_term_string}"},"query-input":{"@type":"PropertyValueSpecification","valueRequired":true,"valueName":"search_term_string"}}],"inLanguage":"en-US"},{"@type":"Organization","@id":"https:\/\/www.bruntek.ro\/#organization","name":"Bruntek","url":"https:\/\/www.bruntek.ro\/","logo":{"@type":"ImageObject","inLanguage":"en-US","@id":"https:\/\/www.bruntek.ro\/#\/schema\/logo\/image\/","url":"https:\/\/i2.wp.com\/www.bruntek.ro\/wp-content\/uploads\/2017\/05\/bruntek-logo.png?fit=280%2C84&ssl=1","contentUrl":"https:\/\/i2.wp.com\/www.bruntek.ro\/wp-content\/uploads\/2017\/05\/bruntek-logo.png?fit=280%2C84&ssl=1","width":280,"height":84,"caption":"Bruntek"},"image":{"@id":"https:\/\/www.bruntek.ro\/#\/schema\/logo\/image\/"},"sameAs":["https:\/\/www.facebook.com\/office.bruntek.ro\/"]}]}},"jetpack_sharing_enabled":true,"_links":{"self":[{"href":"https:\/\/www.bruntek.ro\/en\/wp-json\/wp\/v2\/pages\/1197\/"}],"collection":[{"href":"https:\/\/www.bruntek.ro\/en\/wp-json\/wp\/v2\/pages\/"}],"about":[{"href":"https:\/\/www.bruntek.ro\/en\/wp-json\/wp\/v2\/types\/page\/"}],"author":[{"embeddable":true,"href":"https:\/\/www.bruntek.ro\/en\/wp-json\/wp\/v2\/users\/5\/"}],"replies":[{"embeddable":true,"href":"https:\/\/www.bruntek.ro\/en\/wp-json\/wp\/v2\/comments\/?post=1197"}],"version-history":[{"count":4,"href":"https:\/\/www.bruntek.ro\/en\/wp-json\/wp\/v2\/pages\/1197\/revisions\/"}],"predecessor-version":[{"id":1206,"href":"https:\/\/www.bruntek.ro\/en\/wp-json\/wp\/v2\/pages\/1197\/revisions\/1206\/"}],"wp:attachment":[{"href":"https:\/\/www.bruntek.ro\/en\/wp-json\/wp\/v2\/media\/?parent=1197"}],"curies":[{"name":"wp","href":"https:\/\/api.w.org\/{rel}","templated":true}]}}