{"id":1136,"date":"2017-05-08T14:39:33","date_gmt":"2017-05-08T14:39:33","guid":{"rendered":"https:\/\/www.bruntek.ro\/home\/"},"modified":"2018-06-21T23:55:44","modified_gmt":"2018-06-21T20:55:44","slug":"home","status":"publish","type":"page","link":"https:\/\/www.bruntek.ro\/en\/","title":{"rendered":"Home"},"content":{"rendered":"<p>[vc_row full_width=&#8221;stretch_row&#8221; el_class=&#8221;margin-bottom&#8221;][vc_column offset=&#8221;vc_col-lg-6 vc_col-md-6 vc_col-xs-12&#8243; el_class=&#8221;margin-top&#8221;][vc_column_text]<\/p>\n<h3 class=\"subtitle-text\">Who are we?<\/h3>\n<p>BrunTek is a metal roofing manufacturer, which activates in the residential and industrial sectors. Our portfolio includes projects from various industries, covering the largest cities in Romania. For over 10 years, we have shaped the horizons of our customers, while maintaining the highest standards of quality and safety. Our philosophy is based on continuous innovation of services and products. Therefore, at the end of 2017, we installed a new line of metal tile production, with a unique design on the Romanian market.[\/vc_column_text][\/vc_column][vc_column offset=&#8221;vc_col-lg-6 vc_col-md-6 vc_col-xs-12&#8243; el_class=&#8221;margin-top&#8221;][vc_single_image image=&#8221;818&#8243; img_size=&#8221;full&#8221; alignment=&#8221;right&#8221;][\/vc_column][\/vc_row][vc_row full_width=&#8221;stretch_row&#8221; css=&#8221;.vc_custom_1494515620159{background-color: #f8bb0f !important;}&#8221;][vc_column offset=&#8221;vc_col-lg-12 vc_col-md-12 vc_col-xs-12&#8243;][vc_column_text]<\/p>\n<h3 class=\"subtitle-section\">Products<\/h3>\n<p>[\/vc_column_text][\/vc_column][\/vc_row][vc_row full_width=&#8221;stretch_row&#8221;][vc_column offset=&#8221;vc_col-lg-12 vc_col-md-12 vc_col-xs-12&#8243;][vc_raw_html]JTNDZGl2JTIwY2xhc3MlM0QlMjJncmlkJTIwY29udGFpbmVyLWZsZXgtYm90dG9tLWl0ZW1zJTIyJTNFJTBBJTIwJTIwJTIwJTIwJTNDZGl2JTIwY2xhc3MlM0QlMjJncmlkLXNpemVyJTIwY29sLW1kLTQlMjIlM0UlM0MlMkZkaXYlM0UlMEElMDklM0NkaXYlMjBjbGFzcyUzRCUyMmdyaWQtaXRlbSUyMGNvbC1tZC0xMiUyMHRpZ2xhLW1ldGFsaWNhLW5vLXBhZGRpbmclMjIlM0UlMEElMjAlMjAlMjAlMjAlMjAlMjAlM0NkaXYlMjBjbGFzcyUzRCUyMmdyaWQtaXRlbS1jb250ZW50JTIwYmctdGlnbGEtbWV0YWxpY2EtZW4lMjIlM0UlMEElMjAlMjAlMjAlMjAlMjAlMjAlMjAlMjAlM0NwJTIwY2xhc3MlM0QlMjJ0aXRsdS1zZXJ2aWNpdSUyMiUzRUJydW5UZWslMjBNZXRhbCUyMFRpbGUlMjAlM0MlMkZwJTNFJTBBJTIwJTIwJTIwJTIwJTIwJTIwJTIwJTIwJTNDYSUyMGNsYXNzJTNEJTIyZ3JpZC1pdGVtLWNsaWNrJTIyJTIwaHJlZiUzRCUyMnRpZ2xhLW1ldGFsaWNhJTJGJTIyJTNFJTNDJTJGYSUzRSUwQSUyMCUyMCUyMCUyMCUyMCUyMCUzQyUyRmRpdiUzRSUwQSUyMCUyMCUyMCUyMCUzQyUyRmRpdiUzRSUwQSUyMCUyMCUyMCUyMCUzQ2RpdiUyMGNsYXNzJTNEJTIyZ3JpZC1pdGVtJTIwY29sLW1kLTQlMjIlM0UlMEElMjAlMjAlMjAlMjAlMjAlMjAlM0NkaXYlMjBjbGFzcyUzRCUyMmdyaWQtaXRlbS1jb250ZW50JTIwZ3JpZC1pdGVtLWNvbnRlbnQtLWhlaWdodDIlMjBiZy10YWJsYS1jdXRhdGElMjIlM0UlMEElMjAlMjAlMjAlMjAlMjAlMjAlMjAlMjAlM0NwJTIwY2xhc3MlM0QlMjJ0aXRsdS1zZXJ2aWNpdSUyMiUzRUNvcnJ1Z2F0ZWQlMjBTaGVldCUyMElyb24lM0MlMkZwJTNFJTBBJTIwJTIwJTIwJTIwJTIwJTIwJTIwJTIwJTNDYSUyMGNsYXNzJTNEJTIyZ3JpZC1pdGVtLWNsaWNrJTIyJTIwaHJlZiUzRCUyMnRhYmxhLWN1dGF0YSUyRiUyMiUzRSUzQyUyRmElM0UlMEElMjAlMjAlMjAlMjAlMjAlMjAlM0MlMkZkaXYlM0UlMEElMjAlMjAlMjAlMjAlM0MlMkZkaXYlM0UlMEElMjAlMjAlMjAlMjAlM0NkaXYlMjBjbGFzcyUzRCUyMmdyaWQtaXRlbSUyMGNvbC1tZC04JTIyJTNFJTBBJTIwJTIwJTIwJTIwJTIwJTIwJTNDZGl2JTIwY2xhc3MlM0QlMjJncmlkLWl0ZW0tY29udGVudCUyMGJnLXRhYmxhLXByZWZhbHR1aXRhJTIyJTNFJTBBJTIwJTIwJTIwJTIwJTIwJTIwJTIwJTIwJTNDcCUyMGNsYXNzJTNEJTIydGl0bHUtc2VydmljaXUlMjIlM0VGb2xkZWQlMjBNZXRhbCUyMFNoZWV0JTNDJTJGcCUzRSUwQSUyMCUyMCUyMCUyMCUyMCUyMCUyMCUyMCUzQ2ElMjBjbGFzcyUzRCUyMmdyaWQtaXRlbS1jbGljayUyMiUyMGhyZWYlM0QlMjJ0YWJsYS1mYWx0dWl0YSUyRiUyMiUzRSUzQyUyRmElM0UlMEElMjAlMjAlMjAlMjAlMjAlMjAlM0MlMkZkaXYlM0UlMEElMjAlMjAlMjAlMjAlM0MlMkZkaXYlM0UlMEElMjAlMjAlMjAlMjAlM0NkaXYlMjBjbGFzcyUzRCUyMmdyaWQtaXRlbSUyMGNvbC1tZC00JTIyJTNFJTBBJTIwJTIwJTIwJTIwJTIwJTIwJTNDZGl2JTIwY2xhc3MlM0QlMjJncmlkLWl0ZW0tY29udGVudCUyMGJnLWdyaWxlLXZlbnRpbGF0aWUlMjIlM0UlMEElMjAlMjAlMjAlMjAlMjAlMjAlMjAlMjAlMjAlM0NwJTIwY2xhc3MlM0QlMjJ0aXRsdS1zZXJ2aWNpdSUyMiUzRVZlbnRpbGF0aW9uJTIwR3JpZHMlM0MlMkZwJTNFJTBBJTIwJTIwJTIwJTIwJTIwJTIwJTIwJTIwJTIwJTNDYSUyMGNsYXNzJTNEJTIyZ3JpZC1pdGVtLWNsaWNrJTIyJTIwaHJlZiUzRCUyMmdyaWxlLWRlLXZlbnRpbGF0aWUlMkYlMjIlM0UlM0MlMkZhJTNFJTBBJTIwJTIwJTIwJTIwJTIwJTIwJTNDJTJGZGl2JTNFJTBBJTIwJTIwJTIwJTIwJTNDJTJGZGl2JTNFJTBBJTIwJTIwJTIwJTIwJTNDZGl2JTIwY2xhc3MlM0QlMjJncmlkLWl0ZW0lMjBjb2wtbWQtNCUyMiUzRSUwQSUyMCUyMCUyMCUyMCUyMCUyMCUzQ2RpdiUyMGNsYXNzJTNEJTIyZ3JpZC1pdGVtLWNvbnRlbnQlMjBiZy1wYXJhcGV0aS1tZXRhbGljaSUyMiUzRSUwQSUyMCUyMCUyMCUyMCUyMCUyMCUyMCUyMCUyMCUzQ3AlMjBjbGFzcyUzRCUyMnRpdGx1LXNlcnZpY2l1JTIyJTNFTWV0YWxsaWMlMjBQYXJhcGV0cyUzQyUyRnAlM0UlMEElMjAlMjAlMjAlMjAlMjAlMjAlMjAlMjAlMjAlM0NhJTIwY2xhc3MlM0QlMjJncmlkLWl0ZW0tY2xpY2slMjIlMjBocmVmJTNEJTIycGFyYXBldGktbWV0YWxpY2klMkYlMjIlM0UlM0MlMkZhJTNFJTBBJTIwJTIwJTIwJTIwJTIwJTIwJTNDJTJGZGl2JTNFJTBBJTIwJTIwJTIwJTIwJTNDJTJGZGl2JTNFJTBBJTIwJTIwJTIwJTIwJTNDZGl2JTIwY2xhc3MlM0QlMjJncmlkLWl0ZW0lMjBjb2wtbWQtNCUyMiUzRSUwQSUyMCUyMCUyMCUyMCUyMCUyMCUzQ2RpdiUyMGNsYXNzJTNEJTIyZ3JpZC1pdGVtLWNvbnRlbnQlMjBiZy1hY2Nlc29yaWktaW5jaGlkZXJlJTIyJTNFJTBBJTIwJTIwJTIwJTIwJTIwJTIwJTIwJTIwJTIwJTNDcCUyMGNsYXNzJTNEJTIydGl0bHUtc2VydmljaXUlMjIlM0VNZXRhbCUyMFJvb2ZpbmclMjBBY2Nlc3NvcmllcyUzQyUyRnAlM0UlMEElMjAlMjAlMjAlMjAlMjAlMjAlMjAlMjAlMjAlM0NhJTIwY2xhc3MlM0QlMjJncmlkLWl0ZW0tY2xpY2slMjIlMjBocmVmJTNEJTIyYWNjZXNvcmlpLWluY2hpZGVyZSUyRiUyMiUzRSUzQyUyRmElM0UlMEElMjAlMjAlMjAlMjAlMjAlMjAlM0MlMkZkaXYlM0UlMEElMjAlMjAlMjAlMjAlM0MlMkZkaXYlM0UlMEElMjAlMjAlMjAlMjAlM0NkaXYlMjBjbGFzcyUzRCUyMmdyaWQtaXRlbSUyMGNvbC1tZC00JTIyJTNFJTBBJTIwJTIwJTIwJTIwJTIwJTIwJTNDZGl2JTIwY2xhc3MlM0QlMjJncmlkLWl0ZW0tY29udGVudCUyMGJnLXByb2ZpbGUtdXNvYXJlJTIyJTNFJTBBJTIwJTIwJTIwJTIwJTIwJTIwJTIwJTIwJTIwJTNDcCUyMGNsYXNzJTNEJTIydGl0bHUtc2VydmljaXUlMjIlM0VHYWx2YW5pemVkJTIwUHJvZmlsZXMlM0MlMkZwJTNFJTBBJTIwJTIwJTIwJTIwJTIwJTIwJTIwJTIwJTIwJTNDYSUyMGNsYXNzJTNEJTIyZ3JpZC1pdGVtLWNsaWNrJTIyJTIwaHJlZiUzRCUyMnByb2ZpbGUtemluY2F0ZSUyRiUyMiUzRSUzQyUyRmElM0UlMEElMjAlMjAlMjAlMjAlMjAlMjAlM0MlMkZkaXYlM0UlMEElMjAlMjAlMjAlMjAlM0MlMkZkaXYlM0UlMEElMjAlMjAlMjAlMjAlM0NkaXYlMjBjbGFzcyUzRCUyMmdyaWQtaXRlbSUyMGNvbC1tZC00JTIyJTNFJTBBJTIwJTIwJTIwJTIwJTIwJTIwJTNDZGl2JTIwY2xhc3MlM0QlMjJncmlkLWl0ZW0tY29udGVudCUyMGJnLXBsdXZpYWxlLW5vdSUyMiUzRSUwQSUyMCUyMCUyMCUyMCUyMCUyMCUyMCUyMCUyMCUzQ3AlMjBjbGFzcyUzRCUyMnRpdGx1LXNlcnZpY2l1JTIyJTNFUGx1dmlhbCUyMFN5c3RlbXMlM0MlMkZwJTNFJTBBJTIwJTIwJTIwJTIwJTIwJTIwJTIwJTIwJTIwJTNDYSUyMGNsYXNzJTNEJTIyZ3JpZC1pdGVtLWNsaWNrJTIyJTIwaHJlZiUzRCUyMnNpc3RlbWUtcGx1dmlhbGUlMkYlMjIlM0UlM0MlMkZhJTNFJTBBJTIwJTIwJTIwJTIwJTIwJTIwJTNDJTJGZGl2JTNFJTBBJTIwJTIwJTIwJTIwJTNDJTJGZGl2JTNFJTBBJTIwJTIwJTIwJTIwJTNDZGl2JTIwY2xhc3MlM0QlMjJncmlkLWl0ZW0lMjBjb2wtbWQtNCUyMiUzRSUwQSUyMCUyMCUyMCUyMCUyMCUyMCUzQ2RpdiUyMGNsYXNzJTNEJTIyZ3JpZC1pdGVtLWNvbnRlbnQlMjBiZy1nbGFmdXJpJTIyJTNFJTBBJTIwJTIwJTIwJTIwJTIwJTIwJTIwJTIwJTIwJTNDcCUyMGNsYXNzJTNEJTIydGl0bHUtc2VydmljaXUlMjIlM0VNZXRhbCUyMEVzcGFsaWVycyUzQyUyRnAlM0UlMEElMjAlMjAlMjAlMjAlMjAlMjAlMjAlMjAlMjAlM0NhJTIwY2xhc3MlM0QlMjJncmlkLWl0ZW0tY2xpY2slMjIlMjBocmVmJTNEJTIyc3BhbGllcmktbWV0YWxpY2klMkYlMjIlM0UlM0MlMkZhJTNFJTBBJTIwJTIwJTIwJTIwJTIwJTIwJTNDJTJGZGl2JTNFJTBBJTIwJTIwJTIwJTIwJTNDJTJGZGl2JTNFJTBBJTIwJTIwJTIwJTIwJTNDZGl2JTIwY2xhc3MlM0QlMjJncmlkLWl0ZW0lMjBjb2wtbWQtNCUyMiUzRSUwQSUyMCUyMCUyMCUyMCUyMCUyMCUzQ2RpdiUyMGNsYXNzJTNEJTIyZ3JpZC1pdGVtLWNvbnRlbnQlMjBiZy1jYXNldGUtZmF0YWRhJTIyJTNFJTBBJTIwJTIwJTIwJTIwJTIwJTIwJTIwJTIwJTIwJTNDcCUyMGNsYXNzJTNEJTIydGl0bHUtc2VydmljaXUlMjIlM0VGYSVDMyVBN2FkZSUyMENhc3NldHRlcyUzQyUyRnAlM0UlMEElMjAlMjAlMjAlMjAlMjAlMjAlMjAlMjAlMjAlM0NhJTIwY2xhc3MlM0QlMjJncmlkLWl0ZW0tY2xpY2slMjIlMjBocmVmJTNEJTIyY2FzZXRlLWRlLWZhdGFkYSUyRiUyMiUzRSUzQyUyRmElM0UlMEElMjAlMjAlMjAlMjAlMjAlMjAlM0MlMkZkaXYlM0UlMEElMjAlMjAlMjAlMjAlM0MlMkZkaXYlM0UlMEElMjAlMjAlMjAlMjAlM0NkaXYlMjBjbGFzcyUzRCUyMmdyaWQtaXRlbSUyMGNvbC1tZC00JTIyJTNFJTBBJTIwJTIwJTIwJTIwJTIwJTIwJTNDZGl2JTIwY2xhc3MlM0QlMjJncmlkLWl0ZW0tY29udGVudCUyMGJnLWJyaXNlLXNvbGVpbCUyMiUzRSUwQSUyMCUyMCUyMCUyMCUyMCUyMCUyMCUyMCUyMCUzQ3AlMjBjbGFzcyUzRCUyMnRpdGx1LXNlcnZpY2l1JTIyJTNFQnJpc2UlMjBTb2xlaWwlM0MlMkZwJTNFJTBBJTIwJTIwJTIwJTIwJTIwJTIwJTIwJTIwJTIwJTNDYSUyMGNsYXNzJTNEJTIyZ3JpZC1pdGVtLWNsaWNrJTIyJTIwaHJlZiUzRCUyMmJyaXNlLXNvbGVpbCUyRiUyMiUzRSUzQyUyRmElM0UlMEElMjAlMjAlMjAlMjAlMjAlMjAlM0MlMkZkaXYlM0UlMEElMjAlMjAlMjAlMjAlM0MlMkZkaXYlM0UlMEElM0MlMkZkaXYlM0U=[\/vc_raw_html][vc_raw_js]JTNDc2NyaXB0JTIwdHlwZSUzRCUyMnRleHQlMkZqYXZhc2NyaXB0JTIyJTNFJTIwJTBBalF1ZXJ5JTI4JTI3LmdyaWQlMjclMjkuaXNvdG9wZSUyOCU3QiUwQSUyMCUyMCUyRiUyRiUyMHNldCUyMGl0ZW1TZWxlY3RvciUyMHNvJTIwLmdyaWQtc2l6ZXIlMjBpcyUyMG5vdCUyMHVzZWQlMjBpbiUyMGxheW91dCUwQSUyMCUyMGl0ZW1TZWxlY3RvciUzQSUyMCUyNy5ncmlkLWl0ZW0lMjclMkMlMEElMjAlMjBwZXJjZW50UG9zaXRpb24lM0ElMjB0cnVlJTJDJTBBJTIwJTIwbWFzb25yeSUzQSUyMCU3QiUwQSUyMCUyMCUyMCUyMCUyRiUyRiUyMHVzZSUyMGVsZW1lbnQlMjBmb3IlMjBvcHRpb24lMEElMjAlMjAlMjAlMjBjb2x1bW5XaWR0aCUzQSUyMCUyNy5ncmlkLXNpemVyJTI3JTBBJTIwJTIwJTdEJTBBJTdEJTI5JTBBJTIwJTNDJTJGc2NyaXB0JTNF[\/vc_raw_js][\/vc_column][\/vc_row][vc_row full_width=&#8221;stretch_row&#8221; css=&#8221;.vc_custom_1494338046685{background-color: #f8bb0f !important;}&#8221;][vc_column offset=&#8221;vc_col-lg-12 vc_col-md-12 vc_col-xs-12&#8243;][vc_column_text]<\/p>\n<h3 class=\"subtitle-section\">Services<\/h3>\n<p>[\/vc_column_text][\/vc_column][\/vc_row][vc_row full_width=&#8221;stretch_row&#8221; el_class=&#8221;margin-top servicii-container&#8221;][vc_column offset=&#8221;vc_col-lg-6 vc_col-md-6 vc_col-xs-12&#8243; el_class=&#8221;margin-bottom&#8221;][vc_row_inner][vc_column_inner width=&#8221;1\/6&#8243;][vc_raw_html]JTNDaW1nJTIwc3JjJTNEJTIyJTJGd3AtY29udGVudCUyRnVwbG9hZHMlMkYyMDE4JTJGc3ZnJTJGRmFzaWVyZV9ydWxvdS5zdmclMjIlMjBhbHQlM0QlMjJpY29uJTIwc2VydmljaWklMjBmYXNpZXJlJTIwcnVsb3UlMjIlMjAlMkYlM0U=[\/vc_raw_html][\/vc_column_inner][vc_column_inner width=&#8221;5\/6&#8243;][vc_column_text]<\/p>\n<p class=\"titlu-serviciu \">Roller sheet blinds<\/p>\n<p>on lengths of different sizes and lengthwise cutting<\/p>\n<p>[\/vc_column_text][\/vc_column_inner][\/vc_row_inner][\/vc_column][vc_column offset=&#8221;vc_col-lg-6 vc_col-md-6 vc_col-xs-12&#8243; el_class=&#8221;margin-bottom&#8221;][vc_row_inner][vc_column_inner width=&#8221;1\/6&#8243;][vc_raw_html]JTNDaW1nJTIwc3JjJTNEJTIyJTJGd3AtY29udGVudCUyRnVwbG9hZHMlMkYyMDE4JTJGc3ZnJTJGR2hpbG90aW5hX2hpZHJhdWxpY2Euc3ZnJTIyJTIwYWx0JTNEJTIyaWNvbiUyMHNlcnZpY2lpJTIwZGViaXRhcmUlMjBnaGlsb3RpbmElMjIlMjAlMkYlM0U=[\/vc_raw_html][\/vc_column_inner][vc_column_inner width=&#8221;5\/6&#8243;][vc_column_text]<br \/>\n<span class=\"titlu-serviciu\">Hydraulic guillotine shearing machine<\/span> up to <span class=\"titlu-serviciu\">12mm<\/span> thickness with <span class=\"titlu-serviciu\">length of 3 meters<\/span>[\/vc_column_text][\/vc_column_inner][\/vc_row_inner][\/vc_column][\/vc_row][vc_row full_width=&#8221;stretch_row&#8221; el_class=&#8221;servicii-container&#8221;][vc_column offset=&#8221;vc_col-lg-6 vc_col-md-6 vc_col-xs-12&#8243; el_class=&#8221;margin-bottom&#8221;][vc_row_inner][vc_column_inner width=&#8221;1\/6&#8243;][vc_raw_html]JTNDaW1nJTIwc3JjJTNEJTIyJTJGd3AtY29udGVudCUyRnVwbG9hZHMlMkYyMDE4JTJGc3ZnJTJGSW5kb2lyZV82LnN2ZyUyMiUyMGFsdCUzRCUyMmljb24lMjBzZXJ2aWNpaSUyMGluZG9pcmUlMjBwZSUyMHByZXNhJTIyJTIwJTJGJTNF[\/vc_raw_html][\/vc_column_inner][vc_column_inner width=&#8221;5\/6&#8243;][vc_column_text]<\/p>\n<p class=\"titlu-serviciu\">Sheet metal folding machines<\/p>\n<p>of different sheet profiles with different punches, with thickness up to <span class=\"titlu-serviciu\">6mm<\/span> and length of <span class=\"titlu-serviciu\">6 meters<\/span>.[\/vc_column_text][\/vc_column_inner][\/vc_row_inner][\/vc_column][vc_column offset=&#8221;vc_col-lg-6 vc_col-md-6 vc_col-xs-12&#8243; el_class=&#8221;margin-bottom&#8221;][vc_row_inner][vc_column_inner width=&#8221;1\/6&#8243;][vc_raw_html]JTNDaW1nJTIwc3JjJTNEJTIyJTJGd3AtY29udGVudCUyRnVwbG9hZHMlMkYyMDE4JTJGc3ZnJTJGSW5kb2lyZV8xMi5zdmclMjIlMjBhbHQlM0QlMjJpY29uJTIwc2VydmljaWklMjBpbmRvaXJlJTIwcGUlMjBwcmVzYSUyMiUyMCUyRiUzRQ==[\/vc_raw_html][\/vc_column_inner][vc_column_inner width=&#8221;5\/6&#8243;][vc_column_text]<\/p>\n<p class=\"titlu-serviciu\">Sheet metal folding machines<\/p>\n<p>of different sheet profiles with different punches, with thickness up to <span class=\"titlu-serviciu\">12mm<\/span> and length of <span class=\"titlu-serviciu\">3 meters<\/span>.[\/vc_column_text][\/vc_column_inner][\/vc_row_inner][\/vc_column][\/vc_row]<\/p>\n","protected":false},"excerpt":{"rendered":"<p>[vc_row full_width=&#8221;stretch_row&#8221; el_class=&#8221;margin-bottom&#8221;][vc_column offset=&#8221;vc_col-lg-6 vc_col-md-6 vc_col-xs-12&#8243; el_class=&#8221;margin-top&#8221;][vc_column_text] Who are we? BrunTek is a metal roofing manufacturer, which activates in the residential and industrial sectors. Our portfolio includes projects from various industries, covering the largest cities in Romania. For over 10 years, we have shaped the horizons of our customers, while maintaining the highest standards of [&#8230;]<\/p>\n<p><a class=\"btn btn-secondary understrap-read-more-link\" href=\"https:\/\/www.bruntek.ro\/en\/\">Read More&#8230;<\/a><\/p>\n","protected":false},"author":5,"featured_media":0,"parent":0,"menu_order":0,"comment_status":"closed","ping_status":"closed","template":"page-templates\/fullwidthpage.php","meta":{"footnotes":""},"class_list":["post-1136","page","type-page","status-publish","hentry"],"yoast_head":"<!-- This site is optimized with the Yoast SEO plugin v26.0 - https:\/\/yoast.com\/wordpress\/plugins\/seo\/ -->\n<title>Metal Roofing Manufacturer - Bruntek<\/title>\n<meta name=\"description\" content=\"BrunTek is a metal roofing manufacturer, which activates in the residential and industrial sectors. Our portfolio includes projects from various industries, covering the largest cities in Romania.\" \/>\n<meta name=\"robots\" content=\"index, follow, max-snippet:-1, max-image-preview:large, max-video-preview:-1\" \/>\n<link rel=\"canonical\" href=\"https:\/\/www.bruntek.ro\/en\/\" \/>\n<meta property=\"og:locale\" content=\"en_US\" \/>\n<meta property=\"og:type\" content=\"article\" \/>\n<meta property=\"og:title\" content=\"Metal Roofing Manufacturer - Bruntek\" \/>\n<meta property=\"og:description\" content=\"BrunTek is a metal roofing manufacturer, which activates in the residential and industrial sectors. Our portfolio includes projects from various industries, covering the largest cities in Romania.\" \/>\n<meta property=\"og:url\" content=\"https:\/\/www.bruntek.ro\/en\/\" \/>\n<meta property=\"og:site_name\" content=\"Bruntek - Produc\u0103tor de \u021aigl\u0103 metalic\u0103, Tabl\u0103 Cutat\u0103 \u0219i Accesorii pentru acoperi\u0219uri\" \/>\n<meta property=\"article:publisher\" content=\"https:\/\/www.facebook.com\/office.bruntek.ro\/\" \/>\n<meta property=\"article:modified_time\" content=\"2018-06-21T20:55:44+00:00\" \/>\n<meta property=\"og:image\" content=\"https:\/\/i0.wp.com\/www.bruntek.ro\/wp-content\/uploads\/2017\/05\/bruntek-slide.jpg?fit=1920%2C724&ssl=1\" \/>\n\t<meta property=\"og:image:width\" content=\"1920\" \/>\n\t<meta property=\"og:image:height\" content=\"724\" \/>\n\t<meta property=\"og:image:type\" content=\"image\/jpeg\" \/>\n<meta name=\"twitter:card\" content=\"summary_large_image\" \/>\n<meta name=\"twitter:label1\" content=\"Est. reading time\" \/>\n\t<meta name=\"twitter:data1\" content=\"5 minutes\" \/>\n<script type=\"application\/ld+json\" class=\"yoast-schema-graph\">{\"@context\":\"https:\/\/schema.org\",\"@graph\":[{\"@type\":\"WebPage\",\"@id\":\"https:\/\/www.bruntek.ro\/en\/\",\"url\":\"https:\/\/www.bruntek.ro\/en\/\",\"name\":\"Metal Roofing Manufacturer - Bruntek\",\"isPartOf\":{\"@id\":\"https:\/\/www.bruntek.ro\/#website\"},\"datePublished\":\"2017-05-08T14:39:33+00:00\",\"dateModified\":\"2018-06-21T20:55:44+00:00\",\"description\":\"BrunTek is a metal roofing manufacturer, which activates in the residential and industrial sectors. Our portfolio includes projects from various industries, covering the largest cities in Romania.\",\"breadcrumb\":{\"@id\":\"https:\/\/www.bruntek.ro\/en\/#breadcrumb\"},\"inLanguage\":\"en-US\",\"potentialAction\":[{\"@type\":\"ReadAction\",\"target\":[\"https:\/\/www.bruntek.ro\/en\/\"]}]},{\"@type\":\"BreadcrumbList\",\"@id\":\"https:\/\/www.bruntek.ro\/en\/#breadcrumb\",\"itemListElement\":[{\"@type\":\"ListItem\",\"position\":1,\"name\":\"Prima pagin\u0103\",\"item\":\"https:\/\/www.bruntek.ro\/en\/\"},{\"@type\":\"ListItem\",\"position\":2,\"name\":\"Home\"}]},{\"@type\":\"WebSite\",\"@id\":\"https:\/\/www.bruntek.ro\/#website\",\"url\":\"https:\/\/www.bruntek.ro\/\",\"name\":\"Bruntek - Produc\u0103tor de \u021aigl\u0103 metalic\u0103, Tabl\u0103 Cutat\u0103 \u0219i Accesorii pentru acoperi\u0219uri\",\"description\":\"\",\"publisher\":{\"@id\":\"https:\/\/www.bruntek.ro\/#organization\"},\"potentialAction\":[{\"@type\":\"SearchAction\",\"target\":{\"@type\":\"EntryPoint\",\"urlTemplate\":\"https:\/\/www.bruntek.ro\/?s={search_term_string}\"},\"query-input\":{\"@type\":\"PropertyValueSpecification\",\"valueRequired\":true,\"valueName\":\"search_term_string\"}}],\"inLanguage\":\"en-US\"},{\"@type\":\"Organization\",\"@id\":\"https:\/\/www.bruntek.ro\/#organization\",\"name\":\"Bruntek\",\"url\":\"https:\/\/www.bruntek.ro\/\",\"logo\":{\"@type\":\"ImageObject\",\"inLanguage\":\"en-US\",\"@id\":\"https:\/\/www.bruntek.ro\/#\/schema\/logo\/image\/\",\"url\":\"https:\/\/i2.wp.com\/www.bruntek.ro\/wp-content\/uploads\/2017\/05\/bruntek-logo.png?fit=280%2C84&ssl=1\",\"contentUrl\":\"https:\/\/i2.wp.com\/www.bruntek.ro\/wp-content\/uploads\/2017\/05\/bruntek-logo.png?fit=280%2C84&ssl=1\",\"width\":280,\"height\":84,\"caption\":\"Bruntek\"},\"image\":{\"@id\":\"https:\/\/www.bruntek.ro\/#\/schema\/logo\/image\/\"},\"sameAs\":[\"https:\/\/www.facebook.com\/office.bruntek.ro\/\"]}]}<\/script>\n<!-- \/ Yoast SEO plugin. -->","yoast_head_json":{"title":"Metal Roofing Manufacturer - Bruntek","description":"BrunTek is a metal roofing manufacturer, which activates in the residential and industrial sectors. Our portfolio includes projects from various industries, covering the largest cities in Romania.","robots":{"index":"index","follow":"follow","max-snippet":"max-snippet:-1","max-image-preview":"max-image-preview:large","max-video-preview":"max-video-preview:-1"},"canonical":"https:\/\/www.bruntek.ro\/en\/","og_locale":"en_US","og_type":"article","og_title":"Metal Roofing Manufacturer - Bruntek","og_description":"BrunTek is a metal roofing manufacturer, which activates in the residential and industrial sectors. Our portfolio includes projects from various industries, covering the largest cities in Romania.","og_url":"https:\/\/www.bruntek.ro\/en\/","og_site_name":"Bruntek - Produc\u0103tor de \u021aigl\u0103 metalic\u0103, Tabl\u0103 Cutat\u0103 \u0219i Accesorii pentru acoperi\u0219uri","article_publisher":"https:\/\/www.facebook.com\/office.bruntek.ro\/","article_modified_time":"2018-06-21T20:55:44+00:00","og_image":[{"width":1920,"height":724,"url":"https:\/\/i0.wp.com\/www.bruntek.ro\/wp-content\/uploads\/2017\/05\/bruntek-slide.jpg?fit=1920%2C724&ssl=1","type":"image\/jpeg"}],"twitter_card":"summary_large_image","twitter_misc":{"Est. reading time":"5 minutes"},"schema":{"@context":"https:\/\/schema.org","@graph":[{"@type":"WebPage","@id":"https:\/\/www.bruntek.ro\/en\/","url":"https:\/\/www.bruntek.ro\/en\/","name":"Metal Roofing Manufacturer - Bruntek","isPartOf":{"@id":"https:\/\/www.bruntek.ro\/#website"},"datePublished":"2017-05-08T14:39:33+00:00","dateModified":"2018-06-21T20:55:44+00:00","description":"BrunTek is a metal roofing manufacturer, which activates in the residential and industrial sectors. Our portfolio includes projects from various industries, covering the largest cities in Romania.","breadcrumb":{"@id":"https:\/\/www.bruntek.ro\/en\/#breadcrumb"},"inLanguage":"en-US","potentialAction":[{"@type":"ReadAction","target":["https:\/\/www.bruntek.ro\/en\/"]}]},{"@type":"BreadcrumbList","@id":"https:\/\/www.bruntek.ro\/en\/#breadcrumb","itemListElement":[{"@type":"ListItem","position":1,"name":"Prima pagin\u0103","item":"https:\/\/www.bruntek.ro\/en\/"},{"@type":"ListItem","position":2,"name":"Home"}]},{"@type":"WebSite","@id":"https:\/\/www.bruntek.ro\/#website","url":"https:\/\/www.bruntek.ro\/","name":"Bruntek - Produc\u0103tor de \u021aigl\u0103 metalic\u0103, Tabl\u0103 Cutat\u0103 \u0219i Accesorii pentru acoperi\u0219uri","description":"","publisher":{"@id":"https:\/\/www.bruntek.ro\/#organization"},"potentialAction":[{"@type":"SearchAction","target":{"@type":"EntryPoint","urlTemplate":"https:\/\/www.bruntek.ro\/?s={search_term_string}"},"query-input":{"@type":"PropertyValueSpecification","valueRequired":true,"valueName":"search_term_string"}}],"inLanguage":"en-US"},{"@type":"Organization","@id":"https:\/\/www.bruntek.ro\/#organization","name":"Bruntek","url":"https:\/\/www.bruntek.ro\/","logo":{"@type":"ImageObject","inLanguage":"en-US","@id":"https:\/\/www.bruntek.ro\/#\/schema\/logo\/image\/","url":"https:\/\/i2.wp.com\/www.bruntek.ro\/wp-content\/uploads\/2017\/05\/bruntek-logo.png?fit=280%2C84&ssl=1","contentUrl":"https:\/\/i2.wp.com\/www.bruntek.ro\/wp-content\/uploads\/2017\/05\/bruntek-logo.png?fit=280%2C84&ssl=1","width":280,"height":84,"caption":"Bruntek"},"image":{"@id":"https:\/\/www.bruntek.ro\/#\/schema\/logo\/image\/"},"sameAs":["https:\/\/www.facebook.com\/office.bruntek.ro\/"]}]}},"jetpack_sharing_enabled":true,"_links":{"self":[{"href":"https:\/\/www.bruntek.ro\/en\/wp-json\/wp\/v2\/pages\/1136\/"}],"collection":[{"href":"https:\/\/www.bruntek.ro\/en\/wp-json\/wp\/v2\/pages\/"}],"about":[{"href":"https:\/\/www.bruntek.ro\/en\/wp-json\/wp\/v2\/types\/page\/"}],"author":[{"embeddable":true,"href":"https:\/\/www.bruntek.ro\/en\/wp-json\/wp\/v2\/users\/5\/"}],"replies":[{"embeddable":true,"href":"https:\/\/www.bruntek.ro\/en\/wp-json\/wp\/v2\/comments\/?post=1136"}],"version-history":[{"count":11,"href":"https:\/\/www.bruntek.ro\/en\/wp-json\/wp\/v2\/pages\/1136\/revisions\/"}],"predecessor-version":[{"id":1353,"href":"https:\/\/www.bruntek.ro\/en\/wp-json\/wp\/v2\/pages\/1136\/revisions\/1353\/"}],"wp:attachment":[{"href":"https:\/\/www.bruntek.ro\/en\/wp-json\/wp\/v2\/media\/?parent=1136"}],"curies":[{"name":"wp","href":"https:\/\/api.w.org\/{rel}","templated":true}]}}