{"id":982,"date":"2018-05-20T17:04:34","date_gmt":"2018-05-20T14:04:34","guid":{"rendered":"https:\/\/www.bruntek.ro\/home\/"},"modified":"2018-06-19T15:04:00","modified_gmt":"2018-06-19T12:04:00","slug":"home","status":"publish","type":"page","link":"https:\/\/www.bruntek.ro\/de\/","title":{"rendered":"Home"},"content":{"rendered":"<p>[vc_row full_width=&#8220;stretch_row&#8220; el_class=&#8220;margin-bottom&#8220;][vc_column offset=&#8220;vc_col-lg-6 vc_col-md-6 vc_col-xs-12&#8243; el_class=&#8220;margin-top&#8220;][vc_column_text]<\/p>\n<h3 class=\"subtitle-text\">\u00dcber uns<\/h3>\n<p>BrunTek ist ein Hersteller von Metallbedachungen, der in Wohn- und Industriegebieten t\u00e4tig ist. Unser Portfolio umfasst Arbeiten aus verschiedenen Branchen, die gro\u00dfe St\u00e4dte in Rum\u00e4nien abdecken. Seit \u00fcber 10 Jahren haben wir den Horizont unserer Kunden unter Beibehaltung h\u00f6chster Qualit\u00e4ts- und Sicherheitsstandards gepr\u00e4gt. Unsere Philosophie basiert auf der kontinuierlichen Innovation von Dienstleistungen und Produkten. Aus diesem Grund haben wir Ende 2017 eine neue Produktionslinie f\u00fcr metallische Ziegel eingesetzt, die auf dem rum\u00e4nischen Markt einzigartig ist.[\/vc_column_text][\/vc_column][vc_column offset=&#8220;vc_col-lg-6 vc_col-md-6 vc_col-xs-12&#8243; el_class=&#8220;margin-top&#8220;][vc_single_image image=&#8220;818&#8243; img_size=&#8220;full&#8220; alignment=&#8220;right&#8220;][\/vc_column][\/vc_row][vc_row full_width=&#8220;stretch_row&#8220; css=&#8220;.vc_custom_1494515620159{background-color: #f8bb0f !important;}&#8220;][vc_column offset=&#8220;vc_col-lg-12 vc_col-md-12 vc_col-xs-12&#8243;][vc_column_text]<\/p>\n<h3 class=\"subtitle-section\">Produkte<\/h3>\n<p>[\/vc_column_text][\/vc_column][\/vc_row][vc_row full_width=&#8220;stretch_row&#8220;][vc_column offset=&#8220;vc_col-lg-12 vc_col-md-12 vc_col-xs-12&#8243;][vc_raw_html]JTNDZGl2JTIwY2xhc3MlM0QlMjJncmlkJTIwY29udGFpbmVyLWZsZXgtYm90dG9tLWl0ZW1zJTIyJTNFJTBBJTNDZGl2JTIwY2xhc3MlM0QlMjJncmlkLXNpemVyJTIwY29sLW1kLTQlMjIlM0UlM0MlMkZkaXYlM0UlMEElM0NkaXYlMjBjbGFzcyUzRCUyMmdyaWQtaXRlbSUyMGNvbC1tZC0xMiUyMHRpZ2xhLW1ldGFsaWNhLW5vLXBhZGRpbmclMjIlM0UlMEElM0NkaXYlMjBjbGFzcyUzRCUyMmdyaWQtaXRlbS1jb250ZW50JTIwYmctdGlnbGEtbWV0YWxpY2EtZGUlMjIlM0UlMEElM0NwJTIwY2xhc3MlM0QlMjJ0aXRsdS1zZXJ2aWNpdSUyMiUzRUJydW5UZWslMjBNZXRhbGxkYWNoemllZ2VsJTNDJTJGcCUzRSUwQSUyNm5ic3AlM0IlMEElMEElM0MlMkZkaXYlM0UlMEElM0MlMkZkaXYlM0UlMEElM0NkaXYlMjBjbGFzcyUzRCUyMmdyaWQtaXRlbSUyMGNvbC1tZC00JTIyJTNFJTBBJTNDZGl2JTIwY2xhc3MlM0QlMjJncmlkLWl0ZW0tY29udGVudCUyMGdyaWQtaXRlbS1jb250ZW50LS1oZWlnaHQyJTIwYmctdGFibGEtY3V0YXRhJTIyJTNFJTBBJTNDcCUyMGNsYXNzJTNEJTIydGl0bHUtc2VydmljaXUlMjIlM0VUcmFwZXpibGVjaGUlM0MlMkZwJTNFJTBBJTI2bmJzcCUzQiUwQSUwQSUzQyUyRmRpdiUzRSUwQSUzQyUyRmRpdiUzRSUwQSUzQ2RpdiUyMGNsYXNzJTNEJTIyZ3JpZC1pdGVtJTIwY29sLW1kLTglMjIlM0UlMEElM0NkaXYlMjBjbGFzcyUzRCUyMmdyaWQtaXRlbS1jb250ZW50JTIwYmctdGFibGEtcHJlZmFsdHVpdGElMjIlM0UlMEElM0NwJTIwY2xhc3MlM0QlMjJ0aXRsdS1zZXJ2aWNpdSUyMiUzRUZhbHpibGVjaCUzQyUyRnAlM0UlMEElMjZuYnNwJTNCJTBBJTBBJTNDJTJGZGl2JTNFJTBBJTNDJTJGZGl2JTNFJTBBJTNDZGl2JTIwY2xhc3MlM0QlMjJncmlkLWl0ZW0lMjBjb2wtbWQtNCUyMiUzRSUwQSUzQ2RpdiUyMGNsYXNzJTNEJTIyZ3JpZC1pdGVtLWNvbnRlbnQlMjBiZy1ncmlsZS12ZW50aWxhdGllJTIyJTNFJTBBJTNDcCUyMGNsYXNzJTNEJTIydGl0bHUtc2VydmljaXUlMjIlM0VMJUMzJUJDZnR1bmdzZ2l0dGVyJTNDJTJGcCUzRSUwQSUyNm5ic3AlM0IlMEElMEElM0MlMkZkaXYlM0UlMEElM0MlMkZkaXYlM0UlMEElM0NkaXYlMjBjbGFzcyUzRCUyMmdyaWQtaXRlbSUyMGNvbC1tZC00JTIyJTNFJTBBJTNDZGl2JTIwY2xhc3MlM0QlMjJncmlkLWl0ZW0tY29udGVudCUyMGJnLXBhcmFwZXRpLW1ldGFsaWNpJTIyJTNFJTBBJTNDcCUyMGNsYXNzJTNEJTIydGl0bHUtc2VydmljaXUlMjIlM0VNZXRhbGxnZWwlQzMlQTRuZGVyJTNDJTJGcCUzRSUwQSUyNm5ic3AlM0IlMEElMEElM0MlMkZkaXYlM0UlMEElM0MlMkZkaXYlM0UlMEElM0NkaXYlMjBjbGFzcyUzRCUyMmdyaWQtaXRlbSUyMGNvbC1tZC00JTIyJTNFJTBBJTNDZGl2JTIwY2xhc3MlM0QlMjJncmlkLWl0ZW0tY29udGVudCUyMGJnLWFjY2Vzb3JpaS1pbmNoaWRlcmUlMjIlM0UlMEElM0NwJTIwY2xhc3MlM0QlMjJ0aXRsdS1zZXJ2aWNpdSUyMiUzRVZlcnNjaGx1c3N6dWJlaCVDMyVCNnIlM0MlMkZwJTNFJTBBJTI2bmJzcCUzQiUwQSUwQSUzQyUyRmRpdiUzRSUwQSUzQyUyRmRpdiUzRSUwQSUzQ2RpdiUyMGNsYXNzJTNEJTIyZ3JpZC1pdGVtJTIwY29sLW1kLTQlMjIlM0UlMEElM0NkaXYlMjBjbGFzcyUzRCUyMmdyaWQtaXRlbS1jb250ZW50JTIwYmctcHJvZmlsZS11c29hcmUlMjIlM0UlMEElM0NwJTIwY2xhc3MlM0QlMjJ0aXRsdS1zZXJ2aWNpdSUyMiUzRUxlaWNodGUlMjBQcm9maWxlJTNDJTJGcCUzRSUwQSUyNm5ic3AlM0IlMEElMEElM0MlMkZkaXYlM0UlMEElM0MlMkZkaXYlM0UlMEElM0NkaXYlMjBjbGFzcyUzRCUyMmdyaWQtaXRlbSUyMGNvbC1tZC00JTIyJTNFJTBBJTNDZGl2JTIwY2xhc3MlM0QlMjJncmlkLWl0ZW0tY29udGVudCUyMGJnLXBsdXZpYWxlLW5vdSUyMiUzRSUwQSUzQ3AlMjBjbGFzcyUzRCUyMnRpdGx1LXNlcnZpY2l1JTIyJTNFUmVnZW53YXNzZXJhYmZsdXNzc3lzdGVtZSUzQyUyRnAlM0UlMEElMjZuYnNwJTNCJTBBJTBBJTNDJTJGZGl2JTNFJTBBJTNDJTJGZGl2JTNFJTBBJTNDZGl2JTIwY2xhc3MlM0QlMjJncmlkLWl0ZW0lMjBjb2wtbWQtNCUyMiUzRSUwQSUzQ2RpdiUyMGNsYXNzJTNEJTIyZ3JpZC1pdGVtLWNvbnRlbnQlMjBiZy1nbGFmdXJpJTIyJTNFJTBBJTNDcCUyMGNsYXNzJTNEJTIydGl0bHUtc2VydmljaXUlMjIlM0VNZXRhbGxzcGFsaWVyZSUzQyUyRnAlM0UlMEElMjZuYnNwJTNCJTBBJTBBJTNDJTJGZGl2JTNFJTBBJTNDJTJGZGl2JTNFJTBBJTNDZGl2JTIwY2xhc3MlM0QlMjJncmlkLWl0ZW0lMjBjb2wtbWQtNCUyMiUzRSUwQSUzQ2RpdiUyMGNsYXNzJTNEJTIyZ3JpZC1pdGVtLWNvbnRlbnQlMjBiZy1jYXNldGUtZmF0YWRhJTIyJTNFJTBBJTNDcCUyMGNsYXNzJTNEJTIydGl0bHUtc2VydmljaXUlMjIlM0VGYXNzYWRlbmthc3NldHRlbiUzQyUyRnAlM0UlMEElMjZuYnNwJTNCJTBBJTBBJTNDJTJGZGl2JTNFJTBBJTNDJTJGZGl2JTNFJTBBJTNDZGl2JTIwY2xhc3MlM0QlMjJncmlkLWl0ZW0lMjBjb2wtbWQtNCUyMiUzRSUwQSUzQ2RpdiUyMGNsYXNzJTNEJTIyZ3JpZC1pdGVtLWNvbnRlbnQlMjBiZy1icmlzZS1zb2xlaWwlMjIlM0UlMEElM0NwJTIwY2xhc3MlM0QlMjJ0aXRsdS1zZXJ2aWNpdSUyMiUzRUJyaXNlJTIwU29sZWlsJTNDJTJGcCUzRSUwQSUyNm5ic3AlM0IlMEElMEElM0MlMkZkaXYlM0UlMEElM0MlMkZkaXYlM0UlMEElM0MlMkZkaXYlM0U=[\/vc_raw_html][vc_raw_js]JTNDc2NyaXB0JTIwdHlwZSUzRCUyMnRleHQlMkZqYXZhc2NyaXB0JTIyJTNFJTIwJTBBalF1ZXJ5JTI4JTI3LmdyaWQlMjclMjkuaXNvdG9wZSUyOCU3QiUwQSUyMCUyMCUyRiUyRiUyMHNldCUyMGl0ZW1TZWxlY3RvciUyMHNvJTIwLmdyaWQtc2l6ZXIlMjBpcyUyMG5vdCUyMHVzZWQlMjBpbiUyMGxheW91dCUwQSUyMCUyMGl0ZW1TZWxlY3RvciUzQSUyMCUyNy5ncmlkLWl0ZW0lMjclMkMlMEElMjAlMjBwZXJjZW50UG9zaXRpb24lM0ElMjB0cnVlJTJDJTBBJTIwJTIwbWFzb25yeSUzQSUyMCU3QiUwQSUyMCUyMCUyMCUyMCUyRiUyRiUyMHVzZSUyMGVsZW1lbnQlMjBmb3IlMjBvcHRpb24lMEElMjAlMjAlMjAlMjBjb2x1bW5XaWR0aCUzQSUyMCUyNy5ncmlkLXNpemVyJTI3JTBBJTIwJTIwJTdEJTBBJTdEJTI5JTBBJTIwJTNDJTJGc2NyaXB0JTNF[\/vc_raw_js][\/vc_column][\/vc_row][vc_row full_width=&#8220;stretch_row&#8220; css=&#8220;.vc_custom_1494338046685{background-color: #f8bb0f !important;}&#8220;][vc_column offset=&#8220;vc_col-lg-12 vc_col-md-12 vc_col-xs-12&#8243;][vc_column_text]<\/p>\n<h3 class=\"subtitle-section\">Dienstleistungen<\/h3>\n<p>[\/vc_column_text][\/vc_column][\/vc_row][vc_row full_width=&#8220;stretch_row&#8220; el_class=&#8220;margin-top servicii-container&#8220;][vc_column offset=&#8220;vc_col-lg-6 vc_col-md-6 vc_col-xs-12&#8243; el_class=&#8220;margin-bottom&#8220;][vc_row_inner][vc_column_inner width=&#8220;1\/6&#8243;][vc_raw_html]JTNDaW1nJTIwc3JjJTNEJTIyJTJGd3AtY29udGVudCUyRnVwbG9hZHMlMkYyMDE4JTJGc3ZnJTJGRmFzaWVyZV9ydWxvdS5zdmclMjIlMjBhbHQlM0QlMjJpY29uJTIwc2VydmljaWklMjBmYXNpZXJlJTIwcnVsb3UlMjIlMjAlMkYlM0U=[\/vc_raw_html][\/vc_column_inner][vc_column_inner width=&#8220;5\/6&#8243;][vc_column_text]<\/p>\n<p class=\"titlu-serviciu \">Abschlitzen aus Rollen<\/p>\n<p>Mit L\u00e4ngen unterschiedlicher Gr\u00f6\u00dfen und durch L\u00e4ngsschneiden[\/vc_column_text][\/vc_column_inner][\/vc_row_inner][\/vc_column][vc_column offset=&#8220;vc_col-lg-6 vc_col-md-6 vc_col-xs-12&#8243; el_class=&#8220;margin-bottom&#8220;][vc_row_inner][vc_column_inner width=&#8220;1\/6&#8243;][vc_raw_html]JTNDaW1nJTIwc3JjJTNEJTIyJTJGd3AtY29udGVudCUyRnVwbG9hZHMlMkYyMDE4JTJGc3ZnJTJGR2hpbG90aW5hX2hpZHJhdWxpY2Euc3ZnJTIyJTIwYWx0JTNEJTIyaWNvbiUyMHNlcnZpY2lpJTIwZGViaXRhcmUlMjBnaGlsb3RpbmElMjIlMjAlMkYlM0U=[\/vc_raw_html][\/vc_column_inner][vc_column_inner width=&#8220;5\/6&#8243;][vc_column_text]<span class=\"titlu-serviciu\">Schneiden auf der hydraulischen Guillotine<\/span> Aus Blech bis <span class=\"titlu-serviciu\">12mm<\/span> Dicke mit <span class=\"titlu-serviciu\">3m L\u00e4nge<\/span>[\/vc_column_text][\/vc_column_inner][\/vc_row_inner][\/vc_column][\/vc_row][vc_row full_width=&#8220;stretch_row&#8220; el_class=&#8220;servicii-container&#8220;][vc_column offset=&#8220;vc_col-lg-6 vc_col-md-6 vc_col-xs-12&#8243; el_class=&#8220;margin-bottom&#8220;][vc_row_inner][vc_column_inner width=&#8220;1\/6&#8243;][vc_raw_html]JTNDaW1nJTIwc3JjJTNEJTIyJTJGd3AtY29udGVudCUyRnVwbG9hZHMlMkYyMDE4JTJGc3ZnJTJGSW5kb2lyZV82LnN2ZyUyMiUyMGFsdCUzRCUyMmljb24lMjBzZXJ2aWNpaSUyMGluZG9pcmUlMjBwZSUyMHByZXNhJTIyJTIwJTJGJTNF[\/vc_raw_html][\/vc_column_inner][vc_column_inner width=&#8220;5\/6&#8243;][vc_column_text]<\/p>\n<p class=\"titlu-serviciu\">Biegen auf Presse<\/p>\n<p>Von verschiedenen Blechprofilen mit unterschiedlichen Lochstanzen, mit bis <span class=\"titlu-serviciu\">6mm<\/span> Dicke und <span class=\"titlu-serviciu\">6m L\u00e4nge<\/span>[\/vc_column_text][\/vc_column_inner][\/vc_row_inner][\/vc_column][vc_column offset=&#8220;vc_col-lg-6 vc_col-md-6 vc_col-xs-12&#8243; el_class=&#8220;margin-bottom&#8220;][vc_row_inner][vc_column_inner width=&#8220;1\/6&#8243;][vc_raw_html]JTNDaW1nJTIwc3JjJTNEJTIyJTJGd3AtY29udGVudCUyRnVwbG9hZHMlMkYyMDE4JTJGc3ZnJTJGSW5kb2lyZV8xMi5zdmclMjIlMjBhbHQlM0QlMjJpY29uJTIwc2VydmljaWklMjBpbmRvaXJlJTIwcGUlMjBwcmVzYSUyMiUyMCUyRiUzRQ==[\/vc_raw_html][\/vc_column_inner][vc_column_inner width=&#8220;5\/6&#8243;][vc_column_text]<\/p>\n<p class=\"titlu-serviciu\">Biegen auf Presse<\/p>\n<p>Von verschiedenen Blechprofilen mit unterschiedlichen Lochstanzen, mit bis <span class=\"titlu-serviciu\">12mm<\/span> Dicke und <span class=\"titlu-serviciu\">3m L\u00e4nge<\/span>[\/vc_column_text][\/vc_column_inner][\/vc_row_inner][\/vc_column][\/vc_row]<\/p>\n","protected":false},"excerpt":{"rendered":"<p>[vc_row full_width=&#8220;stretch_row&#8220; el_class=&#8220;margin-bottom&#8220;][vc_column offset=&#8220;vc_col-lg-6 vc_col-md-6 vc_col-xs-12&#8243; el_class=&#8220;margin-top&#8220;][vc_column_text] \u00dcber uns BrunTek ist ein Hersteller von Metallbedachungen, der in Wohn- und Industriegebieten t\u00e4tig ist. Unser Portfolio umfasst Arbeiten aus verschiedenen Branchen, die gro\u00dfe St\u00e4dte in Rum\u00e4nien abdecken. Seit \u00fcber 10 Jahren haben wir den Horizont unserer Kunden unter Beibehaltung h\u00f6chster Qualit\u00e4ts- und Sicherheitsstandards gepr\u00e4gt. Unsere Philosophie basiert [&#8230;]<\/p>\n<p><a class=\"btn btn-secondary understrap-read-more-link\" href=\"https:\/\/www.bruntek.ro\/de\/\">Weiterlesen&#8230;<\/a><\/p>\n","protected":false},"author":5,"featured_media":0,"parent":0,"menu_order":0,"comment_status":"closed","ping_status":"closed","template":"page-templates\/fullwidthpage.php","meta":{"footnotes":""},"class_list":["post-982","page","type-page","status-publish","hentry"],"yoast_head":"<!-- This site is optimized with the Yoast SEO plugin v26.0 - https:\/\/yoast.com\/wordpress\/plugins\/seo\/ -->\n<title>Bruntek<\/title>\n<meta name=\"description\" content=\"Die Erfahrung des Unternehmens in Bezug auf die Beratung in der Umgebung des Bauens von Metallhallen und von Bedachungen aus metallische Ziegel und hat zur Verwertung unserer Dienstleistungen durch die Ausf\u00fchrung von Arbeiten in diesem Bereich gef\u00fchrt.\" \/>\n<meta name=\"robots\" content=\"index, follow, max-snippet:-1, max-image-preview:large, max-video-preview:-1\" \/>\n<link rel=\"canonical\" href=\"https:\/\/www.bruntek.ro\/de\/\" \/>\n<meta property=\"og:locale\" content=\"de_DE\" \/>\n<meta property=\"og:type\" content=\"article\" \/>\n<meta property=\"og:title\" content=\"Bruntek\" \/>\n<meta property=\"og:description\" content=\"Die Erfahrung des Unternehmens in Bezug auf die Beratung in der Umgebung des Bauens von Metallhallen und von Bedachungen aus metallische Ziegel und hat zur Verwertung unserer Dienstleistungen durch die Ausf\u00fchrung von Arbeiten in diesem Bereich gef\u00fchrt.\" \/>\n<meta property=\"og:url\" content=\"https:\/\/www.bruntek.ro\/de\/\" \/>\n<meta property=\"og:site_name\" content=\"Bruntek - Produc\u0103tor de \u021aigl\u0103 metalic\u0103, Tabl\u0103 Cutat\u0103 \u0219i Accesorii pentru acoperi\u0219uri\" \/>\n<meta property=\"article:publisher\" content=\"https:\/\/www.facebook.com\/office.bruntek.ro\/\" \/>\n<meta property=\"article:modified_time\" content=\"2018-06-19T12:04:00+00:00\" \/>\n<meta name=\"twitter:card\" content=\"summary_large_image\" \/>\n<meta name=\"twitter:label1\" content=\"Gesch\u00e4tzte Lesezeit\" \/>\n\t<meta name=\"twitter:data1\" content=\"4\u00a0Minuten\" \/>\n<script type=\"application\/ld+json\" class=\"yoast-schema-graph\">{\"@context\":\"https:\/\/schema.org\",\"@graph\":[{\"@type\":\"WebPage\",\"@id\":\"https:\/\/www.bruntek.ro\/de\/\",\"url\":\"https:\/\/www.bruntek.ro\/de\/\",\"name\":\"Bruntek\",\"isPartOf\":{\"@id\":\"https:\/\/www.bruntek.ro\/#website\"},\"datePublished\":\"2018-05-20T14:04:34+00:00\",\"dateModified\":\"2018-06-19T12:04:00+00:00\",\"description\":\"Die Erfahrung des Unternehmens in Bezug auf die Beratung in der Umgebung des Bauens von Metallhallen und von Bedachungen aus metallische Ziegel und hat zur Verwertung unserer Dienstleistungen durch die Ausf\u00fchrung von Arbeiten in diesem Bereich gef\u00fchrt.\",\"breadcrumb\":{\"@id\":\"https:\/\/www.bruntek.ro\/de\/#breadcrumb\"},\"inLanguage\":\"de-DE\",\"potentialAction\":[{\"@type\":\"ReadAction\",\"target\":[\"https:\/\/www.bruntek.ro\/de\/\"]}]},{\"@type\":\"BreadcrumbList\",\"@id\":\"https:\/\/www.bruntek.ro\/de\/#breadcrumb\",\"itemListElement\":[{\"@type\":\"ListItem\",\"position\":1,\"name\":\"Prima pagin\u0103\",\"item\":\"https:\/\/www.bruntek.ro\/de\/\"},{\"@type\":\"ListItem\",\"position\":2,\"name\":\"Home\"}]},{\"@type\":\"WebSite\",\"@id\":\"https:\/\/www.bruntek.ro\/#website\",\"url\":\"https:\/\/www.bruntek.ro\/\",\"name\":\"Bruntek - Produc\u0103tor de \u021aigl\u0103 metalic\u0103, Tabl\u0103 Cutat\u0103 \u0219i Accesorii pentru acoperi\u0219uri\",\"description\":\"\",\"publisher\":{\"@id\":\"https:\/\/www.bruntek.ro\/#organization\"},\"potentialAction\":[{\"@type\":\"SearchAction\",\"target\":{\"@type\":\"EntryPoint\",\"urlTemplate\":\"https:\/\/www.bruntek.ro\/?s={search_term_string}\"},\"query-input\":{\"@type\":\"PropertyValueSpecification\",\"valueRequired\":true,\"valueName\":\"search_term_string\"}}],\"inLanguage\":\"de-DE\"},{\"@type\":\"Organization\",\"@id\":\"https:\/\/www.bruntek.ro\/#organization\",\"name\":\"Bruntek\",\"url\":\"https:\/\/www.bruntek.ro\/\",\"logo\":{\"@type\":\"ImageObject\",\"inLanguage\":\"de-DE\",\"@id\":\"https:\/\/www.bruntek.ro\/#\/schema\/logo\/image\/\",\"url\":\"https:\/\/i2.wp.com\/www.bruntek.ro\/wp-content\/uploads\/2017\/05\/bruntek-logo.png?fit=280%2C84&ssl=1\",\"contentUrl\":\"https:\/\/i2.wp.com\/www.bruntek.ro\/wp-content\/uploads\/2017\/05\/bruntek-logo.png?fit=280%2C84&ssl=1\",\"width\":280,\"height\":84,\"caption\":\"Bruntek\"},\"image\":{\"@id\":\"https:\/\/www.bruntek.ro\/#\/schema\/logo\/image\/\"},\"sameAs\":[\"https:\/\/www.facebook.com\/office.bruntek.ro\/\"]}]}<\/script>\n<!-- \/ Yoast SEO plugin. -->","yoast_head_json":{"title":"Bruntek","description":"Die Erfahrung des Unternehmens in Bezug auf die Beratung in der Umgebung des Bauens von Metallhallen und von Bedachungen aus metallische Ziegel und hat zur Verwertung unserer Dienstleistungen durch die Ausf\u00fchrung von Arbeiten in diesem Bereich gef\u00fchrt.","robots":{"index":"index","follow":"follow","max-snippet":"max-snippet:-1","max-image-preview":"max-image-preview:large","max-video-preview":"max-video-preview:-1"},"canonical":"https:\/\/www.bruntek.ro\/de\/","og_locale":"de_DE","og_type":"article","og_title":"Bruntek","og_description":"Die Erfahrung des Unternehmens in Bezug auf die Beratung in der Umgebung des Bauens von Metallhallen und von Bedachungen aus metallische Ziegel und hat zur Verwertung unserer Dienstleistungen durch die Ausf\u00fchrung von Arbeiten in diesem Bereich gef\u00fchrt.","og_url":"https:\/\/www.bruntek.ro\/de\/","og_site_name":"Bruntek - Produc\u0103tor de \u021aigl\u0103 metalic\u0103, Tabl\u0103 Cutat\u0103 \u0219i Accesorii pentru acoperi\u0219uri","article_publisher":"https:\/\/www.facebook.com\/office.bruntek.ro\/","article_modified_time":"2018-06-19T12:04:00+00:00","twitter_card":"summary_large_image","twitter_misc":{"Gesch\u00e4tzte Lesezeit":"4\u00a0Minuten"},"schema":{"@context":"https:\/\/schema.org","@graph":[{"@type":"WebPage","@id":"https:\/\/www.bruntek.ro\/de\/","url":"https:\/\/www.bruntek.ro\/de\/","name":"Bruntek","isPartOf":{"@id":"https:\/\/www.bruntek.ro\/#website"},"datePublished":"2018-05-20T14:04:34+00:00","dateModified":"2018-06-19T12:04:00+00:00","description":"Die Erfahrung des Unternehmens in Bezug auf die Beratung in der Umgebung des Bauens von Metallhallen und von Bedachungen aus metallische Ziegel und hat zur Verwertung unserer Dienstleistungen durch die Ausf\u00fchrung von Arbeiten in diesem Bereich gef\u00fchrt.","breadcrumb":{"@id":"https:\/\/www.bruntek.ro\/de\/#breadcrumb"},"inLanguage":"de-DE","potentialAction":[{"@type":"ReadAction","target":["https:\/\/www.bruntek.ro\/de\/"]}]},{"@type":"BreadcrumbList","@id":"https:\/\/www.bruntek.ro\/de\/#breadcrumb","itemListElement":[{"@type":"ListItem","position":1,"name":"Prima pagin\u0103","item":"https:\/\/www.bruntek.ro\/de\/"},{"@type":"ListItem","position":2,"name":"Home"}]},{"@type":"WebSite","@id":"https:\/\/www.bruntek.ro\/#website","url":"https:\/\/www.bruntek.ro\/","name":"Bruntek - Produc\u0103tor de \u021aigl\u0103 metalic\u0103, Tabl\u0103 Cutat\u0103 \u0219i Accesorii pentru acoperi\u0219uri","description":"","publisher":{"@id":"https:\/\/www.bruntek.ro\/#organization"},"potentialAction":[{"@type":"SearchAction","target":{"@type":"EntryPoint","urlTemplate":"https:\/\/www.bruntek.ro\/?s={search_term_string}"},"query-input":{"@type":"PropertyValueSpecification","valueRequired":true,"valueName":"search_term_string"}}],"inLanguage":"de-DE"},{"@type":"Organization","@id":"https:\/\/www.bruntek.ro\/#organization","name":"Bruntek","url":"https:\/\/www.bruntek.ro\/","logo":{"@type":"ImageObject","inLanguage":"de-DE","@id":"https:\/\/www.bruntek.ro\/#\/schema\/logo\/image\/","url":"https:\/\/i2.wp.com\/www.bruntek.ro\/wp-content\/uploads\/2017\/05\/bruntek-logo.png?fit=280%2C84&ssl=1","contentUrl":"https:\/\/i2.wp.com\/www.bruntek.ro\/wp-content\/uploads\/2017\/05\/bruntek-logo.png?fit=280%2C84&ssl=1","width":280,"height":84,"caption":"Bruntek"},"image":{"@id":"https:\/\/www.bruntek.ro\/#\/schema\/logo\/image\/"},"sameAs":["https:\/\/www.facebook.com\/office.bruntek.ro\/"]}]}},"jetpack_sharing_enabled":true,"_links":{"self":[{"href":"https:\/\/www.bruntek.ro\/de\/wp-json\/wp\/v2\/pages\/982\/"}],"collection":[{"href":"https:\/\/www.bruntek.ro\/de\/wp-json\/wp\/v2\/pages\/"}],"about":[{"href":"https:\/\/www.bruntek.ro\/de\/wp-json\/wp\/v2\/types\/page\/"}],"author":[{"embeddable":true,"href":"https:\/\/www.bruntek.ro\/de\/wp-json\/wp\/v2\/users\/5\/"}],"replies":[{"embeddable":true,"href":"https:\/\/www.bruntek.ro\/de\/wp-json\/wp\/v2\/comments\/?post=982"}],"version-history":[{"count":12,"href":"https:\/\/www.bruntek.ro\/de\/wp-json\/wp\/v2\/pages\/982\/revisions\/"}],"predecessor-version":[{"id":1154,"href":"https:\/\/www.bruntek.ro\/de\/wp-json\/wp\/v2\/pages\/982\/revisions\/1154\/"}],"wp:attachment":[{"href":"https:\/\/www.bruntek.ro\/de\/wp-json\/wp\/v2\/media\/?parent=982"}],"curies":[{"name":"wp","href":"https:\/\/api.w.org\/{rel}","templated":true}]}}