{"id":1043,"date":"2017-05-23T11:15:53","date_gmt":"2017-05-23T08:15:53","guid":{"rendered":"https:\/\/www.bruntek.ro\/despre-companie\/"},"modified":"2018-05-25T08:15:51","modified_gmt":"2018-05-25T05:15:51","slug":"unsere-geschichte","status":"publish","type":"page","link":"https:\/\/www.bruntek.ro\/de\/unsere-geschichte\/","title":{"rendered":"Unsere Geschichte"},"content":{"rendered":"<p>[vc_row full_width=&#8220;stretch_row&#8220; el_class=&#8220;page-head container-flex-items&#8220; css=&#8220;.vc_custom_1496064526239{background-image: url(https:\/\/www.bruntek.ro\/wp-content\/uploads\/2017\/05\/header-povestea-noastra.jpg?id=540) !important;background-position: center !important;background-repeat: no-repeat !important;background-size: cover !important;}&#8220;][vc_column offset=&#8220;vc_col-lg-12 vc_col-md-12 vc_col-xs-12&#8243;][vc_column_text]<\/p>\n<h1 class=\"page-head-text black-text\">Unsere Geschichte<\/h1>\n<p>[\/vc_column_text][\/vc_column][\/vc_row][vc_row full_width=&#8220;stretch_row&#8220; el_class=&#8220;margin-top&#8220;][vc_column offset=&#8220;vc_col-lg-6 vc_col-md-6 vc_col-xs-12&#8243; el_class=&#8220;margin-bottom padding-right-desktop&#8220;][vc_column_text]Wir sind ein 100% rum\u00e4nisches Unternehmen in Privatbesitz, spezialisiert auf komplexe Metallhallen, Bedachungen mit Metallziegel und Trapezblech. BrunTek besitzt f\u00fcnf Produktionslinien der neuesten computergest\u00fctzten Generation: Trapezbleche, Dachrinnen, Fallr\u00f6hre, L\u00e4ngsschlitzlinie. Wir wenden uns an Fachleute auf dem Gebiet, aber auch an Kunden, die ein hohes Ma\u00df an Komfort und Professionalismus w\u00fcnschen. Mit mehr als 10 Jahre in diesem Bereich erfahrene, die anspruchsvolle Standards und der Wunsch nach kontinuierlicher Innovation verwandeln uns in einen geschickten und wichtigen Akteur auf dem rum\u00e4nischen Markt.[\/vc_column_text][\/vc_column][vc_column offset=&#8220;vc_col-lg-6 vc_col-md-6 vc_col-xs-12&#8243; el_class=&#8220;margin-bottom&#8220;][vc_single_image image=&#8220;533&#8243; img_size=&#8220;full&#8220; alignment=&#8220;right&#8220; css=&#8220;.vc_custom_1496064007937{padding-right: 20px !important;}&#8220;][\/vc_column][\/vc_row][vc_row full_width=&#8220;stretch_row&#8220; el_class=&#8220;margin-bottom&#8220;][vc_column][vc_column_text]<strong>Unsere Strategie<\/strong><\/p>\n<p>Unser Ziel ist es, uns durch kontinuierliches Wachstum zu unterscheiden und dabei die gleichen hohen Standards f\u00fcr jedes Projekt einzuhalten. Diesen Erfolg verdanken wir den Mitarbeitern, Kunden und Partnern, mit denen wir langfristige Beziehungen aufgebaut haben, die sowohl auf Respekt und Professionalismus, als auch auf Tr\u00e4ume und k\u00fchne Pl\u00e4ne bezogen sind. Wir haben \u00fcber 4900 D\u00e4cher mit 0 F\u00e4llen von Verf\u00e4rbun im Laufe der Zeit zusammen verwirklicht. Wir haben mit mehr als 370000 m2 Metallziegel und Trapezblech angefangen und wir wachsen weiter. Im Fr\u00fchjahr 2017 hatten wir das Bed\u00fcrfnis, unsere Reise unter einem Namen und einer Identit\u00e4t fortzuf\u00fchren, die uns repr\u00e4sentieren.<\/p>\n<p>In Bezug auf das Konzept der Nachhaltigkeit verstehen wir, dass es eine anthropische Aktivit\u00e4t ist, die ohne Ersch\u00f6pfung verf\u00fcgbarer Ressourcen, ohne Zerst\u00f6rung der Umwelt, ohne dabei das Gef\u00e4hrden der Bed\u00fcrfnisse der zuk\u00fcnftigen Generationen erfolgt. Dies macht uns verantwortlich und veranlasst uns, ein Gleichgewicht zwischen Wirtschaftswachstum und Umweltschutz zu schaffen. In diesem Sinne treffen wir alle Ma\u00dfnahmen, sodass durch den Produktionsprozess so wenig Abfall wie m\u00f6glich verursacht wird und ein spezialisiertes Sammelzentrum erreicht, und somit die Auswirkungen auf die Umwelt minimal sein werden.[\/vc_column_text][\/vc_column][\/vc_row][vc_row full_width=&#8220;stretch_row&#8220; el_class=&#8220;margin-bottom&#8220;][vc_column width=&#8220;1\/2&#8243;][vc_single_image image=&#8220;820&#8243; img_size=&#8220;full&#8220; alignment=&#8220;right&#8220; css=&#8220;.vc_custom_1526386846774{padding-right: 20px !important;}&#8220;][\/vc_column][vc_column width=&#8220;1\/2&#8243;][vc_column_text]<strong>Ethikkodex. Nihil sine Deo<\/strong><\/p>\n<p>Um unsere Ziele und Ambitionen zu erreichen, brauchen wir das Vertrauen unserer Partner und Kunden. Deshalb ist jede unserer Handlungen abgeleitet und inspiriert von den Menschen und den Werten, die sie bieten. Falls BrunTek heute ein wichtiger Akteur auf dem Metallziegel- und Metalldachmarkt in Rum\u00e4nien ist, ist der Grund die Verpflichtung unser Gesellschaft, das Beste anzubieten.[\/vc_column_text][\/vc_column][\/vc_row]<\/p>\n","protected":false},"excerpt":{"rendered":"<p>[vc_row full_width=&#8220;stretch_row&#8220; el_class=&#8220;page-head container-flex-items&#8220; css=&#8220;.vc_custom_1496064526239{background-image: url(https:\/\/www.bruntek.ro\/wp-content\/uploads\/2017\/05\/header-povestea-noastra.jpg?id=540) !important;background-position: center !important;background-repeat: no-repeat !important;background-size: cover !important;}&#8220;][vc_column offset=&#8220;vc_col-lg-12 vc_col-md-12 vc_col-xs-12&#8243;][vc_column_text] Unsere Geschichte [\/vc_column_text][\/vc_column][\/vc_row][vc_row full_width=&#8220;stretch_row&#8220; el_class=&#8220;margin-top&#8220;][vc_column offset=&#8220;vc_col-lg-6 vc_col-md-6 vc_col-xs-12&#8243; el_class=&#8220;margin-bottom padding-right-desktop&#8220;][vc_column_text]Wir sind ein 100% rum\u00e4nisches Unternehmen in Privatbesitz, spezialisiert auf komplexe Metallhallen, Bedachungen mit Metallziegel und Trapezblech. BrunTek besitzt f\u00fcnf Produktionslinien der neuesten computergest\u00fctzten Generation: Trapezbleche, Dachrinnen, Fallr\u00f6hre, L\u00e4ngsschlitzlinie. Wir [&#8230;]<\/p>\n<p><a class=\"btn btn-secondary understrap-read-more-link\" href=\"https:\/\/www.bruntek.ro\/de\/unsere-geschichte\/\">Weiterlesen&#8230;<\/a><\/p>\n","protected":false},"author":5,"featured_media":0,"parent":0,"menu_order":0,"comment_status":"closed","ping_status":"closed","template":"page-templates\/fullwidthpage.php","meta":{"footnotes":""},"class_list":["post-1043","page","type-page","status-publish","hentry"],"yoast_head":"<!-- This site is optimized with the Yoast SEO plugin v26.0 - https:\/\/yoast.com\/wordpress\/plugins\/seo\/ -->\n<title>Unsere Geschichte - Bruntek<\/title>\n<meta name=\"description\" content=\"Br\u00fcntek wurde im Fr\u00fchjahr 2013 gegr\u00fcndet. Die Grundaktivit\u00e4t gem\u00e4\u00df CAEN 7022 Code war Beratung bei der Konstruktion von Metallhallen und Bedachungen aus metallische Ziegel und Trapezbleche.\" \/>\n<meta name=\"robots\" content=\"index, follow, max-snippet:-1, max-image-preview:large, max-video-preview:-1\" \/>\n<link rel=\"canonical\" href=\"https:\/\/www.bruntek.ro\/de\/unsere-geschichte\/\" \/>\n<meta property=\"og:locale\" content=\"de_DE\" \/>\n<meta property=\"og:type\" content=\"article\" \/>\n<meta property=\"og:title\" content=\"Unsere Geschichte - Bruntek\" \/>\n<meta property=\"og:description\" content=\"Br\u00fcntek wurde im Fr\u00fchjahr 2013 gegr\u00fcndet. Die Grundaktivit\u00e4t gem\u00e4\u00df CAEN 7022 Code war Beratung bei der Konstruktion von Metallhallen und Bedachungen aus metallische Ziegel und Trapezbleche.\" \/>\n<meta property=\"og:url\" content=\"https:\/\/www.bruntek.ro\/de\/unsere-geschichte\/\" \/>\n<meta property=\"og:site_name\" content=\"Bruntek - Produc\u0103tor de \u021aigl\u0103 metalic\u0103, Tabl\u0103 Cutat\u0103 \u0219i Accesorii pentru acoperi\u0219uri\" \/>\n<meta property=\"article:publisher\" content=\"https:\/\/www.facebook.com\/office.bruntek.ro\/\" \/>\n<meta property=\"article:modified_time\" content=\"2018-05-25T05:15:51+00:00\" \/>\n<meta name=\"twitter:card\" content=\"summary_large_image\" \/>\n<meta name=\"twitter:label1\" content=\"Gesch\u00e4tzte Lesezeit\" \/>\n\t<meta name=\"twitter:data1\" content=\"3\u00a0Minuten\" \/>\n<script type=\"application\/ld+json\" class=\"yoast-schema-graph\">{\"@context\":\"https:\/\/schema.org\",\"@graph\":[{\"@type\":\"WebPage\",\"@id\":\"https:\/\/www.bruntek.ro\/de\/unsere-geschichte\/\",\"url\":\"https:\/\/www.bruntek.ro\/de\/unsere-geschichte\/\",\"name\":\"Unsere Geschichte - Bruntek\",\"isPartOf\":{\"@id\":\"https:\/\/www.bruntek.ro\/#website\"},\"datePublished\":\"2017-05-23T08:15:53+00:00\",\"dateModified\":\"2018-05-25T05:15:51+00:00\",\"description\":\"Br\u00fcntek wurde im Fr\u00fchjahr 2013 gegr\u00fcndet. Die Grundaktivit\u00e4t gem\u00e4\u00df CAEN 7022 Code war Beratung bei der Konstruktion von Metallhallen und Bedachungen aus metallische Ziegel und Trapezbleche.\",\"breadcrumb\":{\"@id\":\"https:\/\/www.bruntek.ro\/de\/unsere-geschichte\/#breadcrumb\"},\"inLanguage\":\"de-DE\",\"potentialAction\":[{\"@type\":\"ReadAction\",\"target\":[\"https:\/\/www.bruntek.ro\/de\/unsere-geschichte\/\"]}]},{\"@type\":\"BreadcrumbList\",\"@id\":\"https:\/\/www.bruntek.ro\/de\/unsere-geschichte\/#breadcrumb\",\"itemListElement\":[{\"@type\":\"ListItem\",\"position\":1,\"name\":\"Prima pagin\u0103\",\"item\":\"https:\/\/www.bruntek.ro\/de\/\"},{\"@type\":\"ListItem\",\"position\":2,\"name\":\"Unsere Geschichte\"}]},{\"@type\":\"WebSite\",\"@id\":\"https:\/\/www.bruntek.ro\/#website\",\"url\":\"https:\/\/www.bruntek.ro\/\",\"name\":\"Bruntek - Produc\u0103tor de \u021aigl\u0103 metalic\u0103, Tabl\u0103 Cutat\u0103 \u0219i Accesorii pentru acoperi\u0219uri\",\"description\":\"\",\"publisher\":{\"@id\":\"https:\/\/www.bruntek.ro\/#organization\"},\"potentialAction\":[{\"@type\":\"SearchAction\",\"target\":{\"@type\":\"EntryPoint\",\"urlTemplate\":\"https:\/\/www.bruntek.ro\/?s={search_term_string}\"},\"query-input\":{\"@type\":\"PropertyValueSpecification\",\"valueRequired\":true,\"valueName\":\"search_term_string\"}}],\"inLanguage\":\"de-DE\"},{\"@type\":\"Organization\",\"@id\":\"https:\/\/www.bruntek.ro\/#organization\",\"name\":\"Bruntek\",\"url\":\"https:\/\/www.bruntek.ro\/\",\"logo\":{\"@type\":\"ImageObject\",\"inLanguage\":\"de-DE\",\"@id\":\"https:\/\/www.bruntek.ro\/#\/schema\/logo\/image\/\",\"url\":\"https:\/\/i2.wp.com\/www.bruntek.ro\/wp-content\/uploads\/2017\/05\/bruntek-logo.png?fit=280%2C84&ssl=1\",\"contentUrl\":\"https:\/\/i2.wp.com\/www.bruntek.ro\/wp-content\/uploads\/2017\/05\/bruntek-logo.png?fit=280%2C84&ssl=1\",\"width\":280,\"height\":84,\"caption\":\"Bruntek\"},\"image\":{\"@id\":\"https:\/\/www.bruntek.ro\/#\/schema\/logo\/image\/\"},\"sameAs\":[\"https:\/\/www.facebook.com\/office.bruntek.ro\/\"]}]}<\/script>\n<!-- \/ Yoast SEO plugin. -->","yoast_head_json":{"title":"Unsere Geschichte - Bruntek","description":"Br\u00fcntek wurde im Fr\u00fchjahr 2013 gegr\u00fcndet. Die Grundaktivit\u00e4t gem\u00e4\u00df CAEN 7022 Code war Beratung bei der Konstruktion von Metallhallen und Bedachungen aus metallische Ziegel und Trapezbleche.","robots":{"index":"index","follow":"follow","max-snippet":"max-snippet:-1","max-image-preview":"max-image-preview:large","max-video-preview":"max-video-preview:-1"},"canonical":"https:\/\/www.bruntek.ro\/de\/unsere-geschichte\/","og_locale":"de_DE","og_type":"article","og_title":"Unsere Geschichte - Bruntek","og_description":"Br\u00fcntek wurde im Fr\u00fchjahr 2013 gegr\u00fcndet. Die Grundaktivit\u00e4t gem\u00e4\u00df CAEN 7022 Code war Beratung bei der Konstruktion von Metallhallen und Bedachungen aus metallische Ziegel und Trapezbleche.","og_url":"https:\/\/www.bruntek.ro\/de\/unsere-geschichte\/","og_site_name":"Bruntek - Produc\u0103tor de \u021aigl\u0103 metalic\u0103, Tabl\u0103 Cutat\u0103 \u0219i Accesorii pentru acoperi\u0219uri","article_publisher":"https:\/\/www.facebook.com\/office.bruntek.ro\/","article_modified_time":"2018-05-25T05:15:51+00:00","twitter_card":"summary_large_image","twitter_misc":{"Gesch\u00e4tzte Lesezeit":"3\u00a0Minuten"},"schema":{"@context":"https:\/\/schema.org","@graph":[{"@type":"WebPage","@id":"https:\/\/www.bruntek.ro\/de\/unsere-geschichte\/","url":"https:\/\/www.bruntek.ro\/de\/unsere-geschichte\/","name":"Unsere Geschichte - Bruntek","isPartOf":{"@id":"https:\/\/www.bruntek.ro\/#website"},"datePublished":"2017-05-23T08:15:53+00:00","dateModified":"2018-05-25T05:15:51+00:00","description":"Br\u00fcntek wurde im Fr\u00fchjahr 2013 gegr\u00fcndet. Die Grundaktivit\u00e4t gem\u00e4\u00df CAEN 7022 Code war Beratung bei der Konstruktion von Metallhallen und Bedachungen aus metallische Ziegel und Trapezbleche.","breadcrumb":{"@id":"https:\/\/www.bruntek.ro\/de\/unsere-geschichte\/#breadcrumb"},"inLanguage":"de-DE","potentialAction":[{"@type":"ReadAction","target":["https:\/\/www.bruntek.ro\/de\/unsere-geschichte\/"]}]},{"@type":"BreadcrumbList","@id":"https:\/\/www.bruntek.ro\/de\/unsere-geschichte\/#breadcrumb","itemListElement":[{"@type":"ListItem","position":1,"name":"Prima pagin\u0103","item":"https:\/\/www.bruntek.ro\/de\/"},{"@type":"ListItem","position":2,"name":"Unsere Geschichte"}]},{"@type":"WebSite","@id":"https:\/\/www.bruntek.ro\/#website","url":"https:\/\/www.bruntek.ro\/","name":"Bruntek - Produc\u0103tor de \u021aigl\u0103 metalic\u0103, Tabl\u0103 Cutat\u0103 \u0219i Accesorii pentru acoperi\u0219uri","description":"","publisher":{"@id":"https:\/\/www.bruntek.ro\/#organization"},"potentialAction":[{"@type":"SearchAction","target":{"@type":"EntryPoint","urlTemplate":"https:\/\/www.bruntek.ro\/?s={search_term_string}"},"query-input":{"@type":"PropertyValueSpecification","valueRequired":true,"valueName":"search_term_string"}}],"inLanguage":"de-DE"},{"@type":"Organization","@id":"https:\/\/www.bruntek.ro\/#organization","name":"Bruntek","url":"https:\/\/www.bruntek.ro\/","logo":{"@type":"ImageObject","inLanguage":"de-DE","@id":"https:\/\/www.bruntek.ro\/#\/schema\/logo\/image\/","url":"https:\/\/i2.wp.com\/www.bruntek.ro\/wp-content\/uploads\/2017\/05\/bruntek-logo.png?fit=280%2C84&ssl=1","contentUrl":"https:\/\/i2.wp.com\/www.bruntek.ro\/wp-content\/uploads\/2017\/05\/bruntek-logo.png?fit=280%2C84&ssl=1","width":280,"height":84,"caption":"Bruntek"},"image":{"@id":"https:\/\/www.bruntek.ro\/#\/schema\/logo\/image\/"},"sameAs":["https:\/\/www.facebook.com\/office.bruntek.ro\/"]}]}},"jetpack_sharing_enabled":true,"_links":{"self":[{"href":"https:\/\/www.bruntek.ro\/de\/wp-json\/wp\/v2\/pages\/1043\/"}],"collection":[{"href":"https:\/\/www.bruntek.ro\/de\/wp-json\/wp\/v2\/pages\/"}],"about":[{"href":"https:\/\/www.bruntek.ro\/de\/wp-json\/wp\/v2\/types\/page\/"}],"author":[{"embeddable":true,"href":"https:\/\/www.bruntek.ro\/de\/wp-json\/wp\/v2\/users\/5\/"}],"replies":[{"embeddable":true,"href":"https:\/\/www.bruntek.ro\/de\/wp-json\/wp\/v2\/comments\/?post=1043"}],"version-history":[{"count":3,"href":"https:\/\/www.bruntek.ro\/de\/wp-json\/wp\/v2\/pages\/1043\/revisions\/"}],"predecessor-version":[{"id":1071,"href":"https:\/\/www.bruntek.ro\/de\/wp-json\/wp\/v2\/pages\/1043\/revisions\/1071\/"}],"wp:attachment":[{"href":"https:\/\/www.bruntek.ro\/de\/wp-json\/wp\/v2\/media\/?parent=1043"}],"curies":[{"name":"wp","href":"https:\/\/api.w.org\/{rel}","templated":true}]}}