{"id":1038,"date":"2018-02-17T16:37:20","date_gmt":"2018-02-17T14:37:20","guid":{"rendered":"https:\/\/www.bruntek.ro\/tigla-metalica\/"},"modified":"2018-05-25T08:27:26","modified_gmt":"2018-05-25T05:27:26","slug":"metalldachziegel","status":"publish","type":"page","link":"https:\/\/www.bruntek.ro\/de\/metalldachziegel\/","title":{"rendered":"Metalldachziegel"},"content":{"rendered":"<p>[vc_row full_width=&#8220;stretch_row&#8220; css=&#8220;.vc_custom_1525332850284{background-image: url(https:\/\/www.bruntek.ro\/wp-content\/uploads\/2018\/05\/Header-Tigla-Metalica.jpg?id=721) !important;background-position: center !important;background-repeat: no-repeat !important;background-size: cover !important;}&#8220; el_class=&#8220;page-head container-flex-items&#8220;][vc_column offset=&#8220;vc_col-lg-12 vc_col-md-12 vc_col-xs-12&#8243;][vc_column_text]<\/p>\n<h1 class=\"page-head-text\">Metalldachziegel<\/h1>\n<p>[\/vc_column_text][\/vc_column][\/vc_row][vc_row full_width=&#8220;stretch_row&#8220; el_class=&#8220;margin-top&#8220;][vc_column offset=&#8220;vc_col-lg-6 vc_col-md-6 vc_col-xs-12&#8243; el_class=&#8220;margin-bottom&#8220;][vc_column_text]M\u00f6chten Sie ein neues Dach mit einem einzigartigen Aussehen und Design? Das Dach jeder Art von Konstruktion ist eine langfristige Investition, daher muss die verwendete Metalldachziegel von hoher Qualit\u00e4t und dauerhaft sein.<\/p>\n<p>Der Metallziegel von BrunTek ist aufgrund seines vielseitigen Designs, seiner Lebensdauer von mindestens 60 Jahren und seiner umfassenden Garantie von bis zu 10 Jahren die modernste, schnellste und zuverl\u00e4ssigste Bedachungsl\u00f6sung.[\/vc_column_text][\/vc_column][vc_column offset=&#8220;vc_col-lg-6 vc_col-md-6 vc_col-xs-12&#8243; el_class=&#8220;margin-bottom&#8220;][vc_single_image image=&#8220;744&#8243; img_size=&#8220;full&#8220; alignment=&#8220;right&#8220; css=&#8220;.vc_custom_1525336915244{padding-right: 20px !important;}&#8220;][\/vc_column][\/vc_row][vc_row full_width=&#8220;stretch_row&#8220; el_class=&#8220;margin-bottom&#8220;][vc_column][vc_column_text]Die dreidimensionale Bearbeitung und Profilierung einer Linie der letzten Generation aus dem Jahr 2018 bietet Ihnen einen zus\u00e4tzlichen Vorteil bei der perfekten Verbindung von Metallplatten. Ein wichtiges technisches Detail der Metallfliesen von BrunTek ist die Kapillarit\u00e4t, die eine maximale Dichtheit gew\u00e4hrleistet.<\/p>\n<p>Die technischen Eigenschaften des Profils und die Qualit\u00e4t der verwendeten Materialien bieten Ihnen ein innovatives und langfristiges Deckelsystem, das Generationen sch\u00fctzt.<\/p>\n<ul class=\"origami-bullets\">\n<li>Modull\u00e4nge: 350 mm &#8211; 400 mm<\/li>\n<li>Nutzdeckbreite: 1100mm<\/li>\n<li>Maximale L\u00e4nge: min. 400mm &#8211; max. 4690mm<\/li>\n<li>Mindestneigung: 15 grade<\/li>\n<li>Spezifisches Gewicht: 3.5 &#8211; 4.5kg\/m2<\/li>\n<\/ul>\n<p class=\"bold-text semi-title\">Warum die neue BrunTek Metallfliese?<\/p>\n<ul class=\"origami-bullets\">\n<li>Nachhaltigkeit. D\u00e4cher mit Metallziegel haben eine sehr lange Lebensdauer, was eine gute Investition \u00fcber mehreren Generationen ist. Die Senkung der Wartungskosten sorgt f\u00fcr langfristige Zufriedenheit<\/li>\n<li>Erh\u00f6hte Steifigkeit und ausgezeichnete Entw\u00e4sserungsf\u00e4higkeit. Durch die Profilierung mit Entw\u00e4sserungsrinnen zeichnet sich dieser Typ von profilierten Metallziegeln durch wichtige Vorteile, wie erh\u00f6hte Steifigkeit und hervorragende Entw\u00e4sserungsf\u00e4higkeit aus<\/li>\n<li>Einfacher Einbau. Der Einbauprozess der Metallziegel auf jeder Art von Dach ist sehr einfach. Dies erfordert keine Aush\u00e4rtungsaktivit\u00e4t, es ist lediglich notwendig, den Vorgang des Auftragens und Positionierens der Metallplatten auszuf\u00fchren und die Holzschrauben aufzuschrauben<\/li>\n<li>Die Profilgeometrie erm\u00f6glicht eine Profilierung der Plakatw\u00e4nde bis zu einer L\u00e4nge von 4690 mm<\/li>\n<\/ul>\n<p>[\/vc_column_text][\/vc_column][\/vc_row][vc_row el_class=&#8220;border-container&#8220;][vc_column][vc_raw_html el_class=&#8220;margin-bottom&#8220;]JTNDZGl2JTIwY2xhc3MlM0QlMjJjb250YWluZXIlMjBub3BhZGRpbmclMjIlM0UlMEElM0NkaXYlMjBjbGFzcyUzRCUyMnJvdyUyMiUzRSUwQSUzQ2RpdiUyMGNsYXNzJTNEJTIyY29sLWxnLTEyJTIyJTNFJTNDcCUyMHN0eWxlJTNEJTIyZGlzcGxheSUzQW5vbmUlMjIlMjBjbGFzcyUzRCUyMmJvbGQtdGV4dCUyMHNlbWktdGl0bGUlMjIlM0VUZWNobmlzY2hlJTIwWmVpY2hudW5nJTNDJTJGcCUzRSUzQyUyRmRpdiUzRSUwQSUzQ2RpdiUyMGNsYXNzJTNEJTIyY29sLW1kLTEwdGglMjIlM0UlM0NpbWclMjBzdHlsZSUzRCUyMmRpc3BsYXklM0Fub25lJTIyJTIwc3JjJTNEJTIyJTJGd3AtY29udGVudCUyRnVwbG9hZHMlMkYyMDE3JTJGc3ZnJTJGcHJvZmlsLXQxOC5zdmclMjIlMjBhbHQlM0QlMjJwcm9maWwlMjBjbGFzaWMlMjB0aWdsYSUyMG1ldGFsaWNhJTIyJTNFJTNDJTJGZGl2JTNFJTBBJTNDZGl2JTIwY2xhc3MlM0QlMjJjb2wtbWQtMTB0aCUyMiUzRSUzQyUyRmRpdiUzRSUwQSUzQ2RpdiUyMGNsYXNzJTNEJTIyY29sLW1kLTEwdGglMjIlM0UlM0MlMkZkaXYlM0UlMEElM0NkaXYlMjBjbGFzcyUzRCUyMmNvbC1tZC0xMHRoJTIyJTNFJTNDJTJGZGl2JTNFJTBBJTNDZGl2JTIwY2xhc3MlM0QlMjJjb2wtbWQtMTB0aCUyMiUzRSUzQyUyRmRpdiUzRSUwQSUzQ2RpdiUyMGNsYXNzJTNEJTIyY29sLW1kLTEwdGglMjIlM0UlM0MlMkZkaXYlM0UlMEElM0NkaXYlMjBjbGFzcyUzRCUyMmNvbC1tZC0xMHRoJTIyJTNFJTNDJTJGZGl2JTNFJTBBJTNDZGl2JTIwY2xhc3MlM0QlMjJjb2wtbWQtMTB0aCUyMiUzRSUzQyUyRmRpdiUzRSUwQSUzQ2RpdiUyMGNsYXNzJTNEJTIyY29sLW1kLTEwdGglMjIlM0UlM0MlMkZkaXYlM0UlMEElM0NkaXYlMjBjbGFzcyUzRCUyMmNvbC1tZC0xMHRoJTIyJTNFJTNDJTJGZGl2JTNFJTBBJTNDJTJGZGl2JTNFJTNDJTJGZGl2JTNF[\/vc_raw_html][vc_raw_html el_class=&#8220;margin-bottom border-padding-top&#8220;]JTNDZGl2JTIwY2xhc3MlM0QlMjJjb250YWluZXIlMjBub3BhZGRpbmclMjIlM0UlM0NkaXYlMjBjbGFzcyUzRCUyMnJvdyUyMiUzRSUwQSUzQ2RpdiUyMGNsYXNzJTNEJTIyY29sLWxnLTEyJTIyJTNFJTNDcCUyMGNsYXNzJTNEJTIyYm9sZC10ZXh0JTIwc2VtaS10aXRsZSUyMiUzRVRlY2huaXNjaGUlMjBaZWljaG51bmclM0MlMkZwJTNFJTNDJTJGZGl2JTNFJTBBJTNDZGl2JTIwY2xhc3MlM0QlMjJjb2wtbGctMTIlMjIlM0UlM0NpbWclMjBzcmMlM0QlMjIlMkZ3cC1jb250ZW50JTJGdXBsb2FkcyUyRjIwMTglMkYwMiUyRnRpZ2xhLW1ldGFsaWNhLWJydW50ZWstc2NoZW1hLXRlaG5pY2EucG5nJTIyJTIwYWx0JTNEJTIyVGVjaG5pc2NoZSUyMFplaWNobnVuZyUyMiUzRSUzQyUyRmRpdiUzRSUwQSUzQyUyRmRpdiUzRSUzQyUyRmRpdiUzRQ==[\/vc_raw_html][vc_raw_html el_class=&#8220;margin-bottom border-padding-top&#8220;]JTNDZGl2JTIwY2xhc3MlM0QlMjJjb250YWluZXIlMjBub3BhZGRpbmclMjIlM0UlM0NkaXYlMjBjbGFzcyUzRCUyMnJvdyUyMiUzRSUwQSUzQ2RpdiUyMGNsYXNzJTNEJTIyY29sLWxnLTEyJTIyJTNFJTNDcCUyMGNsYXNzJTNEJTIyYm9sZC10ZXh0JTIwc2VtaS10aXRsZSUyMiUzRVZlcmYlQzMlQkNnYmFyZSUyMEZhcmJlbiUzQyUyRnAlM0UlM0MlMkZkaXYlM0UlMEElM0NkaXYlMjBjbGFzcyUzRCUyMmNvbC1tZC0xMHRoJTIyJTNFJTNDaW1nJTIwc3JjJTNEJTIyJTJGd3AtY29udGVudCUyRnVwbG9hZHMlMkYyMDE4JTJGc3ZnJTJGcmFsMzAwNS5zdmclMjIlMjBhbHQlM0QlMjJjdWxvYXJlJTIwcmFsMzAwNSUyMiUzRSUzQ3AlM0VSQUwlMjAzMDA1JTNDJTJGcCUzRSUzQyUyRmRpdiUzRSUwQSUzQ2RpdiUyMGNsYXNzJTNEJTIyY29sLW1kLTEwdGglMjIlM0UlM0NpbWclMjBzcmMlM0QlMjIlMkZ3cC1jb250ZW50JTJGdXBsb2FkcyUyRjIwMTglMkZzdmclMkZyYWwzMDA5LnN2ZyUyMiUyMGFsdCUzRCUyMmN1bG9hcmUlMjByYWwzMDA5JTIyJTNFJTNDcCUzRVJBTCUyMDMwMDklM0MlMkZwJTNFJTNDJTJGZGl2JTNFJTBBJTNDZGl2JTIwY2xhc3MlM0QlMjJjb2wtbWQtMTB0aCUyMiUzRSUzQ2ltZyUyMHNyYyUzRCUyMiUyRndwLWNvbnRlbnQlMkZ1cGxvYWRzJTJGMjAxOCUyRnN2ZyUyRnJhbDMwMTEuc3ZnJTIyJTIwYWx0JTNEJTIyY3Vsb2FyZSUyMHJhbDMwMTElMjIlM0UlM0NwJTNFUkFMJTIwMzAxMSUzQyUyRnAlM0UlM0MlMkZkaXYlM0UlMEElM0NkaXYlMjBjbGFzcyUzRCUyMmNvbC1tZC0xMHRoJTIyJTNFJTNDaW1nJTIwc3JjJTNEJTIyJTJGd3AtY29udGVudCUyRnVwbG9hZHMlMkYyMDE4JTJGc3ZnJTJGcmFsNTAxMC5zdmclMjIlMjBhbHQlM0QlMjJjdWxvYXJlJTIwcmFsNTAxMCUyMiUzRSUzQ3AlM0VSQUwlMjA1MDEwJTNDJTJGcCUzRSUzQyUyRmRpdiUzRSUwQSUzQ2RpdiUyMGNsYXNzJTNEJTIyY29sLW1kLTEwdGglMjIlM0UlM0NpbWclMjBzcmMlM0QlMjIlMkZ3cC1jb250ZW50JTJGdXBsb2FkcyUyRjIwMTglMkZzdmclMkZyYWw2MDA1LnN2ZyUyMiUyMGFsdCUzRCUyMmN1bG9hcmUlMjByYWw2MDA1JTIyJTNFJTNDcCUzRVJBTCUyMDYwMDUlM0MlMkZwJTNFJTNDJTJGZGl2JTNFJTBBJTNDZGl2JTIwY2xhc3MlM0QlMjJjb2wtbWQtMTB0aCUyMiUzRSUzQ2ltZyUyMHNyYyUzRCUyMiUyRndwLWNvbnRlbnQlMkZ1cGxvYWRzJTJGMjAxOCUyRnN2ZyUyRnJhbDYwMjAuc3ZnJTIyJTIwYWx0JTNEJTIyY3Vsb2FyZSUyMHJhbDYwMjAlMjIlM0UlM0NwJTNFUkFMJTIwNjAyMCUzQyUyRnAlM0UlM0MlMkZkaXYlM0UlMEElM0NkaXYlMjBjbGFzcyUzRCUyMmNvbC1tZC0xMHRoJTIyJTNFJTNDaW1nJTIwc3JjJTNEJTIyJTJGd3AtY29udGVudCUyRnVwbG9hZHMlMkYyMDE4JTJGc3ZnJTJGcmFsNzAyNC5zdmclMjIlMjBhbHQlM0QlMjJjdWxvYXJlJTIwcmFsNzAyNCUyMiUzRSUzQ3AlM0VSQUwlMjA3MDI0JTNDJTJGcCUzRSUzQyUyRmRpdiUzRSUwQSUzQ2RpdiUyMGNsYXNzJTNEJTIyY29sLW1kLTEwdGglMjIlM0UlM0NpbWclMjBzcmMlM0QlMjIlMkZ3cC1jb250ZW50JTJGdXBsb2FkcyUyRjIwMTglMkZzdmclMkZyYWw4MDA0LnN2ZyUyMiUyMGFsdCUzRCUyMmN1bG9hcmUlMjByYWw4MDA0JTIyJTNFJTNDcCUzRVJBTCUyMDgwMDQlM0MlMkZwJTNFJTNDJTJGZGl2JTNFJTBBJTNDZGl2JTIwY2xhc3MlM0QlMjJjb2wtbWQtMTB0aCUyMiUzRSUzQ2ltZyUyMHNyYyUzRCUyMiUyRndwLWNvbnRlbnQlMkZ1cGxvYWRzJTJGMjAxOCUyRnN2ZyUyRnJhbDgwMTcuc3ZnJTIyJTIwYWx0JTNEJTIyY3Vsb2FyZSUyMHJhbDgwMTclMjIlM0UlM0NwJTNFUkFMJTIwODAxNyUzQyUyRnAlM0UlM0MlMkZkaXYlM0UlMEElM0NkaXYlMjBjbGFzcyUzRCUyMmNvbC1tZC0xMHRoJTIyJTNFJTNDaW1nJTIwc3JjJTNEJTIyJTJGd3AtY29udGVudCUyRnVwbG9hZHMlMkYyMDE4JTJGc3ZnJTJGcmFsODAxOS5zdmclMjIlMjBhbHQlM0QlMjJjdWxvYXJlJTIwcmFsODAxOSUyMiUzRSUzQ3AlM0VSQUwlMjA4MDE5JTNDJTJGcCUzRSUzQyUyRmRpdiUzRSUwQSUzQ2RpdiUyMGNsYXNzJTNEJTIyY29sLW1kLTEwdGglMjIlM0UlM0NpbWclMjBzcmMlM0QlMjIlMkZ3cC1jb250ZW50JTJGdXBsb2FkcyUyRjIwMTglMkZzdmclMkZyYWw5MDAyLnN2ZyUyMiUyMGFsdCUzRCUyMmN1bG9hcmUlMjByYWw5MDAyJTIyJTNFJTNDcCUzRVJBTCUyMDkwMDIlM0MlMkZwJTNFJTNDJTJGZGl2JTNFJTBBJTNDZGl2JTIwY2xhc3MlM0QlMjJjb2wtbWQtMTB0aCUyMiUzRSUzQ2ltZyUyMHNyYyUzRCUyMiUyRndwLWNvbnRlbnQlMkZ1cGxvYWRzJTJGMjAxOCUyRnN2ZyUyRnJhbDkwMDUuc3ZnJTIyJTIwYWx0JTNEJTIyY3Vsb2FyZSUyMHJhbDkwMDUlMjIlM0UlM0NwJTNFUkFMJTIwOTAwNSUzQyUyRnAlM0UlM0MlMkZkaXYlM0UlMEElM0NkaXYlMjBjbGFzcyUzRCUyMmNvbC1tZC0xMHRoJTIyJTNFJTNDaW1nJTIwc3JjJTNEJTIyJTJGd3AtY29udGVudCUyRnVwbG9hZHMlMkYyMDE4JTJGc3ZnJTJGcmFsOTAwNi5zdmclMjIlMjBhbHQlM0QlMjJjdWxvYXJlJTIwcmFsOTAwNiUyMiUzRSUzQ3AlM0VSQUwlMjA5MDA2JTNDJTJGcCUzRSUzQyUyRmRpdiUzRSUwQSUzQyUyRmRpdiUzRSUzQyUyRmRpdiUzRQ==[\/vc_raw_html][vc_raw_html el_class=&#8220;border-padding-top&#8220;]JTNDZGl2JTIwY2xhc3MlM0QlMjJjb250YWluZXIlMjBub3BhZGRpbmclMjIlM0UlM0NkaXYlMjBjbGFzcyUzRCUyMnJvdyUyMiUzRSUwQSUzQ2RpdiUyMGNsYXNzJTNEJTIyY29sLWxnLTEyJTIyJTNFJTNDcCUyMGNsYXNzJTNEJTIyYm9sZC10ZXh0JTIwc2VtaS10aXRsZSUyMiUzRVRlY2huaXNjaGUlMjBEZXRhaWxzJTNDJTJGcCUzRSUzQyUyRmRpdiUzRSUwQSUzQyUyRmRpdiUzRSUzQyUyRmRpdiUzRQ==[\/vc_raw_html][vc_row_inner el_class=&#8220;half-padding&#8220;][vc_column_inner width=&#8220;1\/3&#8243;][vc_column_text]<\/p>\n<p class=\"bold-text grey-text\">Material<\/p>\n<p>[\/vc_column_text][\/vc_column_inner][vc_column_inner width=&#8220;2\/3&#8243;][vc_column_text]Vorlackiertes und beidseitig mit Polyester beschichtetes Stahlblech[\/vc_column_text][\/vc_column_inner][\/vc_row_inner][vc_row_inner el_class=&#8220;half-padding&#8220;][vc_column_inner width=&#8220;1\/3&#8243;][vc_column_text]<\/p>\n<p class=\"bold-text grey-text\">Nenndicke<\/p>\n<p>[\/vc_column_text][\/vc_column_inner][vc_column_inner width=&#8220;2\/3&#8243;][vc_column_text]0,4 &#8211; 0,6 mm[\/vc_column_text][\/vc_column_inner][\/vc_row_inner][vc_row_inner el_class=&#8220;half-padding&#8220;][vc_column_inner width=&#8220;1\/3&#8243;][vc_column_text]<\/p>\n<p class=\"bold-text grey-text\">Gesamtbreite<\/p>\n<p>[\/vc_column_text][\/vc_column_inner][vc_column_inner width=&#8220;2\/3&#8243;][vc_column_text]1188mm[\/vc_column_text][\/vc_column_inner][\/vc_row_inner][vc_row_inner el_class=&#8220;half-padding&#8220;][vc_column_inner width=&#8220;1\/3&#8243;][vc_column_text]<\/p>\n<p class=\"bold-text grey-text\">N\u00fctzliche \u00dcberdeckungsbreitee<\/p>\n<p>[\/vc_column_text][\/vc_column_inner][vc_column_inner width=&#8220;2\/3&#8243;][vc_column_text]1100 mm[\/vc_column_text][\/vc_column_inner][\/vc_row_inner][vc_row_inner el_class=&#8220;half-padding&#8220;][vc_column_inner width=&#8220;1\/3&#8243;][vc_column_text]<\/p>\n<p class=\"bold-text grey-text\">Die H\u00f6he der Falte<\/p>\n<p>[\/vc_column_text][\/vc_column_inner][vc_column_inner width=&#8220;2\/3&#8243;][vc_column_text]20-30 mm[\/vc_column_text][\/vc_column_inner][\/vc_row_inner][vc_row_inner el_class=&#8220;half-padding&#8220;][vc_column_inner width=&#8220;1\/3&#8243;][vc_column_text]<\/p>\n<p class=\"bold-text grey-text\">Fl\u00e4chengewicht<\/p>\n<p>[\/vc_column_text][\/vc_column_inner][vc_column_inner width=&#8220;2\/3&#8243;][vc_column_text]4,5 kg \/ mp[\/vc_column_text][\/vc_column_inner][\/vc_row_inner][vc_row_inner el_class=&#8220;half-padding&#8220;][vc_column_inner width=&#8220;1\/3&#8243;][vc_column_text]<\/p>\n<p class=\"bold-text grey-text\">Garantie der gl\u00e4nzenden Oberfl\u00e4che<\/p>\n<p>[\/vc_column_text][\/vc_column_inner][vc_column_inner width=&#8220;2\/3&#8243;][vc_column_text]10 Jahre Garantie auf Farb- und Korrosionseigenschaften[\/vc_column_text][\/vc_column_inner][\/vc_row_inner][vc_row_inner el_class=&#8220;half-padding&#8220;][vc_column_inner width=&#8220;1\/3&#8243;][vc_column_text]<\/p>\n<p class=\"bold-text grey-text\">Matt-Finish-Garantie<\/p>\n<p>[\/vc_column_text][\/vc_column_inner][vc_column_inner width=&#8220;2\/3&#8243;][vc_column_text]15 Jahre Garantie auf Farb- und Korrosionseigenschaften[\/vc_column_text][\/vc_column_inner][\/vc_row_inner][vc_row_inner el_class=&#8220;half-padding&#8220;][vc_column_inner width=&#8220;1\/3&#8243;][vc_column_text]<\/p>\n<p class=\"bold-text grey-text\">Garantie f\u00fcr Quartz-Veredelung<\/p>\n<p>[\/vc_column_text][\/vc_column_inner][vc_column_inner width=&#8220;2\/3&#8243;][vc_column_text]35 Jahre Garantie auf Farb- und Korrosionseigenschaften[\/vc_column_text][\/vc_column_inner][\/vc_row_inner][vc_row_inner el_class=&#8220;margin-bottom&#8220;][vc_column_inner width=&#8220;1\/3&#8243;][vc_column_text]<\/p>\n<p class=\"bold-text grey-text\">Lebensdauer<\/p>\n<p>[\/vc_column_text][\/vc_column_inner][vc_column_inner width=&#8220;2\/3&#8243;][vc_column_text]50-60 Jahre[\/vc_column_text][\/vc_column_inner][\/vc_row_inner][\/vc_column][\/vc_row][vc_row][vc_column][vc_raw_html]JTNDZGl2JTIwY2xhc3MlM0QlMjJjb250YWluZXIlMjBub3BhZGRpbmclMjIlM0UlM0NkaXYlMjBjbGFzcyUzRCUyMnJvdyUyMiUzRSUwQSUzQ2RpdiUyMGNsYXNzJTNEJTIyY29sLWxnLTEyJTIyJTNFJTNDcCUyMGNsYXNzJTNEJTIyYm9sZC10ZXh0JTIwc2VtaS10aXRsZSUyMiUzRURhcyUyMFJvaG1hdGVyaWFsJTIwd2lyZCUyMGdlbGllZmVydCUyMHZvbiUzQyUyRnAlM0UlM0MlMkZkaXYlM0UlMEElM0NkaXYlMjBjbGFzcyUzRCUyMmNvbC1tZC01JTIyJTNFJTBBJTNDZGl2JTIwY2xhc3MlM0QlMjJyb3clMjIlM0UlMEElM0NkaXYlMjBjbGFzcyUzRCUyMmNvbC1tZC02JTIyJTNFJTBBJTNDaW1nJTIwY2xhc3MlM0QlMjJpbWctcmVzcG9uc2l2ZSUyMiUyMHNyYyUzRCUyMiUyRndwLWNvbnRlbnQlMkZ1cGxvYWRzJTJGMjAxOCUyRmxvZ29zJTJGQXJjZWxvcm1pdHRhbC1sb2dvLmpwZyUyMiUyMGFsdCUzRCUyMkFyY2Vsb3JtaXR0YWwlMjIlM0UlMEElM0MlMkZkaXYlM0UlMEElM0NkaXYlMjBjbGFzcyUzRCUyMmNvbC1tZC02JTIyJTNFJTBBJTNDaW1nJTIwY2xhc3MlM0QlMjJpbWctcmVzcG9uc2l2ZSUyMiUyMHNyYyUzRCUyMiUyRndwLWNvbnRlbnQlMkZ1cGxvYWRzJTJGMjAxOCUyRmxvZ29zJTJGc3NhYl9sb2dvLmpwZyUyMiUyMGFsdCUzRCUyMlNTQUIlMjIlM0UlMEElM0MlMkZkaXYlM0UlMEElM0MlMkZkaXYlM0UlMEElM0MlMkZkaXYlM0UlMEElM0NkaXYlMjBjbGFzcyUzRCUyMmNvbC1tZC0yJTIyJTNFJTNDaW1nJTIwY2xhc3MlM0QlMjJpbWctcmVzcG9uc2l2ZSUyMiUyMHNyYyUzRCUyMiUyRndwLWNvbnRlbnQlMkZ1cGxvYWRzJTJGMjAxOCUyRmxvZ29zJTJGbWFlY2VnYWdsaWEuanBnJTIyJTIwYWx0JTNEJTIybWFlY2VnYWdsaWElMjIlM0UlM0MlMkZkaXYlM0UlMEElM0NkaXYlMjBjbGFzcyUzRCUyMmNvbC1tZC01JTIyJTNFJTBBJTNDZGl2JTIwY2xhc3MlM0QlMjJyb3clMjIlM0UlMEElM0NkaXYlMjBjbGFzcyUzRCUyMmNvbC1tZC02JTIyJTNFJTBBJTNDaW1nJTIwY2xhc3MlM0QlMjJpbWctcmVzcG9uc2l2ZSUyMiUyMHNyYyUzRCUyMiUyRndwLWNvbnRlbnQlMkZ1cGxvYWRzJTJGMjAxOCUyRmxvZ29zJTJGaW1hZ2UwMDIucG5nJTIyJTIwYWx0JTNEJTIydm9lc3RwbGFuZSUyMiUzRSUwQSUzQyUyRmRpdiUzRSUwQSUzQ2RpdiUyMGNsYXNzJTNEJTIyY29sLW1kLTYlMjIlM0UlMEElM0NpbWclMjBjbGFzcyUzRCUyMmltZy1yZXNwb25zaXZlJTIyJTIwc3JjJTNEJTIyJTJGd3AtY29udGVudCUyRnVwbG9hZHMlMkYyMDE4JTJGbG9nb3MlMkZjb2xvZmVyLmpwZyUyMiUyMGFsdCUzRCUyMmNvbG9mZXIlMjIlM0UlMEElM0MlMkZkaXYlM0UlMEElM0MlMkZkaXYlM0UlMEElM0MlMkZkaXYlM0UlMEElM0MlMkZkaXYlM0UlM0MlMkZkaXYlM0U=[\/vc_raw_html][\/vc_column][\/vc_row]<\/p>\n","protected":false},"excerpt":{"rendered":"<p>[vc_row full_width=&#8220;stretch_row&#8220; css=&#8220;.vc_custom_1525332850284{background-image: url(https:\/\/www.bruntek.ro\/wp-content\/uploads\/2018\/05\/Header-Tigla-Metalica.jpg?id=721) !important;background-position: center !important;background-repeat: no-repeat !important;background-size: cover !important;}&#8220; el_class=&#8220;page-head container-flex-items&#8220;][vc_column offset=&#8220;vc_col-lg-12 vc_col-md-12 vc_col-xs-12&#8243;][vc_column_text] Metalldachziegel [\/vc_column_text][\/vc_column][\/vc_row][vc_row full_width=&#8220;stretch_row&#8220; el_class=&#8220;margin-top&#8220;][vc_column offset=&#8220;vc_col-lg-6 vc_col-md-6 vc_col-xs-12&#8243; el_class=&#8220;margin-bottom&#8220;][vc_column_text]M\u00f6chten Sie ein neues Dach mit einem einzigartigen Aussehen und Design? Das Dach jeder Art von Konstruktion ist eine langfristige Investition, daher muss die verwendete Metalldachziegel von hoher Qualit\u00e4t und dauerhaft sein. [&#8230;]<\/p>\n<p><a class=\"btn btn-secondary understrap-read-more-link\" href=\"https:\/\/www.bruntek.ro\/de\/metalldachziegel\/\">Weiterlesen&#8230;<\/a><\/p>\n","protected":false},"author":5,"featured_media":0,"parent":0,"menu_order":0,"comment_status":"closed","ping_status":"closed","template":"page-templates\/fullwidthpage.php","meta":{"footnotes":""},"class_list":["post-1038","page","type-page","status-publish","hentry"],"yoast_head":"<!-- This site is optimized with the Yoast SEO plugin v26.0 - https:\/\/yoast.com\/wordpress\/plugins\/seo\/ -->\n<title>Metalldachziegel - Bruntek<\/title>\n<meta name=\"description\" content=\"Der Metallziegel von BrunTek ist aufgrund seines vielseitigen Designs, seiner Lebensdauer von mindestens 60 Jahren und seiner umfassenden Garantie von bis zu 10 Jahren die modernste, schnellste und zuverl\u00e4ssigste Bedachungsl\u00f6sung.\" \/>\n<meta name=\"robots\" content=\"noindex, nofollow\" \/>\n<meta property=\"og:locale\" content=\"de_DE\" \/>\n<meta property=\"og:type\" content=\"article\" \/>\n<meta property=\"og:title\" content=\"Metalldachziegel - Bruntek\" \/>\n<meta property=\"og:description\" content=\"Der Metallziegel von BrunTek ist aufgrund seines vielseitigen Designs, seiner Lebensdauer von mindestens 60 Jahren und seiner umfassenden Garantie von bis zu 10 Jahren die modernste, schnellste und zuverl\u00e4ssigste Bedachungsl\u00f6sung.\" \/>\n<meta property=\"og:url\" content=\"https:\/\/www.bruntek.ro\/de\/metalldachziegel\/\" \/>\n<meta property=\"og:site_name\" content=\"Bruntek - Produc\u0103tor de \u021aigl\u0103 metalic\u0103, Tabl\u0103 Cutat\u0103 \u0219i Accesorii pentru acoperi\u0219uri\" \/>\n<meta property=\"article:publisher\" content=\"https:\/\/www.facebook.com\/office.bruntek.ro\/\" \/>\n<meta property=\"article:modified_time\" content=\"2018-05-25T05:27:26+00:00\" \/>\n<meta name=\"twitter:card\" content=\"summary_large_image\" \/>\n<meta name=\"twitter:label1\" content=\"Gesch\u00e4tzte Lesezeit\" \/>\n\t<meta name=\"twitter:data1\" content=\"7\u00a0Minuten\" \/>\n<script type=\"application\/ld+json\" class=\"yoast-schema-graph\">{\"@context\":\"https:\/\/schema.org\",\"@graph\":[{\"@type\":\"WebPage\",\"@id\":\"https:\/\/www.bruntek.ro\/de\/metalldachziegel\/\",\"url\":\"https:\/\/www.bruntek.ro\/de\/metalldachziegel\/\",\"name\":\"Metalldachziegel - Bruntek\",\"isPartOf\":{\"@id\":\"https:\/\/www.bruntek.ro\/#website\"},\"datePublished\":\"2018-02-17T14:37:20+00:00\",\"dateModified\":\"2018-05-25T05:27:26+00:00\",\"description\":\"Der Metallziegel von BrunTek ist aufgrund seines vielseitigen Designs, seiner Lebensdauer von mindestens 60 Jahren und seiner umfassenden Garantie von bis zu 10 Jahren die modernste, schnellste und zuverl\u00e4ssigste Bedachungsl\u00f6sung.\",\"breadcrumb\":{\"@id\":\"https:\/\/www.bruntek.ro\/de\/metalldachziegel\/#breadcrumb\"},\"inLanguage\":\"de-DE\",\"potentialAction\":[{\"@type\":\"ReadAction\",\"target\":[\"https:\/\/www.bruntek.ro\/de\/metalldachziegel\/\"]}]},{\"@type\":\"BreadcrumbList\",\"@id\":\"https:\/\/www.bruntek.ro\/de\/metalldachziegel\/#breadcrumb\",\"itemListElement\":[{\"@type\":\"ListItem\",\"position\":1,\"name\":\"Prima pagin\u0103\",\"item\":\"https:\/\/www.bruntek.ro\/de\/\"},{\"@type\":\"ListItem\",\"position\":2,\"name\":\"Metalldachziegel\"}]},{\"@type\":\"WebSite\",\"@id\":\"https:\/\/www.bruntek.ro\/#website\",\"url\":\"https:\/\/www.bruntek.ro\/\",\"name\":\"Bruntek - Produc\u0103tor de \u021aigl\u0103 metalic\u0103, Tabl\u0103 Cutat\u0103 \u0219i Accesorii pentru acoperi\u0219uri\",\"description\":\"\",\"publisher\":{\"@id\":\"https:\/\/www.bruntek.ro\/#organization\"},\"potentialAction\":[{\"@type\":\"SearchAction\",\"target\":{\"@type\":\"EntryPoint\",\"urlTemplate\":\"https:\/\/www.bruntek.ro\/?s={search_term_string}\"},\"query-input\":{\"@type\":\"PropertyValueSpecification\",\"valueRequired\":true,\"valueName\":\"search_term_string\"}}],\"inLanguage\":\"de-DE\"},{\"@type\":\"Organization\",\"@id\":\"https:\/\/www.bruntek.ro\/#organization\",\"name\":\"Bruntek\",\"url\":\"https:\/\/www.bruntek.ro\/\",\"logo\":{\"@type\":\"ImageObject\",\"inLanguage\":\"de-DE\",\"@id\":\"https:\/\/www.bruntek.ro\/#\/schema\/logo\/image\/\",\"url\":\"https:\/\/i2.wp.com\/www.bruntek.ro\/wp-content\/uploads\/2017\/05\/bruntek-logo.png?fit=280%2C84&ssl=1\",\"contentUrl\":\"https:\/\/i2.wp.com\/www.bruntek.ro\/wp-content\/uploads\/2017\/05\/bruntek-logo.png?fit=280%2C84&ssl=1\",\"width\":280,\"height\":84,\"caption\":\"Bruntek\"},\"image\":{\"@id\":\"https:\/\/www.bruntek.ro\/#\/schema\/logo\/image\/\"},\"sameAs\":[\"https:\/\/www.facebook.com\/office.bruntek.ro\/\"]}]}<\/script>\n<!-- \/ Yoast SEO plugin. -->","yoast_head_json":{"title":"Metalldachziegel - Bruntek","description":"Der Metallziegel von BrunTek ist aufgrund seines vielseitigen Designs, seiner Lebensdauer von mindestens 60 Jahren und seiner umfassenden Garantie von bis zu 10 Jahren die modernste, schnellste und zuverl\u00e4ssigste Bedachungsl\u00f6sung.","robots":{"index":"noindex","follow":"nofollow"},"og_locale":"de_DE","og_type":"article","og_title":"Metalldachziegel - Bruntek","og_description":"Der Metallziegel von BrunTek ist aufgrund seines vielseitigen Designs, seiner Lebensdauer von mindestens 60 Jahren und seiner umfassenden Garantie von bis zu 10 Jahren die modernste, schnellste und zuverl\u00e4ssigste Bedachungsl\u00f6sung.","og_url":"https:\/\/www.bruntek.ro\/de\/metalldachziegel\/","og_site_name":"Bruntek - Produc\u0103tor de \u021aigl\u0103 metalic\u0103, Tabl\u0103 Cutat\u0103 \u0219i Accesorii pentru acoperi\u0219uri","article_publisher":"https:\/\/www.facebook.com\/office.bruntek.ro\/","article_modified_time":"2018-05-25T05:27:26+00:00","twitter_card":"summary_large_image","twitter_misc":{"Gesch\u00e4tzte Lesezeit":"7\u00a0Minuten"},"schema":{"@context":"https:\/\/schema.org","@graph":[{"@type":"WebPage","@id":"https:\/\/www.bruntek.ro\/de\/metalldachziegel\/","url":"https:\/\/www.bruntek.ro\/de\/metalldachziegel\/","name":"Metalldachziegel - Bruntek","isPartOf":{"@id":"https:\/\/www.bruntek.ro\/#website"},"datePublished":"2018-02-17T14:37:20+00:00","dateModified":"2018-05-25T05:27:26+00:00","description":"Der Metallziegel von BrunTek ist aufgrund seines vielseitigen Designs, seiner Lebensdauer von mindestens 60 Jahren und seiner umfassenden Garantie von bis zu 10 Jahren die modernste, schnellste und zuverl\u00e4ssigste Bedachungsl\u00f6sung.","breadcrumb":{"@id":"https:\/\/www.bruntek.ro\/de\/metalldachziegel\/#breadcrumb"},"inLanguage":"de-DE","potentialAction":[{"@type":"ReadAction","target":["https:\/\/www.bruntek.ro\/de\/metalldachziegel\/"]}]},{"@type":"BreadcrumbList","@id":"https:\/\/www.bruntek.ro\/de\/metalldachziegel\/#breadcrumb","itemListElement":[{"@type":"ListItem","position":1,"name":"Prima pagin\u0103","item":"https:\/\/www.bruntek.ro\/de\/"},{"@type":"ListItem","position":2,"name":"Metalldachziegel"}]},{"@type":"WebSite","@id":"https:\/\/www.bruntek.ro\/#website","url":"https:\/\/www.bruntek.ro\/","name":"Bruntek - Produc\u0103tor de \u021aigl\u0103 metalic\u0103, Tabl\u0103 Cutat\u0103 \u0219i Accesorii pentru acoperi\u0219uri","description":"","publisher":{"@id":"https:\/\/www.bruntek.ro\/#organization"},"potentialAction":[{"@type":"SearchAction","target":{"@type":"EntryPoint","urlTemplate":"https:\/\/www.bruntek.ro\/?s={search_term_string}"},"query-input":{"@type":"PropertyValueSpecification","valueRequired":true,"valueName":"search_term_string"}}],"inLanguage":"de-DE"},{"@type":"Organization","@id":"https:\/\/www.bruntek.ro\/#organization","name":"Bruntek","url":"https:\/\/www.bruntek.ro\/","logo":{"@type":"ImageObject","inLanguage":"de-DE","@id":"https:\/\/www.bruntek.ro\/#\/schema\/logo\/image\/","url":"https:\/\/i2.wp.com\/www.bruntek.ro\/wp-content\/uploads\/2017\/05\/bruntek-logo.png?fit=280%2C84&ssl=1","contentUrl":"https:\/\/i2.wp.com\/www.bruntek.ro\/wp-content\/uploads\/2017\/05\/bruntek-logo.png?fit=280%2C84&ssl=1","width":280,"height":84,"caption":"Bruntek"},"image":{"@id":"https:\/\/www.bruntek.ro\/#\/schema\/logo\/image\/"},"sameAs":["https:\/\/www.facebook.com\/office.bruntek.ro\/"]}]}},"jetpack_sharing_enabled":true,"_links":{"self":[{"href":"https:\/\/www.bruntek.ro\/de\/wp-json\/wp\/v2\/pages\/1038\/"}],"collection":[{"href":"https:\/\/www.bruntek.ro\/de\/wp-json\/wp\/v2\/pages\/"}],"about":[{"href":"https:\/\/www.bruntek.ro\/de\/wp-json\/wp\/v2\/types\/page\/"}],"author":[{"embeddable":true,"href":"https:\/\/www.bruntek.ro\/de\/wp-json\/wp\/v2\/users\/5\/"}],"replies":[{"embeddable":true,"href":"https:\/\/www.bruntek.ro\/de\/wp-json\/wp\/v2\/comments\/?post=1038"}],"version-history":[{"count":3,"href":"https:\/\/www.bruntek.ro\/de\/wp-json\/wp\/v2\/pages\/1038\/revisions\/"}],"predecessor-version":[{"id":1076,"href":"https:\/\/www.bruntek.ro\/de\/wp-json\/wp\/v2\/pages\/1038\/revisions\/1076\/"}],"wp:attachment":[{"href":"https:\/\/www.bruntek.ro\/de\/wp-json\/wp\/v2\/media\/?parent=1038"}],"curies":[{"name":"wp","href":"https:\/\/api.w.org\/{rel}","templated":true}]}}