{"id":1034,"date":"2017-05-18T16:04:51","date_gmt":"2017-05-18T13:04:51","guid":{"rendered":"https:\/\/www.bruntek.ro\/accesorii-inchidere\/"},"modified":"2018-05-25T08:37:51","modified_gmt":"2018-05-25T05:37:51","slug":"verschlusszubehor","status":"publish","type":"page","link":"https:\/\/www.bruntek.ro\/de\/verschlusszubehor\/","title":{"rendered":"Verschlusszubeh\u00f6r"},"content":{"rendered":"<p>[vc_row full_width=&#8220;stretch_row&#8220; css=&#8220;.vc_custom_1496069179242{background-image: url(https:\/\/www.bruntek.ro\/wp-content\/uploads\/2017\/05\/header-accesorii-de-inchidere.jpg?id=569) !important;background-position: center !important;background-repeat: no-repeat !important;background-size: cover !important;}&#8220; el_class=&#8220;page-head container-flex-items&#8220;][vc_column offset=&#8220;vc_col-lg-12 vc_col-md-12 vc_col-xs-12&#8243;][vc_column_text]<\/p>\n<h1 class=\"page-head-text\">Verschlusszubeh\u00f6r<\/h1>\n<p>[\/vc_column_text][\/vc_column][\/vc_row][vc_row el_class=&#8220;margin-top&#8220;][vc_column][vc_column_text]<\/p>\n<p class=\"bold-text semi-title\">Details<\/p>\n<p class=\"semi-title\">Das Verschlusszubeh\u00f6r besteht aus vorlackierten oder verzinkten Blechen mit einer Dicke von mindestens 0,45 mm und einer L\u00e4nge von bis zu 6000 mm. Das Verschlusszubeh\u00f6r hilft dabei, Oberfl\u00e4chen herzustellen, die den Unterschied ausmachen.<\/p>\n<p class=\"bold-text semi-title\">Anwendbarkeit<\/p>\n<p>Bruntek produziert und bietet die beste Auswahl von Zubeh\u00f6r f\u00fcr die Kombination mit unseren Metallprofilen.<\/p>\n<p class=\"bold-text semi-title\">Vorteile<\/p>\n<ul class=\"origami-bullets\">\n<li>Bietet Best\u00e4ndigkeit und Nachhaltigkeit f\u00fcr Verschl\u00fcsse<\/li>\n<li>Die Elastizit\u00e4t der Strukturen, die durch ihre Verwendung erhalten wird, ist besonders in L\u00e4ndern mit gem\u00e4\u00dfigtem kontinentalem \u00dcbergangsklima mit vier gesonderte Jahreszeiten von gro\u00dfem Vorteil<\/li>\n<li>Anpassbar an Kundenanforderungen<\/li>\n<\/ul>\n<p>[\/vc_column_text][\/vc_column][\/vc_row][vc_row el_class=&#8220;border-container&#8220;][vc_column][vc_raw_html el_class=&#8220;margin-bottom&#8220;]JTNDZGl2JTIwY2xhc3MlM0QlMjJjb250YWluZXIlMjBub3BhZGRpbmclMjIlM0UlM0NkaXYlMjBjbGFzcyUzRCUyMnJvdyUyMiUzRSUwQSUzQ2RpdiUyMGNsYXNzJTNEJTIyY29sLW1kLTV0aCUyMiUzRSUzQ3AlM0VIYWxicnVuZGVyJTIwRmlyc3QlM0MlMkZwJTNFJTNDaW1nJTIwc3JjJTNEJTIyJTJGd3AtY29udGVudCUyRnVwbG9hZHMlMkYyMDE3JTJGMDUlMkZjb2FtYS1zZW1pcm90dW5kYS5wbmclMjIlMjBhbHQlM0QlMjJIYWxicnVuZGVyJTIwRmlyc3QlMjIlM0UlM0MlMkZkaXYlM0UlMEElM0NkaXYlMjBjbGFzcyUzRCUyMmNvbC1tZC01dGglMjIlM0UlM0NwJTNFUmVjaHRlY2tpZ2VyJTIwRmlyc3QlM0MlMkZwJTNFJTNDaW1nJTIwc3JjJTNEJTIyJTJGd3AtY29udGVudCUyRnVwbG9hZHMlMkYyMDE3JTJGMDUlMkZjb2FtYS1kcmVhcHRhLnBuZyUyMiUyMGFsdCUzRCUyMlJlY2h0ZWNraWdlciUyMEZpcnN0JTIyJTNFJTNDJTJGZGl2JTNFJTBBJTNDZGl2JTIwY2xhc3MlM0QlMjJjb2wtbWQtNXRoJTIyJTNFJTNDcCUzRUdpZWJlbGxlaXN0ZSUzQyUyRnAlM0UlM0NpbWclMjBzcmMlM0QlMjIlMkZ3cC1jb250ZW50JTJGdXBsb2FkcyUyRjIwMTclMkYwNSUyRmJvcmR1cmEtZnJvbnRvbi5wbmclMjIlMjBhbHQlM0QlMjJHaWViZWxsZWlzdGUlMjIlM0UlM0MlMkZkaXYlM0UlMEElM0NkaXYlMjBjbGFzcyUzRCUyMmNvbC1tZC01dGglMjIlM0UlM0NwJTNFU2VpdGxpY2hlciUyMFZlcnNjaGx1c3MlM0MlMkZwJTNFJTNDaW1nJTIwc3JjJTNEJTIyJTJGd3AtY29udGVudCUyRnVwbG9hZHMlMkYyMDE3JTJGMDUlMkZpbmNoaWRlcmUtbGF0ZXJhbGEucG5nJTIyJTIwYWx0JTNEJTIyU2VpdGxpY2hlciUyMFZlcnNjaGx1c3MlMjIlM0UlM0MlMkZkaXYlM0UlMEElM0NkaXYlMjBjbGFzcyUzRCUyMmNvbC1tZC01dGglMjIlM0UlM0NwJTNFRGFjaHJpbm5lbmFic2NobHVzcyUzQyUyRnAlM0UlM0NpbWclMjBzcmMlM0QlMjIlMkZ3cC1jb250ZW50JTJGdXBsb2FkcyUyRjIwMTclMkYwNSUyRnBhemllLWpnaGVhYi5wbmclMjIlMjBhbHQlM0QlMjJEYWNocmlubmVuYWJzY2hsdXNzJTIyJTNFJTNDJTJGZGl2JTNFJTBBJTNDZGl2JTIwY2xhc3MlM0QlMjJjbGVhcmZpeCUyMGhlaWdodC1zcGFjZSUyMiUzRSUzQyUyRmRpdiUzRSUwQSUzQ2RpdiUyMGNsYXNzJTNEJTIyY29sLW1kLTV0aCUyMiUzRSUzQ3AlM0VLZWhsZSUzQyUyRnAlM0UlM0NpbWclMjBzcmMlM0QlMjIlMkZ3cC1jb250ZW50JTJGdXBsb2FkcyUyRjIwMTclMkYwNSUyRmRvbGllLnBuZyUyMiUyMGFsdCUzRCUyMktlaGxlJTIyJTNFJTNDJTJGZGl2JTNFJTBBJTNDZGl2JTIwY2xhc3MlM0QlMjJjb2wtbWQtNXRoJTIyJTNFJTNDcCUzRUJlZmVzdGlndW5nJTIwYW4lMjBXJUMzJUE0bmRlbiUzQyUyRnAlM0UlM0NpbWclMjBzcmMlM0QlMjIlMkZ3cC1jb250ZW50JTJGdXBsb2FkcyUyRjIwMTclMkYwNSUyRnJhY29yZC1wZXJldGUucG5nJTIyJTIwYWx0JTNEJTIyQmVmZXN0aWd1bmclMjBhbiUyMFclQzMlQTRuZGVuJTIyJTNFJTNDJTJGZGl2JTNFJTBBJTNDZGl2JTIwY2xhc3MlM0QlMjJjb2wtbWQtNXRoJTIyJTNFJTNDcCUzRVNjaG5lZWZhbmd3aW5rZWwlM0MlMkZwJTNFJTNDaW1nJTIwc3JjJTNEJTIyJTJGd3AtY29udGVudCUyRnVwbG9hZHMlMkYyMDE3JTJGMDUlMkZwYXJhemFwYWRhLnBuZyUyMiUyMGFsdCUzRCUyMlNjaG5lZWZhbmd3aW5rZWwlMjIlM0UlM0MlMkZkaXYlM0UlMEElM0NkaXYlMjBjbGFzcyUzRCUyMmNvbC1tZC01dGglMjIlM0UlM0NwJTNFVmVyc3RlY2t0ZSUyMERhY2hyaW5uZSUzQyUyRnAlM0UlM0NpbWclMjBzcmMlM0QlMjIlMkZ3cC1jb250ZW50JTJGdXBsb2FkcyUyRjIwMTclMkYwNSUyRmpnaGVhYi1hc2N1bnMucG5nJTIyJTIwYWx0JTNEJTIyVmVyc3RlY2t0ZSUyMERhY2hyaW5uZSUyMiUzRSUzQyUyRmRpdiUzRSUwQSUzQ2RpdiUyMGNsYXNzJTNEJTIyY29sLW1kLTV0aCUyMiUzRSUzQ3AlM0VUcmF1ZmxlaXN0ZSUzQyUyRnAlM0UlM0NpbWclMjBzcmMlM0QlMjIlMkZ3cC1jb250ZW50JTJGdXBsb2FkcyUyRjIwMTclMkYwNSUyRnNvcnQtc3RyZWFzaW5hLnBuZyUyMiUyMGFsdCUzRCUyMlRyYXVmbGVpc3RlJTIyJTNFJTNDJTJGZGl2JTNFJTBBJTNDJTJGZGl2JTNFJTNDJTJGZGl2JTNF[\/vc_raw_html][vc_raw_html el_class=&#8220;margin-bottom border-padding-top&#8220;]JTNDZGl2JTIwY2xhc3MlM0QlMjJjb250YWluZXIlMjBub3BhZGRpbmclMjIlM0UlM0NkaXYlMjBjbGFzcyUzRCUyMnJvdyUyMiUzRSUwQSUzQ2RpdiUyMGNsYXNzJTNEJTIyY29sLWxnLTEyJTIyJTNFJTNDcCUyMGNsYXNzJTNEJTIyYm9sZC10ZXh0JTIwc2VtaS10aXRsZSUyMiUzRVZlcmYlQzMlQkNnYmFyZSUyMEZhcmJlbiUzQyUyRnAlM0UlM0MlMkZkaXYlM0UlMEElM0NkaXYlMjBjbGFzcyUzRCUyMmNvbC1tZC0xMHRoJTIyJTNFJTNDaW1nJTIwc3JjJTNEJTIyJTJGd3AtY29udGVudCUyRnVwbG9hZHMlMkYyMDE4JTJGc3ZnJTJGcmFsMzAwNS5zdmclMjIlMjBhbHQlM0QlMjJjdWxvYXJlJTIwcmFsMzAwNSUyMiUzRSUzQ3AlM0VSQUwlMjAzMDA1JTNDJTJGcCUzRSUzQyUyRmRpdiUzRSUwQSUzQ2RpdiUyMGNsYXNzJTNEJTIyY29sLW1kLTEwdGglMjIlM0UlM0NpbWclMjBzcmMlM0QlMjIlMkZ3cC1jb250ZW50JTJGdXBsb2FkcyUyRjIwMTglMkZzdmclMkZyYWwzMDA5LnN2ZyUyMiUyMGFsdCUzRCUyMmN1bG9hcmUlMjByYWwzMDA5JTIyJTNFJTNDcCUzRVJBTCUyMDMwMDklM0MlMkZwJTNFJTNDJTJGZGl2JTNFJTBBJTNDZGl2JTIwY2xhc3MlM0QlMjJjb2wtbWQtMTB0aCUyMiUzRSUzQ2ltZyUyMHNyYyUzRCUyMiUyRndwLWNvbnRlbnQlMkZ1cGxvYWRzJTJGMjAxOCUyRnN2ZyUyRnJhbDMwMTEuc3ZnJTIyJTIwYWx0JTNEJTIyY3Vsb2FyZSUyMHJhbDMwMTElMjIlM0UlM0NwJTNFUkFMJTIwMzAxMSUzQyUyRnAlM0UlM0MlMkZkaXYlM0UlMEElM0NkaXYlMjBjbGFzcyUzRCUyMmNvbC1tZC0xMHRoJTIyJTNFJTNDaW1nJTIwc3JjJTNEJTIyJTJGd3AtY29udGVudCUyRnVwbG9hZHMlMkYyMDE4JTJGc3ZnJTJGcmFsNTAxMC5zdmclMjIlMjBhbHQlM0QlMjJjdWxvYXJlJTIwcmFsNTAxMCUyMiUzRSUzQ3AlM0VSQUwlMjA1MDEwJTNDJTJGcCUzRSUzQyUyRmRpdiUzRSUwQSUzQ2RpdiUyMGNsYXNzJTNEJTIyY29sLW1kLTEwdGglMjIlM0UlM0NpbWclMjBzcmMlM0QlMjIlMkZ3cC1jb250ZW50JTJGdXBsb2FkcyUyRjIwMTglMkZzdmclMkZyYWw2MDA1LnN2ZyUyMiUyMGFsdCUzRCUyMmN1bG9hcmUlMjByYWw2MDA1JTIyJTNFJTNDcCUzRVJBTCUyMDYwMDUlM0MlMkZwJTNFJTNDJTJGZGl2JTNFJTBBJTNDZGl2JTIwY2xhc3MlM0QlMjJjb2wtbWQtMTB0aCUyMiUzRSUzQ2ltZyUyMHNyYyUzRCUyMiUyRndwLWNvbnRlbnQlMkZ1cGxvYWRzJTJGMjAxOCUyRnN2ZyUyRnJhbDYwMjAuc3ZnJTIyJTIwYWx0JTNEJTIyY3Vsb2FyZSUyMHJhbDYwMjAlMjIlM0UlM0NwJTNFUkFMJTIwNjAyMCUzQyUyRnAlM0UlM0MlMkZkaXYlM0UlMEElM0NkaXYlMjBjbGFzcyUzRCUyMmNvbC1tZC0xMHRoJTIyJTNFJTNDaW1nJTIwc3JjJTNEJTIyJTJGd3AtY29udGVudCUyRnVwbG9hZHMlMkYyMDE4JTJGc3ZnJTJGcmFsNzAyNC5zdmclMjIlMjBhbHQlM0QlMjJjdWxvYXJlJTIwcmFsNzAyNCUyMiUzRSUzQ3AlM0VSQUwlMjA3MDI0JTNDJTJGcCUzRSUzQyUyRmRpdiUzRSUwQSUzQ2RpdiUyMGNsYXNzJTNEJTIyY29sLW1kLTEwdGglMjIlM0UlM0NpbWclMjBzcmMlM0QlMjIlMkZ3cC1jb250ZW50JTJGdXBsb2FkcyUyRjIwMTglMkZzdmclMkZyYWw4MDA0LnN2ZyUyMiUyMGFsdCUzRCUyMmN1bG9hcmUlMjByYWw4MDA0JTIyJTNFJTNDcCUzRVJBTCUyMDgwMDQlM0MlMkZwJTNFJTNDJTJGZGl2JTNFJTBBJTNDZGl2JTIwY2xhc3MlM0QlMjJjb2wtbWQtMTB0aCUyMiUzRSUzQ2ltZyUyMHNyYyUzRCUyMiUyRndwLWNvbnRlbnQlMkZ1cGxvYWRzJTJGMjAxOCUyRnN2ZyUyRnJhbDgwMTcuc3ZnJTIyJTIwYWx0JTNEJTIyY3Vsb2FyZSUyMHJhbDgwMTclMjIlM0UlM0NwJTNFUkFMJTIwODAxNyUzQyUyRnAlM0UlM0MlMkZkaXYlM0UlMEElM0NkaXYlMjBjbGFzcyUzRCUyMmNvbC1tZC0xMHRoJTIyJTNFJTNDaW1nJTIwc3JjJTNEJTIyJTJGd3AtY29udGVudCUyRnVwbG9hZHMlMkYyMDE4JTJGc3ZnJTJGcmFsODAxOS5zdmclMjIlMjBhbHQlM0QlMjJjdWxvYXJlJTIwcmFsODAxOSUyMiUzRSUzQ3AlM0VSQUwlMjA4MDE5JTNDJTJGcCUzRSUzQyUyRmRpdiUzRSUwQSUzQ2RpdiUyMGNsYXNzJTNEJTIyY29sLW1kLTEwdGglMjIlM0UlM0NpbWclMjBzcmMlM0QlMjIlMkZ3cC1jb250ZW50JTJGdXBsb2FkcyUyRjIwMTglMkZzdmclMkZyYWw5MDAyLnN2ZyUyMiUyMGFsdCUzRCUyMmN1bG9hcmUlMjByYWw5MDAyJTIyJTNFJTNDcCUzRVJBTCUyMDkwMDIlM0MlMkZwJTNFJTNDJTJGZGl2JTNFJTBBJTNDZGl2JTIwY2xhc3MlM0QlMjJjb2wtbWQtMTB0aCUyMiUzRSUzQ2ltZyUyMHNyYyUzRCUyMiUyRndwLWNvbnRlbnQlMkZ1cGxvYWRzJTJGMjAxOCUyRnN2ZyUyRnJhbDkwMDUuc3ZnJTIyJTIwYWx0JTNEJTIyY3Vsb2FyZSUyMHJhbDkwMDUlMjIlM0UlM0NwJTNFUkFMJTIwOTAwNSUzQyUyRnAlM0UlM0MlMkZkaXYlM0UlMEElM0NkaXYlMjBjbGFzcyUzRCUyMmNvbC1tZC0xMHRoJTIyJTNFJTNDaW1nJTIwc3JjJTNEJTIyJTJGd3AtY29udGVudCUyRnVwbG9hZHMlMkYyMDE4JTJGc3ZnJTJGcmFsOTAwNi5zdmclMjIlMjBhbHQlM0QlMjJjdWxvYXJlJTIwcmFsOTAwNiUyMiUzRSUzQ3AlM0VSQUwlMjA5MDA2JTNDJTJGcCUzRSUzQyUyRmRpdiUzRSUwQSUzQyUyRmRpdiUzRSUzQyUyRmRpdiUzRQ==[\/vc_raw_html][vc_raw_html el_class=&#8220;border-padding-top&#8220;]JTNDZGl2JTIwY2xhc3MlM0QlMjJjb250YWluZXIlMjBub3BhZGRpbmclMjIlM0UlM0NkaXYlMjBjbGFzcyUzRCUyMnJvdyUyMiUzRSUwQSUzQ2RpdiUyMGNsYXNzJTNEJTIyY29sLWxnLTEyJTIyJTNFJTNDcCUyMGNsYXNzJTNEJTIyYm9sZC10ZXh0JTIwc2VtaS10aXRsZSUyMiUzRVRlY2huaXNjaGUlMjBEZXRhaWxzJTNDJTJGcCUzRSUzQyUyRmRpdiUzRSUwQSUzQyUyRmRpdiUzRSUzQyUyRmRpdiUzRQ==[\/vc_raw_html][vc_row_inner el_class=&#8220;half-padding&#8220;][vc_column_inner width=&#8220;1\/3&#8243;][vc_column_text]<\/p>\n<p class=\"bold-text grey-text\">Material<\/p>\n<p>[\/vc_column_text][\/vc_column_inner][vc_column_inner width=&#8220;2\/3&#8243;][vc_column_text]Stahlblech, beidseitig verzinkt, mit Polyester gesch\u00fctzt[\/vc_column_text][\/vc_column_inner][\/vc_row_inner][vc_row_inner el_class=&#8220;half-padding&#8220;][vc_column_inner width=&#8220;1\/3&#8243;][vc_column_text]<\/p>\n<p class=\"bold-text grey-text\">Nenndicke<\/p>\n<p>[\/vc_column_text][\/vc_column_inner][vc_column_inner width=&#8220;2\/3&#8243;][vc_column_text]0,4 &#8211; 0,5 mm[\/vc_column_text][\/vc_column_inner][\/vc_row_inner][vc_row_inner el_class=&#8220;half-padding&#8220;][vc_column_inner width=&#8220;1\/3&#8243;][vc_column_text]<\/p>\n<p class=\"bold-text grey-text\">Oberfl\u00e4chengewicht<\/p>\n<p>[\/vc_column_text][\/vc_column_inner][vc_column_inner width=&#8220;2\/3&#8243;][vc_column_text]4,5 kg \/ mp[\/vc_column_text][\/vc_column_inner][\/vc_row_inner][vc_row_inner el_class=&#8220;half-padding&#8220;][vc_column_inner width=&#8220;1\/3&#8243;][vc_column_text]<\/p>\n<p class=\"bold-text grey-text\">Garantie der gl\u00e4nzende Oberfl\u00e4che<\/p>\n<p>[\/vc_column_text][\/vc_column_inner][vc_column_inner width=&#8220;2\/3&#8243;][vc_column_text]10 Jahre Garantie auf Farb- und Korrosionseigenschaften[\/vc_column_text][\/vc_column_inner][\/vc_row_inner][vc_row_inner el_class=&#8220;half-padding&#8220;][vc_column_inner width=&#8220;1\/3&#8243;][vc_column_text]<\/p>\n<p class=\"bold-text grey-text\">Garantie f\u00fcr matte Verdelung<\/p>\n<p>[\/vc_column_text][\/vc_column_inner][vc_column_inner width=&#8220;2\/3&#8243;][vc_column_text]15 Jahre Garantie auf Farb- und Korrosionseigenschaften[\/vc_column_text][\/vc_column_inner][\/vc_row_inner][vc_row_inner el_class=&#8220;half-padding&#8220;][vc_column_inner width=&#8220;1\/3&#8243;][vc_column_text]<\/p>\n<p class=\"bold-text grey-text\">Garantie f\u00fcr Quartz-Veredelung<\/p>\n<p>[\/vc_column_text][\/vc_column_inner][vc_column_inner width=&#8220;2\/3&#8243;][vc_column_text]35 Jahre Garantie auf Farb- und Korrosionseigenschaften[\/vc_column_text][\/vc_column_inner][\/vc_row_inner][vc_row_inner el_class=&#8220;margin-bottom&#8220;][vc_column_inner width=&#8220;1\/3&#8243;][vc_column_text]<\/p>\n<p class=\"bold-text grey-text\">Lebensdauer<\/p>\n<p>[\/vc_column_text][\/vc_column_inner][vc_column_inner width=&#8220;2\/3&#8243;][vc_column_text]50-60 Jahre[\/vc_column_text][\/vc_column_inner][\/vc_row_inner][vc_raw_html el_class=&#8220;margin-top-bottom border-padding-top nodisplay&#8220;]JTNDZGl2JTIwY2xhc3MlM0QlMjJjb250YWluZXIlMjBub3BhZGRpbmclMjIlM0UlM0NkaXYlMjBjbGFzcyUzRCUyMnJvdyUyMiUzRSUwQSUzQ2RpdiUyMGNsYXNzJTNEJTIyY29sLWxnLTEyJTIyJTNFJTNDcCUyMGNsYXNzJTNEJTIyYm9sZC10ZXh0JTIwc2VtaS10aXRsZSUyMiUzRUZpc2ElMjB0ZWhuaWNhJTNDJTJGcCUzRSUzQyUyRmRpdiUzRSUwQSUzQ2RpdiUyMGNsYXNzJTNEJTIyY29sLW1kLTEwdGglMjIlM0UlM0NhJTIwaHJlZiUzRCUyMiUyMyUyMiUzRSUzQ2ltZyUyMHNyYyUzRCUyMiUyRndwLWNvbnRlbnQlMkZ1cGxvYWRzJTJGMjAxNyUyRnN2ZyUyRmZpc2EtdGVobmljYS1pY29uLnN2ZyUyMiUyMGFsdCUzRCUyMmZpc2ElMjB0ZWhuaWNhJTIwaWNvbiUyMiUzRSUzQyUyRmElM0UlM0MlMkZkaXYlM0UlMEElM0NkaXYlMjBjbGFzcyUzRCUyMmNvbC1tZC0xMHRoJTIyJTNFJTNDJTJGZGl2JTNFJTBBJTNDZGl2JTIwY2xhc3MlM0QlMjJjb2wtbWQtMTB0aCUyMiUzRSUzQyUyRmRpdiUzRSUwQSUzQ2RpdiUyMGNsYXNzJTNEJTIyY29sLW1kLTEwdGglMjIlM0UlM0MlMkZkaXYlM0UlMEElM0NkaXYlMjBjbGFzcyUzRCUyMmNvbC1tZC0xMHRoJTIyJTNFJTNDJTJGZGl2JTNFJTBBJTNDZGl2JTIwY2xhc3MlM0QlMjJjb2wtbWQtMTB0aCUyMiUzRSUzQyUyRmRpdiUzRSUwQSUzQ2RpdiUyMGNsYXNzJTNEJTIyY29sLW1kLTEwdGglMjIlM0UlM0MlMkZkaXYlM0UlMEElM0NkaXYlMjBjbGFzcyUzRCUyMmNvbC1tZC0xMHRoJTIyJTNFJTNDJTJGZGl2JTNFJTBBJTNDZGl2JTIwY2xhc3MlM0QlMjJjb2wtbWQtMTB0aCUyMiUzRSUzQyUyRmRpdiUzRSUwQSUzQ2RpdiUyMGNsYXNzJTNEJTIyY29sLW1kLTEwdGglMjIlM0UlM0MlMkZkaXYlM0UlMEElM0MlMkZkaXYlM0UlM0MlMkZkaXYlM0U=[\/vc_raw_html][\/vc_column][\/vc_row]<\/p>\n","protected":false},"excerpt":{"rendered":"<p>[vc_row full_width=&#8220;stretch_row&#8220; css=&#8220;.vc_custom_1496069179242{background-image: url(https:\/\/www.bruntek.ro\/wp-content\/uploads\/2017\/05\/header-accesorii-de-inchidere.jpg?id=569) !important;background-position: center !important;background-repeat: no-repeat !important;background-size: cover !important;}&#8220; el_class=&#8220;page-head container-flex-items&#8220;][vc_column offset=&#8220;vc_col-lg-12 vc_col-md-12 vc_col-xs-12&#8243;][vc_column_text] Verschlusszubeh\u00f6r [\/vc_column_text][\/vc_column][\/vc_row][vc_row el_class=&#8220;margin-top&#8220;][vc_column][vc_column_text] Details Das Verschlusszubeh\u00f6r besteht aus vorlackierten oder verzinkten Blechen mit einer Dicke von mindestens 0,45 mm und einer L\u00e4nge von bis zu 6000 mm. Das Verschlusszubeh\u00f6r hilft dabei, Oberfl\u00e4chen herzustellen, die den Unterschied ausmachen. Anwendbarkeit Bruntek [&#8230;]<\/p>\n<p><a class=\"btn btn-secondary understrap-read-more-link\" href=\"https:\/\/www.bruntek.ro\/de\/verschlusszubehor\/\">Weiterlesen&#8230;<\/a><\/p>\n","protected":false},"author":5,"featured_media":0,"parent":0,"menu_order":0,"comment_status":"closed","ping_status":"closed","template":"page-templates\/fullwidthpage.php","meta":{"footnotes":""},"class_list":["post-1034","page","type-page","status-publish","hentry"],"yoast_head":"<!-- This site is optimized with the Yoast SEO plugin v26.0 - https:\/\/yoast.com\/wordpress\/plugins\/seo\/ -->\n<title>Verschlusszubeh\u00f6r - Bruntek<\/title>\n<meta name=\"description\" content=\"Das Verschlusszubeh\u00f6r besteht aus vorlackierten oder verzinkten Blechen mit einer Dicke von mindestens 0,45 mm und einer L\u00e4nge von bis zu 6000 mm. Das Verschlusszubeh\u00f6r hilft dabei, Oberfl\u00e4chen herzustellen, die den Unterschied ausmachen.\" \/>\n<meta name=\"robots\" content=\"index, follow, max-snippet:-1, max-image-preview:large, max-video-preview:-1\" \/>\n<link rel=\"canonical\" href=\"https:\/\/www.bruntek.ro\/de\/verschlusszubehor\/\" \/>\n<meta property=\"og:locale\" content=\"de_DE\" \/>\n<meta property=\"og:type\" content=\"article\" \/>\n<meta property=\"og:title\" content=\"Verschlusszubeh\u00f6r - Bruntek\" \/>\n<meta property=\"og:description\" content=\"Das Verschlusszubeh\u00f6r besteht aus vorlackierten oder verzinkten Blechen mit einer Dicke von mindestens 0,45 mm und einer L\u00e4nge von bis zu 6000 mm. Das Verschlusszubeh\u00f6r hilft dabei, Oberfl\u00e4chen herzustellen, die den Unterschied ausmachen.\" \/>\n<meta property=\"og:url\" content=\"https:\/\/www.bruntek.ro\/de\/verschlusszubehor\/\" \/>\n<meta property=\"og:site_name\" content=\"Bruntek - Produc\u0103tor de \u021aigl\u0103 metalic\u0103, Tabl\u0103 Cutat\u0103 \u0219i Accesorii pentru acoperi\u0219uri\" \/>\n<meta property=\"article:publisher\" content=\"https:\/\/www.facebook.com\/office.bruntek.ro\/\" \/>\n<meta property=\"article:modified_time\" content=\"2018-05-25T05:37:51+00:00\" \/>\n<meta name=\"twitter:card\" content=\"summary_large_image\" \/>\n<meta name=\"twitter:label1\" content=\"Gesch\u00e4tzte Lesezeit\" \/>\n\t<meta name=\"twitter:data1\" content=\"5\u00a0Minuten\" \/>\n<script type=\"application\/ld+json\" class=\"yoast-schema-graph\">{\"@context\":\"https:\/\/schema.org\",\"@graph\":[{\"@type\":\"WebPage\",\"@id\":\"https:\/\/www.bruntek.ro\/de\/verschlusszubehor\/\",\"url\":\"https:\/\/www.bruntek.ro\/de\/verschlusszubehor\/\",\"name\":\"Verschlusszubeh\u00f6r - Bruntek\",\"isPartOf\":{\"@id\":\"https:\/\/www.bruntek.ro\/#website\"},\"datePublished\":\"2017-05-18T13:04:51+00:00\",\"dateModified\":\"2018-05-25T05:37:51+00:00\",\"description\":\"Das Verschlusszubeh\u00f6r besteht aus vorlackierten oder verzinkten Blechen mit einer Dicke von mindestens 0,45 mm und einer L\u00e4nge von bis zu 6000 mm. Das Verschlusszubeh\u00f6r hilft dabei, Oberfl\u00e4chen herzustellen, die den Unterschied ausmachen.\",\"breadcrumb\":{\"@id\":\"https:\/\/www.bruntek.ro\/de\/verschlusszubehor\/#breadcrumb\"},\"inLanguage\":\"de-DE\",\"potentialAction\":[{\"@type\":\"ReadAction\",\"target\":[\"https:\/\/www.bruntek.ro\/de\/verschlusszubehor\/\"]}]},{\"@type\":\"BreadcrumbList\",\"@id\":\"https:\/\/www.bruntek.ro\/de\/verschlusszubehor\/#breadcrumb\",\"itemListElement\":[{\"@type\":\"ListItem\",\"position\":1,\"name\":\"Prima pagin\u0103\",\"item\":\"https:\/\/www.bruntek.ro\/de\/\"},{\"@type\":\"ListItem\",\"position\":2,\"name\":\"Verschlusszubeh\u00f6r\"}]},{\"@type\":\"WebSite\",\"@id\":\"https:\/\/www.bruntek.ro\/#website\",\"url\":\"https:\/\/www.bruntek.ro\/\",\"name\":\"Bruntek - Produc\u0103tor de \u021aigl\u0103 metalic\u0103, Tabl\u0103 Cutat\u0103 \u0219i Accesorii pentru acoperi\u0219uri\",\"description\":\"\",\"publisher\":{\"@id\":\"https:\/\/www.bruntek.ro\/#organization\"},\"potentialAction\":[{\"@type\":\"SearchAction\",\"target\":{\"@type\":\"EntryPoint\",\"urlTemplate\":\"https:\/\/www.bruntek.ro\/?s={search_term_string}\"},\"query-input\":{\"@type\":\"PropertyValueSpecification\",\"valueRequired\":true,\"valueName\":\"search_term_string\"}}],\"inLanguage\":\"de-DE\"},{\"@type\":\"Organization\",\"@id\":\"https:\/\/www.bruntek.ro\/#organization\",\"name\":\"Bruntek\",\"url\":\"https:\/\/www.bruntek.ro\/\",\"logo\":{\"@type\":\"ImageObject\",\"inLanguage\":\"de-DE\",\"@id\":\"https:\/\/www.bruntek.ro\/#\/schema\/logo\/image\/\",\"url\":\"https:\/\/i2.wp.com\/www.bruntek.ro\/wp-content\/uploads\/2017\/05\/bruntek-logo.png?fit=280%2C84&ssl=1\",\"contentUrl\":\"https:\/\/i2.wp.com\/www.bruntek.ro\/wp-content\/uploads\/2017\/05\/bruntek-logo.png?fit=280%2C84&ssl=1\",\"width\":280,\"height\":84,\"caption\":\"Bruntek\"},\"image\":{\"@id\":\"https:\/\/www.bruntek.ro\/#\/schema\/logo\/image\/\"},\"sameAs\":[\"https:\/\/www.facebook.com\/office.bruntek.ro\/\"]}]}<\/script>\n<!-- \/ Yoast SEO plugin. -->","yoast_head_json":{"title":"Verschlusszubeh\u00f6r - Bruntek","description":"Das Verschlusszubeh\u00f6r besteht aus vorlackierten oder verzinkten Blechen mit einer Dicke von mindestens 0,45 mm und einer L\u00e4nge von bis zu 6000 mm. Das Verschlusszubeh\u00f6r hilft dabei, Oberfl\u00e4chen herzustellen, die den Unterschied ausmachen.","robots":{"index":"index","follow":"follow","max-snippet":"max-snippet:-1","max-image-preview":"max-image-preview:large","max-video-preview":"max-video-preview:-1"},"canonical":"https:\/\/www.bruntek.ro\/de\/verschlusszubehor\/","og_locale":"de_DE","og_type":"article","og_title":"Verschlusszubeh\u00f6r - Bruntek","og_description":"Das Verschlusszubeh\u00f6r besteht aus vorlackierten oder verzinkten Blechen mit einer Dicke von mindestens 0,45 mm und einer L\u00e4nge von bis zu 6000 mm. Das Verschlusszubeh\u00f6r hilft dabei, Oberfl\u00e4chen herzustellen, die den Unterschied ausmachen.","og_url":"https:\/\/www.bruntek.ro\/de\/verschlusszubehor\/","og_site_name":"Bruntek - Produc\u0103tor de \u021aigl\u0103 metalic\u0103, Tabl\u0103 Cutat\u0103 \u0219i Accesorii pentru acoperi\u0219uri","article_publisher":"https:\/\/www.facebook.com\/office.bruntek.ro\/","article_modified_time":"2018-05-25T05:37:51+00:00","twitter_card":"summary_large_image","twitter_misc":{"Gesch\u00e4tzte Lesezeit":"5\u00a0Minuten"},"schema":{"@context":"https:\/\/schema.org","@graph":[{"@type":"WebPage","@id":"https:\/\/www.bruntek.ro\/de\/verschlusszubehor\/","url":"https:\/\/www.bruntek.ro\/de\/verschlusszubehor\/","name":"Verschlusszubeh\u00f6r - Bruntek","isPartOf":{"@id":"https:\/\/www.bruntek.ro\/#website"},"datePublished":"2017-05-18T13:04:51+00:00","dateModified":"2018-05-25T05:37:51+00:00","description":"Das Verschlusszubeh\u00f6r besteht aus vorlackierten oder verzinkten Blechen mit einer Dicke von mindestens 0,45 mm und einer L\u00e4nge von bis zu 6000 mm. Das Verschlusszubeh\u00f6r hilft dabei, Oberfl\u00e4chen herzustellen, die den Unterschied ausmachen.","breadcrumb":{"@id":"https:\/\/www.bruntek.ro\/de\/verschlusszubehor\/#breadcrumb"},"inLanguage":"de-DE","potentialAction":[{"@type":"ReadAction","target":["https:\/\/www.bruntek.ro\/de\/verschlusszubehor\/"]}]},{"@type":"BreadcrumbList","@id":"https:\/\/www.bruntek.ro\/de\/verschlusszubehor\/#breadcrumb","itemListElement":[{"@type":"ListItem","position":1,"name":"Prima pagin\u0103","item":"https:\/\/www.bruntek.ro\/de\/"},{"@type":"ListItem","position":2,"name":"Verschlusszubeh\u00f6r"}]},{"@type":"WebSite","@id":"https:\/\/www.bruntek.ro\/#website","url":"https:\/\/www.bruntek.ro\/","name":"Bruntek - Produc\u0103tor de \u021aigl\u0103 metalic\u0103, Tabl\u0103 Cutat\u0103 \u0219i Accesorii pentru acoperi\u0219uri","description":"","publisher":{"@id":"https:\/\/www.bruntek.ro\/#organization"},"potentialAction":[{"@type":"SearchAction","target":{"@type":"EntryPoint","urlTemplate":"https:\/\/www.bruntek.ro\/?s={search_term_string}"},"query-input":{"@type":"PropertyValueSpecification","valueRequired":true,"valueName":"search_term_string"}}],"inLanguage":"de-DE"},{"@type":"Organization","@id":"https:\/\/www.bruntek.ro\/#organization","name":"Bruntek","url":"https:\/\/www.bruntek.ro\/","logo":{"@type":"ImageObject","inLanguage":"de-DE","@id":"https:\/\/www.bruntek.ro\/#\/schema\/logo\/image\/","url":"https:\/\/i2.wp.com\/www.bruntek.ro\/wp-content\/uploads\/2017\/05\/bruntek-logo.png?fit=280%2C84&ssl=1","contentUrl":"https:\/\/i2.wp.com\/www.bruntek.ro\/wp-content\/uploads\/2017\/05\/bruntek-logo.png?fit=280%2C84&ssl=1","width":280,"height":84,"caption":"Bruntek"},"image":{"@id":"https:\/\/www.bruntek.ro\/#\/schema\/logo\/image\/"},"sameAs":["https:\/\/www.facebook.com\/office.bruntek.ro\/"]}]}},"jetpack_sharing_enabled":true,"_links":{"self":[{"href":"https:\/\/www.bruntek.ro\/de\/wp-json\/wp\/v2\/pages\/1034\/"}],"collection":[{"href":"https:\/\/www.bruntek.ro\/de\/wp-json\/wp\/v2\/pages\/"}],"about":[{"href":"https:\/\/www.bruntek.ro\/de\/wp-json\/wp\/v2\/types\/page\/"}],"author":[{"embeddable":true,"href":"https:\/\/www.bruntek.ro\/de\/wp-json\/wp\/v2\/users\/5\/"}],"replies":[{"embeddable":true,"href":"https:\/\/www.bruntek.ro\/de\/wp-json\/wp\/v2\/comments\/?post=1034"}],"version-history":[{"count":3,"href":"https:\/\/www.bruntek.ro\/de\/wp-json\/wp\/v2\/pages\/1034\/revisions\/"}],"predecessor-version":[{"id":1079,"href":"https:\/\/www.bruntek.ro\/de\/wp-json\/wp\/v2\/pages\/1034\/revisions\/1079\/"}],"wp:attachment":[{"href":"https:\/\/www.bruntek.ro\/de\/wp-json\/wp\/v2\/media\/?parent=1034"}],"curies":[{"name":"wp","href":"https:\/\/api.w.org\/{rel}","templated":true}]}}