{"id":1014,"date":"2017-05-12T11:17:49","date_gmt":"2017-05-12T11:17:49","guid":{"rendered":"https:\/\/www.bruntek.ro\/tabla-cutata\/"},"modified":"2018-05-25T08:35:48","modified_gmt":"2018-05-25T05:35:48","slug":"trapezblech","status":"publish","type":"page","link":"https:\/\/www.bruntek.ro\/de\/trapezblech\/","title":{"rendered":"Trapezblech"},"content":{"rendered":"<p>[vc_row full_width=&#8220;stretch_row&#8220; css=&#8220;.vc_custom_1496065187566{background-image: url(https:\/\/www.bruntek.ro\/wp-content\/uploads\/2017\/05\/header-tabla-cutata.jpg?id=555) !important;background-position: center !important;background-repeat: no-repeat !important;background-size: cover !important;}&#8220; el_class=&#8220;page-head container-flex-items&#8220;][vc_column offset=&#8220;vc_col-lg-12 vc_col-md-12 vc_col-xs-12&#8243;][vc_column_text]<\/p>\n<h1 class=\"page-head-text\">Trapezblech<\/h1>\n<p>[\/vc_column_text][\/vc_column][\/vc_row][vc_row full_width=&#8220;stretch_row&#8220; el_class=&#8220;margin-top&#8220;][vc_column offset=&#8220;vc_col-lg-6 vc_col-md-6 vc_col-xs-12&#8243; el_class=&#8220;margin-bottom&#8220;][vc_column_text]Das Trapezblech, ein profiliertes Stahlblech, das mit Zinkbeschichtungen (von 225 g \/ m\u00b2 bis 275 g \/ m\u00b2) oder mit Aluminium bedeckt wird, ist eines der beliebtesten Profile, das in der Bauindustrie und in weiteren Bereichen verwendet wird.[\/vc_column_text][\/vc_column][vc_column offset=&#8220;vc_col-lg-6 vc_col-md-6 vc_col-xs-12&#8243; el_class=&#8220;margin-bottom&#8220;][vc_single_image image=&#8220;374&#8243; img_size=&#8220;full&#8220; alignment=&#8220;right&#8220; css=&#8220;.vc_custom_1518876142171{padding-right: 20px !important;}&#8220;][vc_column_text]<\/p>\n<h3 class=\"bold-text semi-title profilare-info\">Profilieren bis 8000mm<\/h3>\n<p>[\/vc_column_text][\/vc_column][\/vc_row][vc_row full_width=&#8220;stretch_row&#8220; el_class=&#8220;margin-bottom&#8220;][vc_column][vc_column_text]<\/p>\n<p class=\"bold-text semi-title\"><strong>Anwendbarkeit<\/strong><\/p>\n<p>Das Trapezblech kann sowohl in b\u00fcrgerlichen, als auch in industriellen Geb\u00e4uden eingesetzt werden. Es kann f\u00fcr die Innen- und Au\u00dfendekoration von W\u00e4nden in Sonderkonstruktionen, Z\u00e4unen oder D\u00e4chern, K\u00fchlr\u00e4umen, Holztrocknern, L\u00e4rmschutzw\u00e4nden auf Autobahnen verwendet werden.<br \/>\nMit einem geringen Gewicht, hoher Festigkeit und den Eigenschaften einer Feuer- und Feuchtigkeitsbest\u00e4ndigkeit kann der Anwendungsbereich des Trapezblechs erweitert werden anhand der Kundenanforderungen.<\/p>\n<p class=\"bold-text semi-title\"><strong>Vorteile der Verwendung des Trapezblechs<\/strong><\/p>\n<ul class=\"origami-bullets\">\n<li>Nachhaltigkeit &#8211; die Bedachung aus diesem Blechprofil ist bekannt daf\u00fcr, dass sie lange h\u00e4lt, was f\u00fcr jeden Kunden eine gute Investition ist. Die Senkung der Wartungskosten sorgt f\u00fcr langfristige Zufriedenheit.<\/li>\n<li>Aufgrund der Rippenprofilierung und der Entw\u00e4sserungskan\u00e4le hat diese Art von Profilblechen wichtige Vorteile, wie eine erh\u00f6hte Steifigkeit und eine ausgezeichnete Entw\u00e4sserungskapazit\u00e4t<\/li>\n<li>Einfacher Einbau &#8211; der Einbau des Trapezblechs auf jeder Art von Dach ist sehr einfach. Dies erfordert keine H\u00e4rtungsaktivit\u00e4t, es erfordert nur die Durchf\u00fchrung des Auftragens und Positionierens der Kuppel und das Holzschrauben<\/li>\n<li>Sein scharfkantiger Aspekt macht es zu einer immer attraktiveren Wahl. Seine Bearbeitung, um die spezifischen Anforderungen der Beg\u00fcnstigten zu erf\u00fcllen, bietet die M\u00f6glichkeit, eine breite Palette von Produkten zu entwickeln<\/li>\n<li>Die Geometrie des Profils erlaubt es, die Plakatw\u00e4nde bis zu einer L\u00e4nge von 8000 mm zu profilieren<\/li>\n<\/ul>\n<p>[\/vc_column_text][\/vc_column][\/vc_row][vc_row el_class=&#8220;border-container&#8220;][vc_column][vc_raw_html el_class=&#8220;margin-bottom&#8220;]JTNDZGl2JTIwY2xhc3MlM0QlMjJjb250YWluZXIlMjBub3BhZGRpbmclMjIlM0UlM0NkaXYlMjBjbGFzcyUzRCUyMnJvdyUyMiUzRSUwQSUzQ2RpdiUyMGNsYXNzJTNEJTIyY29sLWxnLTEyJTIyJTNFJTNDcCUyMGNsYXNzJTNEJTIyYm9sZC10ZXh0JTIwc2VtaS10aXRsZSUyMiUzRVZlcmYlQzMlQkNnYmFyZSUyMFByb2ZpbGUlM0MlMkZwJTNFJTNDJTJGZGl2JTNFJTBBJTNDZGl2JTIwY2xhc3MlM0QlMjJjb2wtbWQtMTB0aCUyMiUzRSUzQ2ltZyUyMHNyYyUzRCUyMiUyRndwLWNvbnRlbnQlMkZ1cGxvYWRzJTJGMjAxNyUyRnN2ZyUyRnByb2ZpbC10MTguc3ZnJTIyJTIwYWx0JTNEJTIycHJvZmlsJTIwdDE4JTIwdGFibGElMjBjdXRhdGElMjIlM0UlM0MlMkZkaXYlM0UlMEElM0NkaXYlMjBjbGFzcyUzRCUyMmNvbC1tZC0xMHRoJTIyJTNFJTNDJTJGZGl2JTNFJTBBJTNDZGl2JTIwY2xhc3MlM0QlMjJjb2wtbWQtMTB0aCUyMiUzRSUzQyUyRmRpdiUzRSUwQSUzQ2RpdiUyMGNsYXNzJTNEJTIyY29sLW1kLTEwdGglMjIlM0UlM0MlMkZkaXYlM0UlMEElM0NkaXYlMjBjbGFzcyUzRCUyMmNvbC1tZC0xMHRoJTIyJTNFJTNDJTJGZGl2JTNFJTBBJTNDZGl2JTIwY2xhc3MlM0QlMjJjb2wtbWQtMTB0aCUyMiUzRSUzQyUyRmRpdiUzRSUwQSUzQ2RpdiUyMGNsYXNzJTNEJTIyY29sLW1kLTEwdGglMjIlM0UlM0MlMkZkaXYlM0UlMEElM0NkaXYlMjBjbGFzcyUzRCUyMmNvbC1tZC0xMHRoJTIyJTNFJTNDJTJGZGl2JTNFJTBBJTNDZGl2JTIwY2xhc3MlM0QlMjJjb2wtbWQtMTB0aCUyMiUzRSUzQyUyRmRpdiUzRSUwQSUzQ2RpdiUyMGNsYXNzJTNEJTIyY29sLW1kLTEwdGglMjIlM0UlM0MlMkZkaXYlM0UlMEElM0MlMkZkaXYlM0UlM0MlMkZkaXYlM0U=[\/vc_raw_html][vc_raw_html el_class=&#8220;margin-bottom border-padding-top&#8220;]JTNDZGl2JTIwY2xhc3MlM0QlMjJjb250YWluZXIlMjBub3BhZGRpbmclMjIlM0UlM0NkaXYlMjBjbGFzcyUzRCUyMnJvdyUyMiUzRSUwQSUzQ2RpdiUyMGNsYXNzJTNEJTIyY29sLWxnLTEyJTIyJTNFJTNDcCUyMGNsYXNzJTNEJTIyYm9sZC10ZXh0JTIwc2VtaS10aXRsZSUyMiUzRVRlY2huaXNjaGVzJTIwU2NoZW1hJTIwZGVzJTIwVDE4JTNDJTJGcCUzRSUzQyUyRmRpdiUzRSUwQSUzQ2RpdiUyMGNsYXNzJTNEJTIyY29sLWxnLTEyJTIyJTNFJTNDaW1nJTIwc3JjJTNEJTIyJTJGd3AtY29udGVudCUyRnVwbG9hZHMlMkYyMDE3JTJGMDUlMkZ0YWJsYS1jdXRhdGEtc2NoZW1hLXRlaG5pY2EucG5nJTIyJTIwYWx0JTNEJTIyc2NoZW1hJTIwdGVobmljYSUyMHQxOCUyMHRhYmxhJTIwY3V0YXRhJTIyJTNFJTNDJTJGZGl2JTNFJTBBJTNDJTJGZGl2JTNFJTNDJTJGZGl2JTNF[\/vc_raw_html][vc_raw_html el_class=&#8220;margin-bottom border-padding-top&#8220;]JTNDZGl2JTIwY2xhc3MlM0QlMjJjb250YWluZXIlMjBub3BhZGRpbmclMjIlM0UlM0NkaXYlMjBjbGFzcyUzRCUyMnJvdyUyMiUzRSUwQSUzQ2RpdiUyMGNsYXNzJTNEJTIyY29sLWxnLTEyJTIyJTNFJTNDcCUyMGNsYXNzJTNEJTIyYm9sZC10ZXh0JTIwc2VtaS10aXRsZSUyMiUzRVZlcmYlQzMlQkNnYmFyZSUyMEZhcmJlbiUzQyUyRnAlM0UlM0MlMkZkaXYlM0UlMEElM0NkaXYlMjBjbGFzcyUzRCUyMmNvbC1tZC0xMHRoJTIyJTNFJTNDaW1nJTIwc3JjJTNEJTIyJTJGd3AtY29udGVudCUyRnVwbG9hZHMlMkYyMDE4JTJGc3ZnJTJGcmFsMzAwNS5zdmclMjIlMjBhbHQlM0QlMjJjdWxvYXJlJTIwcmFsMzAwNSUyMiUzRSUzQ3AlM0VSQUwlMjAzMDA1JTNDJTJGcCUzRSUzQyUyRmRpdiUzRSUwQSUzQ2RpdiUyMGNsYXNzJTNEJTIyY29sLW1kLTEwdGglMjIlM0UlM0NpbWclMjBzcmMlM0QlMjIlMkZ3cC1jb250ZW50JTJGdXBsb2FkcyUyRjIwMTglMkZzdmclMkZyYWwzMDA5LnN2ZyUyMiUyMGFsdCUzRCUyMmN1bG9hcmUlMjByYWwzMDA5JTIyJTNFJTNDcCUzRVJBTCUyMDMwMDklM0MlMkZwJTNFJTNDJTJGZGl2JTNFJTBBJTNDZGl2JTIwY2xhc3MlM0QlMjJjb2wtbWQtMTB0aCUyMiUzRSUzQ2ltZyUyMHNyYyUzRCUyMiUyRndwLWNvbnRlbnQlMkZ1cGxvYWRzJTJGMjAxOCUyRnN2ZyUyRnJhbDMwMTEuc3ZnJTIyJTIwYWx0JTNEJTIyY3Vsb2FyZSUyMHJhbDMwMTElMjIlM0UlM0NwJTNFUkFMJTIwMzAxMSUzQyUyRnAlM0UlM0MlMkZkaXYlM0UlMEElM0NkaXYlMjBjbGFzcyUzRCUyMmNvbC1tZC0xMHRoJTIyJTNFJTNDaW1nJTIwc3JjJTNEJTIyJTJGd3AtY29udGVudCUyRnVwbG9hZHMlMkYyMDE4JTJGc3ZnJTJGcmFsNTAxMC5zdmclMjIlMjBhbHQlM0QlMjJjdWxvYXJlJTIwcmFsNTAxMCUyMiUzRSUzQ3AlM0VSQUwlMjA1MDEwJTNDJTJGcCUzRSUzQyUyRmRpdiUzRSUwQSUzQ2RpdiUyMGNsYXNzJTNEJTIyY29sLW1kLTEwdGglMjIlM0UlM0NpbWclMjBzcmMlM0QlMjIlMkZ3cC1jb250ZW50JTJGdXBsb2FkcyUyRjIwMTglMkZzdmclMkZyYWw2MDA1LnN2ZyUyMiUyMGFsdCUzRCUyMmN1bG9hcmUlMjByYWw2MDA1JTIyJTNFJTNDcCUzRVJBTCUyMDYwMDUlM0MlMkZwJTNFJTNDJTJGZGl2JTNFJTBBJTNDZGl2JTIwY2xhc3MlM0QlMjJjb2wtbWQtMTB0aCUyMiUzRSUzQ2ltZyUyMHNyYyUzRCUyMiUyRndwLWNvbnRlbnQlMkZ1cGxvYWRzJTJGMjAxOCUyRnN2ZyUyRnJhbDYwMjAuc3ZnJTIyJTIwYWx0JTNEJTIyY3Vsb2FyZSUyMHJhbDYwMjAlMjIlM0UlM0NwJTNFUkFMJTIwNjAyMCUzQyUyRnAlM0UlM0MlMkZkaXYlM0UlMEElM0NkaXYlMjBjbGFzcyUzRCUyMmNvbC1tZC0xMHRoJTIyJTNFJTNDaW1nJTIwc3JjJTNEJTIyJTJGd3AtY29udGVudCUyRnVwbG9hZHMlMkYyMDE4JTJGc3ZnJTJGcmFsNzAyNC5zdmclMjIlMjBhbHQlM0QlMjJjdWxvYXJlJTIwcmFsNzAyNCUyMiUzRSUzQ3AlM0VSQUwlMjA3MDI0JTNDJTJGcCUzRSUzQyUyRmRpdiUzRSUwQSUzQ2RpdiUyMGNsYXNzJTNEJTIyY29sLW1kLTEwdGglMjIlM0UlM0NpbWclMjBzcmMlM0QlMjIlMkZ3cC1jb250ZW50JTJGdXBsb2FkcyUyRjIwMTglMkZzdmclMkZyYWw4MDA0LnN2ZyUyMiUyMGFsdCUzRCUyMmN1bG9hcmUlMjByYWw4MDA0JTIyJTNFJTNDcCUzRVJBTCUyMDgwMDQlM0MlMkZwJTNFJTNDJTJGZGl2JTNFJTBBJTNDZGl2JTIwY2xhc3MlM0QlMjJjb2wtbWQtMTB0aCUyMiUzRSUzQ2ltZyUyMHNyYyUzRCUyMiUyRndwLWNvbnRlbnQlMkZ1cGxvYWRzJTJGMjAxOCUyRnN2ZyUyRnJhbDgwMTcuc3ZnJTIyJTIwYWx0JTNEJTIyY3Vsb2FyZSUyMHJhbDgwMTclMjIlM0UlM0NwJTNFUkFMJTIwODAxNyUzQyUyRnAlM0UlM0MlMkZkaXYlM0UlMEElM0NkaXYlMjBjbGFzcyUzRCUyMmNvbC1tZC0xMHRoJTIyJTNFJTNDaW1nJTIwc3JjJTNEJTIyJTJGd3AtY29udGVudCUyRnVwbG9hZHMlMkYyMDE4JTJGc3ZnJTJGcmFsODAxOS5zdmclMjIlMjBhbHQlM0QlMjJjdWxvYXJlJTIwcmFsODAxOSUyMiUzRSUzQ3AlM0VSQUwlMjA4MDE5JTNDJTJGcCUzRSUzQyUyRmRpdiUzRSUwQSUzQ2RpdiUyMGNsYXNzJTNEJTIyY29sLW1kLTEwdGglMjIlM0UlM0NpbWclMjBzcmMlM0QlMjIlMkZ3cC1jb250ZW50JTJGdXBsb2FkcyUyRjIwMTglMkZzdmclMkZyYWw5MDAyLnN2ZyUyMiUyMGFsdCUzRCUyMmN1bG9hcmUlMjByYWw5MDAyJTIyJTNFJTNDcCUzRVJBTCUyMDkwMDIlM0MlMkZwJTNFJTNDJTJGZGl2JTNFJTBBJTNDZGl2JTIwY2xhc3MlM0QlMjJjb2wtbWQtMTB0aCUyMiUzRSUzQ2ltZyUyMHNyYyUzRCUyMiUyRndwLWNvbnRlbnQlMkZ1cGxvYWRzJTJGMjAxOCUyRnN2ZyUyRnJhbDkwMDUuc3ZnJTIyJTIwYWx0JTNEJTIyY3Vsb2FyZSUyMHJhbDkwMDUlMjIlM0UlM0NwJTNFUkFMJTIwOTAwNSUzQyUyRnAlM0UlM0MlMkZkaXYlM0UlMEElM0NkaXYlMjBjbGFzcyUzRCUyMmNvbC1tZC0xMHRoJTIyJTNFJTNDaW1nJTIwc3JjJTNEJTIyJTJGd3AtY29udGVudCUyRnVwbG9hZHMlMkYyMDE4JTJGc3ZnJTJGcmFsOTAwNi5zdmclMjIlMjBhbHQlM0QlMjJjdWxvYXJlJTIwcmFsOTAwNiUyMiUzRSUzQ3AlM0VSQUwlMjA5MDA2JTNDJTJGcCUzRSUzQyUyRmRpdiUzRSUwQSUzQyUyRmRpdiUzRSUzQyUyRmRpdiUzRQ==[\/vc_raw_html][vc_raw_html el_class=&#8220;border-padding-top&#8220;]JTNDZGl2JTIwY2xhc3MlM0QlMjJjb250YWluZXIlMjBub3BhZGRpbmclMjIlM0UlM0NkaXYlMjBjbGFzcyUzRCUyMnJvdyUyMiUzRSUwQSUzQ2RpdiUyMGNsYXNzJTNEJTIyY29sLWxnLTEyJTIyJTNFJTNDcCUyMGNsYXNzJTNEJTIyYm9sZC10ZXh0JTIwc2VtaS10aXRsZSUyMiUzRVRlY2huaXNjaGUlMjBEZXRhaWxzJTNDJTJGcCUzRSUzQyUyRmRpdiUzRSUwQSUzQyUyRmRpdiUzRSUzQyUyRmRpdiUzRQ==[\/vc_raw_html][vc_row_inner el_class=&#8220;half-padding&#8220;][vc_column_inner width=&#8220;1\/3&#8243;][vc_column_text]<\/p>\n<p class=\"bold-text grey-text\">Material<\/p>\n<p>[\/vc_column_text][\/vc_column_inner][vc_column_inner width=&#8220;2\/3&#8243;][vc_column_text]Stahl- und Aluminiumblech, beidseitig verzinkt, mit Polyester gesch\u00fctzt[\/vc_column_text][\/vc_column_inner][\/vc_row_inner][vc_row_inner el_class=&#8220;half-padding&#8220;][vc_column_inner width=&#8220;1\/3&#8243;][vc_column_text]<\/p>\n<p class=\"bold-text grey-text\">Nenndicke<\/p>\n<p>[\/vc_column_text][\/vc_column_inner][vc_column_inner width=&#8220;2\/3&#8243;][vc_column_text]0,4 &#8211; 0,7 mm[\/vc_column_text][\/vc_column_inner][\/vc_row_inner][vc_row_inner el_class=&#8220;half-padding&#8220;][vc_column_inner width=&#8220;1\/3&#8243;][vc_column_text]<\/p>\n<p class=\"bold-text grey-text\">Gesamtbreite<\/p>\n<p>[\/vc_column_text][\/vc_column_inner][vc_column_inner width=&#8220;2\/3&#8243;][vc_column_text]1150 mm[\/vc_column_text][\/vc_column_inner][\/vc_row_inner][vc_row_inner el_class=&#8220;half-padding&#8220;][vc_column_inner width=&#8220;1\/3&#8243;][vc_column_text]<\/p>\n<p class=\"bold-text grey-text\">N\u00fctzliche \u00dcberdeckungsbreite<\/p>\n<p>[\/vc_column_text][\/vc_column_inner][vc_column_inner width=&#8220;2\/3&#8243;][vc_column_text]1100 mm[\/vc_column_text][\/vc_column_inner][\/vc_row_inner][vc_row_inner el_class=&#8220;half-padding&#8220;][vc_column_inner width=&#8220;1\/3&#8243;][vc_column_text]<\/p>\n<p class=\"bold-text grey-text\">Die H\u00f6he der Falte<\/p>\n<p>[\/vc_column_text][\/vc_column_inner][vc_column_inner width=&#8220;2\/3&#8243;][vc_column_text]18-20 mm[\/vc_column_text][\/vc_column_inner][\/vc_row_inner][vc_row_inner el_class=&#8220;half-padding&#8220;][vc_column_inner width=&#8220;1\/3&#8243;][vc_column_text]<\/p>\n<p class=\"bold-text grey-text\">Oberfl\u00e4chengewicht<\/p>\n<p>[\/vc_column_text][\/vc_column_inner][vc_column_inner width=&#8220;2\/3&#8243;][vc_column_text]2 &#8211; 7 kg \/ mp[\/vc_column_text][\/vc_column_inner][\/vc_row_inner][vc_row_inner el_class=&#8220;half-padding&#8220;][vc_column_inner width=&#8220;1\/3&#8243;][vc_column_text]<\/p>\n<p class=\"bold-text grey-text\">Garantie der gl\u00e4nzenden Oberfl\u00e4che<\/p>\n<p>[\/vc_column_text][\/vc_column_inner][vc_column_inner width=&#8220;2\/3&#8243;][vc_column_text]10 Jahre Garantie auf Farb- und Korrosionseigenschaften[\/vc_column_text][\/vc_column_inner][\/vc_row_inner][vc_row_inner el_class=&#8220;half-padding&#8220;][vc_column_inner width=&#8220;1\/3&#8243;][vc_column_text]<\/p>\n<p class=\"bold-text grey-text\">Garantie f\u00fcr matte Verdelung<\/p>\n<p>[\/vc_column_text][\/vc_column_inner][vc_column_inner width=&#8220;2\/3&#8243;][vc_column_text]15 Jahre Garantie auf Farb- und Korrosionseigenschaften[\/vc_column_text][\/vc_column_inner][\/vc_row_inner][vc_row_inner el_class=&#8220;half-padding&#8220;][vc_column_inner width=&#8220;1\/3&#8243;][vc_column_text]<\/p>\n<p class=\"bold-text grey-text\">Garantie f\u00fcr Quartz-Veredelung<\/p>\n<p>[\/vc_column_text][\/vc_column_inner][vc_column_inner width=&#8220;2\/3&#8243;][vc_column_text]35 Jahre Garantie auf Farb- und Korrosionseigenschaften[\/vc_column_text][\/vc_column_inner][\/vc_row_inner][vc_row_inner el_class=&#8220;margin-bottom&#8220;][vc_column_inner width=&#8220;1\/3&#8243;][vc_column_text]<\/p>\n<p class=\"bold-text grey-text\">Lebensdauer<\/p>\n<p>[\/vc_column_text][\/vc_column_inner][vc_column_inner width=&#8220;2\/3&#8243;][vc_column_text]50-60 Jahre[\/vc_column_text][\/vc_column_inner][\/vc_row_inner][\/vc_column][\/vc_row][vc_row][vc_column][vc_raw_html]JTNDZGl2JTIwY2xhc3MlM0QlMjJjb250YWluZXIlMjBub3BhZGRpbmclMjIlM0UlM0NkaXYlMjBjbGFzcyUzRCUyMnJvdyUyMiUzRSUwQSUzQ2RpdiUyMGNsYXNzJTNEJTIyY29sLWxnLTEyJTIyJTNFJTNDcCUyMGNsYXNzJTNEJTIyYm9sZC10ZXh0JTIwc2VtaS10aXRsZSUyMiUzRURhcyUyMFJvaG1hdGVyaWFsJTIwd2lyZCUyMGdlbGllZmVydCUyMHZvbiUzQyUyRnAlM0UlM0MlMkZkaXYlM0UlMEElM0NkaXYlMjBjbGFzcyUzRCUyMmNvbC1tZC01JTIyJTNFJTBBJTNDZGl2JTIwY2xhc3MlM0QlMjJyb3clMjIlM0UlMEElM0NkaXYlMjBjbGFzcyUzRCUyMmNvbC1tZC02JTIyJTNFJTBBJTNDaW1nJTIwY2xhc3MlM0QlMjJpbWctcmVzcG9uc2l2ZSUyMiUyMHNyYyUzRCUyMiUyRndwLWNvbnRlbnQlMkZ1cGxvYWRzJTJGMjAxOCUyRmxvZ29zJTJGQXJjZWxvcm1pdHRhbC1sb2dvLmpwZyUyMiUyMGFsdCUzRCUyMkFyY2Vsb3JtaXR0YWwlMjIlM0UlMEElM0MlMkZkaXYlM0UlMEElM0NkaXYlMjBjbGFzcyUzRCUyMmNvbC1tZC02JTIyJTNFJTBBJTNDaW1nJTIwY2xhc3MlM0QlMjJpbWctcmVzcG9uc2l2ZSUyMiUyMHNyYyUzRCUyMiUyRndwLWNvbnRlbnQlMkZ1cGxvYWRzJTJGMjAxOCUyRmxvZ29zJTJGc3NhYl9sb2dvLmpwZyUyMiUyMGFsdCUzRCUyMlNTQUIlMjIlM0UlMEElM0MlMkZkaXYlM0UlMEElM0MlMkZkaXYlM0UlMEElM0MlMkZkaXYlM0UlMEElM0NkaXYlMjBjbGFzcyUzRCUyMmNvbC1tZC0yJTIyJTNFJTNDaW1nJTIwY2xhc3MlM0QlMjJpbWctcmVzcG9uc2l2ZSUyMiUyMHNyYyUzRCUyMiUyRndwLWNvbnRlbnQlMkZ1cGxvYWRzJTJGMjAxOCUyRmxvZ29zJTJGbWFlY2VnYWdsaWEuanBnJTIyJTIwYWx0JTNEJTIybWFlY2VnYWdsaWElMjIlM0UlM0MlMkZkaXYlM0UlMEElM0NkaXYlMjBjbGFzcyUzRCUyMmNvbC1tZC01JTIyJTNFJTBBJTNDZGl2JTIwY2xhc3MlM0QlMjJyb3clMjIlM0UlMEElM0NkaXYlMjBjbGFzcyUzRCUyMmNvbC1tZC02JTIyJTNFJTBBJTNDaW1nJTIwY2xhc3MlM0QlMjJpbWctcmVzcG9uc2l2ZSUyMiUyMHNyYyUzRCUyMiUyRndwLWNvbnRlbnQlMkZ1cGxvYWRzJTJGMjAxOCUyRmxvZ29zJTJGaW1hZ2UwMDIucG5nJTIyJTIwYWx0JTNEJTIydm9lc3RwbGFuZSUyMiUzRSUwQSUzQyUyRmRpdiUzRSUwQSUzQ2RpdiUyMGNsYXNzJTNEJTIyY29sLW1kLTYlMjIlM0UlMEElM0NpbWclMjBjbGFzcyUzRCUyMmltZy1yZXNwb25zaXZlJTIyJTIwc3JjJTNEJTIyJTJGd3AtY29udGVudCUyRnVwbG9hZHMlMkYyMDE4JTJGbG9nb3MlMkZjb2xvZmVyLmpwZyUyMiUyMGFsdCUzRCUyMmNvbG9mZXIlMjIlM0UlMEElM0MlMkZkaXYlM0UlMEElM0MlMkZkaXYlM0UlMEElM0MlMkZkaXYlM0UlMEElM0MlMkZkaXYlM0UlM0MlMkZkaXYlM0U=[\/vc_raw_html][\/vc_column][\/vc_row]<\/p>\n","protected":false},"excerpt":{"rendered":"<p>[vc_row full_width=&#8220;stretch_row&#8220; css=&#8220;.vc_custom_1496065187566{background-image: url(https:\/\/www.bruntek.ro\/wp-content\/uploads\/2017\/05\/header-tabla-cutata.jpg?id=555) !important;background-position: center !important;background-repeat: no-repeat !important;background-size: cover !important;}&#8220; el_class=&#8220;page-head container-flex-items&#8220;][vc_column offset=&#8220;vc_col-lg-12 vc_col-md-12 vc_col-xs-12&#8243;][vc_column_text] Trapezblech [\/vc_column_text][\/vc_column][\/vc_row][vc_row full_width=&#8220;stretch_row&#8220; el_class=&#8220;margin-top&#8220;][vc_column offset=&#8220;vc_col-lg-6 vc_col-md-6 vc_col-xs-12&#8243; el_class=&#8220;margin-bottom&#8220;][vc_column_text]Das Trapezblech, ein profiliertes Stahlblech, das mit Zinkbeschichtungen (von 225 g \/ m\u00b2 bis 275 g \/ m\u00b2) oder mit Aluminium bedeckt wird, ist eines der beliebtesten Profile, das in der Bauindustrie [&#8230;]<\/p>\n<p><a class=\"btn btn-secondary understrap-read-more-link\" href=\"https:\/\/www.bruntek.ro\/de\/trapezblech\/\">Weiterlesen&#8230;<\/a><\/p>\n","protected":false},"author":5,"featured_media":0,"parent":0,"menu_order":0,"comment_status":"closed","ping_status":"closed","template":"page-templates\/fullwidthpage.php","meta":{"footnotes":""},"class_list":["post-1014","page","type-page","status-publish","hentry"],"yoast_head":"<!-- This site is optimized with the Yoast SEO plugin v26.0 - https:\/\/yoast.com\/wordpress\/plugins\/seo\/ -->\n<title>Trapezblech - Bruntek - Produc\u0103tor de \u021aigl\u0103 metalic\u0103, Tabl\u0103 Cutat\u0103 \u0219i Accesorii pentru acoperi\u0219uri<\/title>\n<meta name=\"description\" content=\"Das Trapezblech, ein profiliertes Stahlblech, das mit Zinkbeschichtungen (von 225 g \/ m\u00b2 bis 275 g \/ m\u00b2) oder mit Aluminium bedeckt wird, ist eines der beliebtesten Profile, das in der Bauindustrie und in weiteren Bereichen verwendet wird.\" \/>\n<meta name=\"robots\" content=\"index, follow, max-snippet:-1, max-image-preview:large, max-video-preview:-1\" \/>\n<link rel=\"canonical\" href=\"https:\/\/www.bruntek.ro\/de\/trapezblech\/\" \/>\n<meta property=\"og:locale\" content=\"de_DE\" \/>\n<meta property=\"og:type\" content=\"article\" \/>\n<meta property=\"og:title\" content=\"Trapezblech - Bruntek - Produc\u0103tor de \u021aigl\u0103 metalic\u0103, Tabl\u0103 Cutat\u0103 \u0219i Accesorii pentru acoperi\u0219uri\" \/>\n<meta property=\"og:description\" content=\"Das Trapezblech, ein profiliertes Stahlblech, das mit Zinkbeschichtungen (von 225 g \/ m\u00b2 bis 275 g \/ m\u00b2) oder mit Aluminium bedeckt wird, ist eines der beliebtesten Profile, das in der Bauindustrie und in weiteren Bereichen verwendet wird.\" \/>\n<meta property=\"og:url\" content=\"https:\/\/www.bruntek.ro\/de\/trapezblech\/\" \/>\n<meta property=\"og:site_name\" content=\"Bruntek - Produc\u0103tor de \u021aigl\u0103 metalic\u0103, Tabl\u0103 Cutat\u0103 \u0219i Accesorii pentru acoperi\u0219uri\" \/>\n<meta property=\"article:publisher\" content=\"https:\/\/www.facebook.com\/office.bruntek.ro\/\" \/>\n<meta property=\"article:modified_time\" content=\"2018-05-25T05:35:48+00:00\" \/>\n<meta name=\"twitter:card\" content=\"summary_large_image\" \/>\n<meta name=\"twitter:label1\" content=\"Gesch\u00e4tzte Lesezeit\" \/>\n\t<meta name=\"twitter:data1\" content=\"7\u00a0Minuten\" \/>\n<script type=\"application\/ld+json\" class=\"yoast-schema-graph\">{\"@context\":\"https:\/\/schema.org\",\"@graph\":[{\"@type\":\"WebPage\",\"@id\":\"https:\/\/www.bruntek.ro\/de\/trapezblech\/\",\"url\":\"https:\/\/www.bruntek.ro\/de\/trapezblech\/\",\"name\":\"Trapezblech - Bruntek - Produc\u0103tor de \u021aigl\u0103 metalic\u0103, Tabl\u0103 Cutat\u0103 \u0219i Accesorii pentru acoperi\u0219uri\",\"isPartOf\":{\"@id\":\"https:\/\/www.bruntek.ro\/#website\"},\"datePublished\":\"2017-05-12T11:17:49+00:00\",\"dateModified\":\"2018-05-25T05:35:48+00:00\",\"description\":\"Das Trapezblech, ein profiliertes Stahlblech, das mit Zinkbeschichtungen (von 225 g \/ m\u00b2 bis 275 g \/ m\u00b2) oder mit Aluminium bedeckt wird, ist eines der beliebtesten Profile, das in der Bauindustrie und in weiteren Bereichen verwendet wird.\",\"breadcrumb\":{\"@id\":\"https:\/\/www.bruntek.ro\/de\/trapezblech\/#breadcrumb\"},\"inLanguage\":\"de-DE\",\"potentialAction\":[{\"@type\":\"ReadAction\",\"target\":[\"https:\/\/www.bruntek.ro\/de\/trapezblech\/\"]}]},{\"@type\":\"BreadcrumbList\",\"@id\":\"https:\/\/www.bruntek.ro\/de\/trapezblech\/#breadcrumb\",\"itemListElement\":[{\"@type\":\"ListItem\",\"position\":1,\"name\":\"Prima pagin\u0103\",\"item\":\"https:\/\/www.bruntek.ro\/de\/\"},{\"@type\":\"ListItem\",\"position\":2,\"name\":\"Trapezblech\"}]},{\"@type\":\"WebSite\",\"@id\":\"https:\/\/www.bruntek.ro\/#website\",\"url\":\"https:\/\/www.bruntek.ro\/\",\"name\":\"Bruntek - Produc\u0103tor de \u021aigl\u0103 metalic\u0103, Tabl\u0103 Cutat\u0103 \u0219i Accesorii pentru acoperi\u0219uri\",\"description\":\"\",\"publisher\":{\"@id\":\"https:\/\/www.bruntek.ro\/#organization\"},\"potentialAction\":[{\"@type\":\"SearchAction\",\"target\":{\"@type\":\"EntryPoint\",\"urlTemplate\":\"https:\/\/www.bruntek.ro\/?s={search_term_string}\"},\"query-input\":{\"@type\":\"PropertyValueSpecification\",\"valueRequired\":true,\"valueName\":\"search_term_string\"}}],\"inLanguage\":\"de-DE\"},{\"@type\":\"Organization\",\"@id\":\"https:\/\/www.bruntek.ro\/#organization\",\"name\":\"Bruntek\",\"url\":\"https:\/\/www.bruntek.ro\/\",\"logo\":{\"@type\":\"ImageObject\",\"inLanguage\":\"de-DE\",\"@id\":\"https:\/\/www.bruntek.ro\/#\/schema\/logo\/image\/\",\"url\":\"https:\/\/i2.wp.com\/www.bruntek.ro\/wp-content\/uploads\/2017\/05\/bruntek-logo.png?fit=280%2C84&ssl=1\",\"contentUrl\":\"https:\/\/i2.wp.com\/www.bruntek.ro\/wp-content\/uploads\/2017\/05\/bruntek-logo.png?fit=280%2C84&ssl=1\",\"width\":280,\"height\":84,\"caption\":\"Bruntek\"},\"image\":{\"@id\":\"https:\/\/www.bruntek.ro\/#\/schema\/logo\/image\/\"},\"sameAs\":[\"https:\/\/www.facebook.com\/office.bruntek.ro\/\"]}]}<\/script>\n<!-- \/ Yoast SEO plugin. -->","yoast_head_json":{"title":"Trapezblech - Bruntek - Produc\u0103tor de \u021aigl\u0103 metalic\u0103, Tabl\u0103 Cutat\u0103 \u0219i Accesorii pentru acoperi\u0219uri","description":"Das Trapezblech, ein profiliertes Stahlblech, das mit Zinkbeschichtungen (von 225 g \/ m\u00b2 bis 275 g \/ m\u00b2) oder mit Aluminium bedeckt wird, ist eines der beliebtesten Profile, das in der Bauindustrie und in weiteren Bereichen verwendet wird.","robots":{"index":"index","follow":"follow","max-snippet":"max-snippet:-1","max-image-preview":"max-image-preview:large","max-video-preview":"max-video-preview:-1"},"canonical":"https:\/\/www.bruntek.ro\/de\/trapezblech\/","og_locale":"de_DE","og_type":"article","og_title":"Trapezblech - Bruntek - Produc\u0103tor de \u021aigl\u0103 metalic\u0103, Tabl\u0103 Cutat\u0103 \u0219i Accesorii pentru acoperi\u0219uri","og_description":"Das Trapezblech, ein profiliertes Stahlblech, das mit Zinkbeschichtungen (von 225 g \/ m\u00b2 bis 275 g \/ m\u00b2) oder mit Aluminium bedeckt wird, ist eines der beliebtesten Profile, das in der Bauindustrie und in weiteren Bereichen verwendet wird.","og_url":"https:\/\/www.bruntek.ro\/de\/trapezblech\/","og_site_name":"Bruntek - Produc\u0103tor de \u021aigl\u0103 metalic\u0103, Tabl\u0103 Cutat\u0103 \u0219i Accesorii pentru acoperi\u0219uri","article_publisher":"https:\/\/www.facebook.com\/office.bruntek.ro\/","article_modified_time":"2018-05-25T05:35:48+00:00","twitter_card":"summary_large_image","twitter_misc":{"Gesch\u00e4tzte Lesezeit":"7\u00a0Minuten"},"schema":{"@context":"https:\/\/schema.org","@graph":[{"@type":"WebPage","@id":"https:\/\/www.bruntek.ro\/de\/trapezblech\/","url":"https:\/\/www.bruntek.ro\/de\/trapezblech\/","name":"Trapezblech - Bruntek - Produc\u0103tor de \u021aigl\u0103 metalic\u0103, Tabl\u0103 Cutat\u0103 \u0219i Accesorii pentru acoperi\u0219uri","isPartOf":{"@id":"https:\/\/www.bruntek.ro\/#website"},"datePublished":"2017-05-12T11:17:49+00:00","dateModified":"2018-05-25T05:35:48+00:00","description":"Das Trapezblech, ein profiliertes Stahlblech, das mit Zinkbeschichtungen (von 225 g \/ m\u00b2 bis 275 g \/ m\u00b2) oder mit Aluminium bedeckt wird, ist eines der beliebtesten Profile, das in der Bauindustrie und in weiteren Bereichen verwendet wird.","breadcrumb":{"@id":"https:\/\/www.bruntek.ro\/de\/trapezblech\/#breadcrumb"},"inLanguage":"de-DE","potentialAction":[{"@type":"ReadAction","target":["https:\/\/www.bruntek.ro\/de\/trapezblech\/"]}]},{"@type":"BreadcrumbList","@id":"https:\/\/www.bruntek.ro\/de\/trapezblech\/#breadcrumb","itemListElement":[{"@type":"ListItem","position":1,"name":"Prima pagin\u0103","item":"https:\/\/www.bruntek.ro\/de\/"},{"@type":"ListItem","position":2,"name":"Trapezblech"}]},{"@type":"WebSite","@id":"https:\/\/www.bruntek.ro\/#website","url":"https:\/\/www.bruntek.ro\/","name":"Bruntek - Produc\u0103tor de \u021aigl\u0103 metalic\u0103, Tabl\u0103 Cutat\u0103 \u0219i Accesorii pentru acoperi\u0219uri","description":"","publisher":{"@id":"https:\/\/www.bruntek.ro\/#organization"},"potentialAction":[{"@type":"SearchAction","target":{"@type":"EntryPoint","urlTemplate":"https:\/\/www.bruntek.ro\/?s={search_term_string}"},"query-input":{"@type":"PropertyValueSpecification","valueRequired":true,"valueName":"search_term_string"}}],"inLanguage":"de-DE"},{"@type":"Organization","@id":"https:\/\/www.bruntek.ro\/#organization","name":"Bruntek","url":"https:\/\/www.bruntek.ro\/","logo":{"@type":"ImageObject","inLanguage":"de-DE","@id":"https:\/\/www.bruntek.ro\/#\/schema\/logo\/image\/","url":"https:\/\/i2.wp.com\/www.bruntek.ro\/wp-content\/uploads\/2017\/05\/bruntek-logo.png?fit=280%2C84&ssl=1","contentUrl":"https:\/\/i2.wp.com\/www.bruntek.ro\/wp-content\/uploads\/2017\/05\/bruntek-logo.png?fit=280%2C84&ssl=1","width":280,"height":84,"caption":"Bruntek"},"image":{"@id":"https:\/\/www.bruntek.ro\/#\/schema\/logo\/image\/"},"sameAs":["https:\/\/www.facebook.com\/office.bruntek.ro\/"]}]}},"jetpack_sharing_enabled":true,"_links":{"self":[{"href":"https:\/\/www.bruntek.ro\/de\/wp-json\/wp\/v2\/pages\/1014\/"}],"collection":[{"href":"https:\/\/www.bruntek.ro\/de\/wp-json\/wp\/v2\/pages\/"}],"about":[{"href":"https:\/\/www.bruntek.ro\/de\/wp-json\/wp\/v2\/types\/page\/"}],"author":[{"embeddable":true,"href":"https:\/\/www.bruntek.ro\/de\/wp-json\/wp\/v2\/users\/5\/"}],"replies":[{"embeddable":true,"href":"https:\/\/www.bruntek.ro\/de\/wp-json\/wp\/v2\/comments\/?post=1014"}],"version-history":[{"count":3,"href":"https:\/\/www.bruntek.ro\/de\/wp-json\/wp\/v2\/pages\/1014\/revisions\/"}],"predecessor-version":[{"id":1078,"href":"https:\/\/www.bruntek.ro\/de\/wp-json\/wp\/v2\/pages\/1014\/revisions\/1078\/"}],"wp:attachment":[{"href":"https:\/\/www.bruntek.ro\/de\/wp-json\/wp\/v2\/media\/?parent=1014"}],"curies":[{"name":"wp","href":"https:\/\/api.w.org\/{rel}","templated":true}]}}